{"id":67,"date":"2016-06-14T22:43:27","date_gmt":"2016-06-14T20:43:27","guid":{"rendered":"http:\/\/www.toulon-triathlon.com\/?page_id=67"},"modified":"2016-08-02T11:11:09","modified_gmt":"2016-08-02T09:11:09","slug":"30eme-triathlon-de-toulon-dimanche-22-mai-2016","status":"publish","type":"page","link":"https:\/\/www.toulon-triathlon.com\/index.php\/30eme-triathlon-de-toulon-dimanche-22-mai-2016\/","title":{"rendered":"30\u00e8me triathlon de TOULON &#8211; Dimanche 22 mai 2016"},"content":{"rendered":"<h1><\/h1>\n<h3>RESULTATS<\/h3>\n<p><a href=\"http:\/\/www.timingzone.com\/resultats-triathlon-toulon-2016\/\"><img decoding=\"async\" title=\"\" src=\"http:\/\/toulontri.free.fr\/org-tri\/logo-timing-zone.png\" alt=\"logo timing zone\" \/><\/a><\/p>\n<hr \/>\n<h3>PHOTOS<\/h3>\n<p><a href=\"http:\/\/www.tintinphoto.net\/ALBUMS\/VTT\/E29\/index\"><img decoding=\"async\" title=\"\" src=\"http:\/\/toulontri.free.fr\/org-tri\/logo-tintin.jpg\" alt=\"logo tintin\" \/><\/a><a href=\"https:\/\/vimeo.com\/165704055\"><img loading=\"lazy\" decoding=\"async\" class=\"aligncenter\" title=\"Teaser\" src=\"http:\/\/toulontri.free.fr\/0-docs\/mini-image-video.jpg\" alt=\"mini-image-video.jpg\" width=\"434\" height=\"244\" \/><\/a><\/p>\n<hr \/>\n<h3>TEASER<\/h3>\n<p>&nbsp;<\/p>\n<hr \/>\n<h3>INSCRIPTION<\/h3>\n<p>DEUX SOLUTIONS POUR S&rsquo;INSCRIRE:<\/p>\n<p>Rendez-vous sur le site \u00ab\u00a0www.timingzone.com\u00a0\u00bb pour une inscription en ligne<\/p>\n<p><a href=\"http:\/\/www.timingzone.com\/apps\/competitions-detail.php?id=228\"><img decoding=\"async\" title=\"\" src=\"http:\/\/toulontri.free.fr\/org-tri\/logo-timing-zone.png\" alt=\"logo timing zone\" \/><\/a><\/p>\n<p>Ou T\u00e9l\u00e9chargez le bulletin d&rsquo;inscription ci-dessous et exp\u00e9diez votre dossier par courrier.<\/p>\n<p><a href=\"http:\/\/toulontri.free.fr\/org-tri\/bulletin.pdf\"><img decoding=\"async\" title=\"\" src=\"http:\/\/toulontri.free.fr\/org-tri\/logo-bulletin.jpg\" alt=\"mini bulletin\" \/><\/a><\/p>\n<hr \/>\n<p><img decoding=\"async\" title=\"\" src=\"http:\/\/toulontri.free.fr\/org-tri\/affiche.jpg\" alt=\"affiche\" \/><\/p>\n<hr \/>\n<h3>ACC\u00c8S<\/h3>\n<p>TOUR ROYALE:<\/p>\n<p><iframe loading=\"lazy\" src=\"https:\/\/maps.google.fr\/maps?f=d&amp;source=s_d&amp;saddr=43.103768,5.926243&amp;daddr=&amp;hl=fr&amp;geocode=&amp;sll=43.102816,5.927441&amp;sspn=0.003329,0.004823&amp;mra=mift&amp;mrsp=0&amp;sz=18&amp;ie=UTF8&amp;t=m&amp;ll=43.102236,5.94017&amp;spn=0.125336,0.274315&amp;z=12&amp;output=embed\" width=\"800\" height=\"500\" frameborder=\"0\" marginwidth=\"0\" marginheight=\"0\" scrolling=\"no\"><\/iframe><\/p>\n<hr \/>\n<h3>H\u00c9BERGEMENT<\/h3>\n<p><a href=\"http:\/\/www.grandhoteldauphine.com\/\"><img decoding=\"async\" title=\"Grand H\u00f4tel Dauphin\u00e9\" src=\"http:\/\/toulontri.free.fr\/org-tri\/logo-ghd.jpg\" alt=\"logo\" \/><\/a><\/p>\n<p>Offre pr\u00e9f\u00e9rentielle \u00e0 tous les participants<\/p>\n<hr \/>\n<h3>PARCOURS<\/h3>\n<p><strong>NATATION: 800m<\/strong><br \/>\n2 boucles de 400m avec une australienne (20m \u00e0 parcourir sur la plage entre les deux tours).<\/p>\n<p><img decoding=\"async\" title=\"\" src=\"http:\/\/toulontri.free.fr\/org-tri\/parcours-nat-2016.jpg\" alt=\"parcours\" \/><\/p>\n<p><b>V\u00c9LO<\/b><strong>: 23km<\/strong><\/p>\n<p><img decoding=\"async\" title=\"\" src=\"http:\/\/toulontri.free.fr\/org-tri\/parcours-velo-2016.jpg\" alt=\"parcours\" \/><\/p>\n<p><strong>COURSE A PIEDS: 5km<\/strong><\/p>\n<p><img decoding=\"async\" title=\"\" src=\"http:\/\/toulontri.free.fr\/org-tri\/parcours-cap-2016.jpg\" alt=\"parcours\" \/><\/p>\n<hr \/>\n<h3>RESULTATS<\/h3>\n<p><img decoding=\"async\" title=\"\" src=\"http:\/\/toulontri.free.fr\/0-site\/zpdf.png\" alt=\"bouton-pdf\" \/><a href=\"http:\/\/toulontri.free.fr\/org-tri\/toulon-podiums.pdf\">Tous les podiums<\/a> &#8211; <img decoding=\"async\" title=\"\" src=\"http:\/\/toulontri.free.fr\/0-site\/zpdf.png\" alt=\"bouton-pdf\" \/><a href=\"http:\/\/toulontri.free.fr\/org-tri\/toulon-hall-of-fame.pdf\">Tableau d&rsquo;honneur<\/a><\/p>\n<p><img decoding=\"async\" title=\"\" src=\"http:\/\/toulontri.free.fr\/0-site\/zjpg.png\" alt=\"bouton-jpg\" \/><a href=\"http:\/\/toulontri.free.fr\/org-tri\/toulon-1987.jpg\">1987 <\/a><img decoding=\"async\" title=\"\" src=\"http:\/\/toulontri.free.fr\/0-site\/zjpg.png\" alt=\"bouton-jpg\" \/><a href=\"http:\/\/toulontri.free.fr\/org-tri\/toulon-1988.jpg\">1988 <\/a><img decoding=\"async\" title=\"\" src=\"http:\/\/toulontri.free.fr\/0-site\/zjpg.png\" alt=\"bouton-jpg\" \/><a href=\"http:\/\/toulontri.free.fr\/org-tri\/toulon-1989.jpg\">1989 <\/a><img decoding=\"async\" title=\"\" src=\"http:\/\/toulontri.free.fr\/0-site\/zjpg.png\" alt=\"bouton-jpg\" \/><a href=\"http:\/\/toulontri.free.fr\/org-tri\/toulon-1990.jpg\">1990 <\/a><img decoding=\"async\" title=\"\" src=\"http:\/\/toulontri.free.fr\/0-site\/zjpg.png\" alt=\"bouton-jpg\" \/><a href=\"http:\/\/toulontri.free.fr\/org-tri\/toulon-1991.jpg\">1991 <\/a><img decoding=\"async\" title=\"\" src=\"http:\/\/toulontri.free.fr\/0-site\/zjpg.png\" alt=\"bouton-jpg\" \/><a href=\"http:\/\/toulontri.free.fr\/org-tri\/toulon-1992.jpg\">1992 <\/a><img decoding=\"async\" title=\"\" src=\"http:\/\/toulontri.free.fr\/0-site\/zjpg.png\" alt=\"bouton-jpg\" \/><a href=\"http:\/\/toulontri.free.fr\/org-tri\/toulon-1993.jpg\">1993 <\/a><img decoding=\"async\" title=\"\" src=\"http:\/\/toulontri.free.fr\/0-site\/zjpg.png\" alt=\"bouton-jpg\" \/><a href=\"http:\/\/toulontri.free.fr\/org-tri\/toulon-1994.jpg\">1994 <\/a><img decoding=\"async\" title=\"\" src=\"http:\/\/toulontri.free.fr\/0-site\/zjpg.png\" alt=\"bouton-jpg\" \/><a href=\"http:\/\/toulontri.free.fr\/org-tri\/toulon-1995.jpg\">1995 <\/a><img decoding=\"async\" title=\"\" src=\"http:\/\/toulontri.free.fr\/0-site\/zjpg.png\" alt=\"bouton-jpg\" \/><a href=\"http:\/\/toulontri.free.fr\/org-tri\/toulon-1996.jpg\">1996 <\/a><br \/>\n<img decoding=\"async\" title=\"\" src=\"http:\/\/toulontri.free.fr\/0-site\/zjpg.png\" alt=\"bouton-jpg\" \/><a href=\"http:\/\/toulontri.free.fr\/org-tri\/toulon-1997.jpg\">1997 <\/a><img decoding=\"async\" title=\"\" src=\"http:\/\/toulontri.free.fr\/0-site\/zjpg.png\" alt=\"bouton-jpg\" \/><a href=\"http:\/\/toulontri.free.fr\/org-tri\/toulon-1998.jpg\">1998 <\/a><img decoding=\"async\" title=\"\" src=\"http:\/\/toulontri.free.fr\/0-site\/zjpg.png\" alt=\"bouton-jpg\" \/><a href=\"http:\/\/toulontri.free.fr\/org-tri\/toulon-1999.jpg\">1999 <\/a><img decoding=\"async\" title=\"\" src=\"http:\/\/toulontri.free.fr\/0-site\/zjpg.png\" alt=\"bouton-jpg\" \/><a href=\"http:\/\/toulontri.free.fr\/org-tri\/toulon-2000.jpg\">2000 <\/a><img decoding=\"async\" title=\"\" src=\"http:\/\/toulontri.free.fr\/0-site\/zpdf.png\" alt=\"bouton-pdf\" \/><a href=\"http:\/\/toulontri.free.fr\/org-tri\/toulon-2001.pdf\">2001 <\/a><img decoding=\"async\" title=\"\" src=\"http:\/\/toulontri.free.fr\/0-site\/zjpg.png\" alt=\"bouton-jpg\" \/><a href=\"http:\/\/toulontri.free.fr\/org-tri\/toulon-2002.jpg\">2002 <\/a><img decoding=\"async\" title=\"\" src=\"http:\/\/toulontri.free.fr\/0-site\/zpdf.png\" alt=\"bouton-pdf\" \/><a href=\"http:\/\/toulontri.free.fr\/org-tri\/toulon-2003.pdf\">2003 <\/a><img decoding=\"async\" title=\"\" src=\"http:\/\/toulontri.free.fr\/0-site\/zpdf.png\" alt=\"bouton-pdf\" \/><a href=\"http:\/\/toulontri.free.fr\/org-tri\/toulon-2004.pdf\">2004 <\/a><img decoding=\"async\" title=\"\" src=\"http:\/\/toulontri.free.fr\/0-site\/zpdf.png\" alt=\"bouton-pdf\" \/><a href=\"http:\/\/toulontri.free.fr\/org-tri\/toulon-2005.pdf\">2005 <\/a><img decoding=\"async\" title=\"\" src=\"http:\/\/toulontri.free.fr\/0-site\/zpdf.png\" alt=\"bouton-pdf\" \/><a href=\"http:\/\/toulontri.free.fr\/org-tri\/toulon-2006.pdf\">2006 <\/a><br \/>\n<img decoding=\"async\" title=\"\" src=\"http:\/\/toulontri.free.fr\/0-site\/zpdf.png\" alt=\"bouton-pdf\" \/><a href=\"http:\/\/toulontri.free.fr\/org-tri\/toulon-2007.pdf\">2007 <\/a><img decoding=\"async\" title=\"\" src=\"http:\/\/toulontri.free.fr\/0-site\/zpdf.png\" alt=\"bouton-pdf\" \/><a href=\"http:\/\/toulontri.free.fr\/org-tri\/toulon-2008.pdf\">2008 <\/a><img decoding=\"async\" title=\"\" src=\"http:\/\/toulontri.free.fr\/0-site\/zpdf.png\" alt=\"bouton-pdf\" \/><a href=\"http:\/\/toulontri.free.fr\/org-tri\/toulon-2009.pdf\">2009 <\/a><img decoding=\"async\" title=\"\" src=\"http:\/\/toulontri.free.fr\/0-site\/zpdf.png\" alt=\"bouton-pdf\" \/><a href=\"http:\/\/toulontri.free.fr\/org-tri\/toulon-2010.pdf\">2010 <\/a><img decoding=\"async\" title=\"\" src=\"http:\/\/toulontri.free.fr\/0-site\/zpdf.png\" alt=\"bouton-pdf\" \/><a href=\"http:\/\/toulontri.free.fr\/org-tri\/toulon-2011.pdf\">2011 <\/a><img decoding=\"async\" title=\"\" src=\"http:\/\/toulontri.free.fr\/0-site\/zpdf.png\" alt=\"bouton-pdf\" \/><a href=\"http:\/\/toulontri.free.fr\/org-tri\/toulon-2012.pdf\">2012 <\/a><img decoding=\"async\" title=\"\" src=\"http:\/\/toulontri.free.fr\/0-site\/zpdf.png\" alt=\"bouton-pdf\" \/><a href=\"http:\/\/toulontri.free.fr\/org-tri\/toulon-2013.pdf\">2013 <\/a><img decoding=\"async\" title=\"\" src=\"http:\/\/toulontri.free.fr\/0-site\/zpdf.png\" alt=\"bouton-pdf\" \/><a href=\"http:\/\/toulontri.free.fr\/org-tri\/toulon-2014.pdf\">2014 <\/a><img decoding=\"async\" title=\"\" src=\"http:\/\/toulontri.free.fr\/0-site\/zpdf.png\" alt=\"bouton-pdf\" \/><a href=\"http:\/\/toulontri.free.fr\/org-tri\/toulon-2015.pdf\">2015<\/a><\/p>\n<hr \/>\n<h3>PHOTOS<\/h3>\n<p><img decoding=\"async\" title=\"\" src=\"http:\/\/toulontri.free.fr\/0-site\/zhtm.png\" alt=\"bouton-htm\" \/><a href=\"https:\/\/picasaweb.google.com\/ToulonTriathlonPhotos\/TRIATHLONDETOULON19872003\"><strong>de 1987 \u00e0 2003<\/strong><\/a><br \/>\n<img decoding=\"async\" title=\"\" src=\"http:\/\/toulontri.free.fr\/0-site\/zhtm.png\" alt=\"bouton-htm\" \/><a href=\"https:\/\/picasaweb.google.com\/ToulonTriathlonPhotos\/TRIATHLONDETOULON2004\"><strong>2004<\/strong><\/a> <img decoding=\"async\" title=\"\" src=\"http:\/\/toulontri.free.fr\/0-site\/zhtm.png\" alt=\"bouton-htm\" \/><a href=\"https:\/\/picasaweb.google.com\/ToulonTriathlonPhotos\/TRIATHLONDETOULON2005\"><strong>2005<\/strong><\/a> <img decoding=\"async\" title=\"\" src=\"http:\/\/toulontri.free.fr\/0-site\/zhtm.png\" alt=\"bouton-htm\" \/><a href=\"https:\/\/picasaweb.google.com\/ToulonTriathlonPhotos\/TRIATHLONDETOULON2006\"><strong>2006<\/strong><\/a> <img decoding=\"async\" title=\"\" src=\"http:\/\/toulontri.free.fr\/0-site\/zhtm.png\" alt=\"bouton-htm\" \/><a href=\"https:\/\/picasaweb.google.com\/ToulonTriathlonPhotos\/TRIATHLONDETOULON2007\"><strong>2007<\/strong><\/a> <img decoding=\"async\" title=\"\" src=\"http:\/\/toulontri.free.fr\/0-site\/zhtm.png\" alt=\"bouton-htm\" \/><a href=\"https:\/\/picasaweb.google.com\/ToulonTriathlonPhotos\/TRIATHLONDETOULON2008\"><strong>2008<\/strong><\/a> <img decoding=\"async\" title=\"\" src=\"http:\/\/toulontri.free.fr\/0-site\/zhtm.png\" alt=\"bouton-htm\" \/><a href=\"https:\/\/picasaweb.google.com\/ToulonTriathlonPhotos\/TRIATHLONDETOULON2009\"><strong>2009<\/strong><\/a> <img decoding=\"async\" title=\"\" src=\"http:\/\/toulontri.free.fr\/0-site\/zhtm.png\" alt=\"bouton-htm\" \/><a href=\"https:\/\/picasaweb.google.com\/ToulonTriathlonPhotos\/TRIATHLONDETOULON2010\"><strong>2010<\/strong><\/a> <img decoding=\"async\" title=\"\" src=\"http:\/\/toulontri.free.fr\/0-site\/zhtm.png\" alt=\"bouton-htm\" \/><a href=\"https:\/\/picasaweb.google.com\/ToulonTriathlonPhotos\/TRIATHLONDETOULON2011\"><strong>2011<\/strong><\/a> <img decoding=\"async\" title=\"\" src=\"http:\/\/toulontri.free.fr\/0-site\/zhtm.png\" alt=\"bouton-htm\" \/><a href=\"https:\/\/picasaweb.google.com\/118445645015503492125\/TRIATHLONDETOULON2013\">2013<\/a><\/p>\n<hr \/>\n<h3>VID\u00c9OS<\/h3>\n<p>Attention, fichiers de plus de 40Mo<br \/>\n<img decoding=\"async\" title=\"\" src=\"http:\/\/toulontri.free.fr\/0-site\/zwmv.png\" alt=\"bouton-wmv\" \/><a href=\"http:\/\/toulontri.free.fr\/org-tri\/2006-toulon-dec.wmv\">2006 D\u00e9couverte<\/a> &#8211; <img decoding=\"async\" title=\"\" src=\"http:\/\/toulontri.free.fr\/0-site\/zwmv.png\" alt=\"bouton-wmv\" \/><a href=\"http:\/\/toulontri.free.fr\/org-tri\/2006-toulon-cd.wmv\">2006 Courte distance<\/a><\/p>\n<hr \/>\n<h3>DANS LES M\u00c9DIAS<\/h3>\n<p><strong>1987:<\/strong><br \/>\n<img decoding=\"async\" title=\"\" src=\"http:\/\/toulontri.free.fr\/0-site\/zjpg.png\" alt=\"bouton-jpg\" \/><a href=\"http:\/\/toulontri.free.fr\/org-tri\/tt-1987-journal.jpg\">Premi\u00e8re \u00e9dition !<\/a><\/p>\n<p><strong>2004:<\/strong><br \/>\n<img decoding=\"async\" title=\"\" src=\"http:\/\/toulontri.free.fr\/0-site\/zjpg.png\" alt=\"bouton-jpg\" \/><a href=\"http:\/\/toulontri.free.fr\/org-tri\/tt-2004-220-mag.jpg\">Article dans le magazine 220 MAG<\/a><br \/>\n<img decoding=\"async\" title=\"\" src=\"http:\/\/toulontri.free.fr\/0-site\/zjpg.png\" alt=\"bouton-jpg\" \/><a href=\"http:\/\/toulontri.free.fr\/org-tri\/tt-2004-la-hune.jpg\">Annonce dans \u00ab\u00a0LA HUNE\u00a0\u00bb<\/a><\/p>\n<p><strong>2008:<\/strong><br \/>\n<img decoding=\"async\" title=\"\" src=\"http:\/\/toulontri.free.fr\/0-site\/zjpg.png\" alt=\"bouton-jpg\" \/><a href=\"http:\/\/toulontri.free.fr\/org-tri\/tt-2008-var-matin-1.jpg\">Article dans VAR MATIN &#8211; Page 1<\/a><br \/>\n<img decoding=\"async\" title=\"\" src=\"http:\/\/toulontri.free.fr\/0-site\/zjpg.png\" alt=\"bouton-jpg\" \/><a href=\"http:\/\/toulontri.free.fr\/org-tri\/tt-2008-var-matin-2.jpg\">Article dans VAR MATIN &#8211; Page 2<\/a><\/p>\n<p><strong>2009:<\/strong><br \/>\n<img decoding=\"async\" title=\"\" src=\"http:\/\/toulontri.free.fr\/0-site\/zjpg.png\" alt=\"bouton-jpg\" \/><a href=\"http:\/\/toulontri.free.fr\/org-tri\/tt-2009-triathlete-internet.jpg\">Article sur TRIATHLETE.fr<\/a><br \/>\n<img decoding=\"async\" title=\"\" src=\"http:\/\/toulontri.free.fr\/0-site\/zpdf.png\" alt=\"bouton-pdf\" \/><a href=\"http:\/\/toulontri.free.fr\/org-tri\/tt-2009-triathlonhebdo-30.pdf\">Article sur TRIATHLON HEBDO<\/a><\/p>\n<p><strong>2011:<\/strong><br \/>\n<img decoding=\"async\" title=\"\" src=\"http:\/\/toulontri.free.fr\/0-site\/zjpg.png\" alt=\"bouton-jpg\" \/><a href=\"http:\/\/toulontri.free.fr\/org-tri\/tt-2011-var-matin.jpg\">Article dans VAR MATIN<\/a><\/p>\n<p><strong>2012:<\/strong><br \/>\n<img decoding=\"async\" title=\"\" src=\"http:\/\/toulontri.free.fr\/0-site\/zjpg.png\" alt=\"bouton-jpg\" \/><a href=\"http:\/\/toulontri.free.fr\/org-tri\/tt-2012-1.jpg\">Article dans VAR MATIN<\/a><br \/>\n<img decoding=\"async\" title=\"\" src=\"http:\/\/toulontri.free.fr\/0-site\/zjpg.png\" alt=\"bouton-jpg\" \/><a href=\"http:\/\/toulontri.free.fr\/org-tri\/tt-2012-2.jpg\">Article dans VAR MATIN<\/a><br \/>\n<img decoding=\"async\" title=\"\" src=\"http:\/\/toulontri.free.fr\/0-site\/zjpg.png\" alt=\"bouton-jpg\" \/><a href=\"http:\/\/toulontri.free.fr\/org-tri\/tt-2012-3.jpg\">Article dans VAR MATIN<\/a><\/p>\n<p><strong>2013:<\/strong><br \/>\n<img decoding=\"async\" title=\"\" src=\"http:\/\/toulontri.free.fr\/0-site\/zjpg.png\" alt=\"bouton-jpg\" \/><a href=\"http:\/\/toulontri.free.fr\/org-tri\/tt-2013.jpg\">Article dans VAR MATIN<\/a><\/p>\n<p><strong>2015:<\/strong><br \/>\n<img decoding=\"async\" title=\"\" src=\"http:\/\/toulontri.free.fr\/0-site\/zjpg.png\" alt=\"bouton-jpg\" \/><a href=\"http:\/\/toulontri.free.fr\/org-tri\/tt-2015.png\">Article dans VAR MATIN<\/a><\/p>\n<hr \/>\n<h3>UN PEU D&rsquo;HISTOIRE<\/h3>\n<p><strong>1987:<\/strong> Le triathlon n&rsquo;est pas encore un sport bien codifi\u00e9. La premi\u00e8re \u00e9dition se d\u00e9roule sur 600 m de natation, 19 km de v\u00e9lo et 6.5 km en course \u00e0 pieds. C&rsquo;est le Rotary et la police municipale qui organisent l&rsquo;\u00e9preuve. Les vainqueurs sont Bruno MAZZONI et Val\u00e9rie CHRETIEN.<\/p>\n<p><strong>1988:<\/strong> Les distances deviennent \u00ab\u00a0normales\u00a0\u00bb (Courte Distance). Les vainqueurs sont Yves CORDIER et C. BOGEY. Un triathlon \u00ab\u00a0promotion\u00a0\u00bb est aussi organis\u00e9 et il est remport\u00e9 par Fran\u00e7ois CHABAUD.<\/p>\n<p><strong>1989:<\/strong> 2 \u00e9trangers prennent les 1\u00e8re et 2\u00e8me places chez les hommes. Les vainqueurs sont Rick HELLARD et C. JAY GABEL.<\/p>\n<p><strong>1990:<\/strong> La course s&rsquo;internationalise encore plus: 5 \u00e9trangers sont parmis les 7 premiers hommes et 2 \u00e9trang\u00e8res gagnent chez les femmes. Les vainqueurs sont M. RUGHEDE et L. RUPTASH.<\/p>\n<p><strong>1991:<\/strong> C&rsquo;est le club ASCM Toulon Triathlon qui prend le relais pour organiser l&rsquo;\u00e9preuve. Marc LALLA est le responsable de l&rsquo;organisation. Yves CORDIER gagne chez les hommes. Doubl\u00e9 pour Isabelle et B\u00e9atrice MOUTHON chez les femmes.<\/p>\n<p><strong>1992:<\/strong> Les vainqueurs sont Yves CORDIER et Jenny ALCORN.<\/p>\n<p><strong>1993:<\/strong> Les vainqueurs sont Carl BLASCO et Jackie CORRIGAN.<\/p>\n<p><strong>1994:<\/strong> Les vainqueurs sont Carl BLASCO et G. WATSON.<\/p>\n<p><strong>1995:<\/strong> Alain GAUDEFROY prend la pr\u00e9sidence du comit\u00e9 d&rsquo;organisation. Les vainqueurs sont C. FERREIRA et Jackie CORRIGAN.<\/p>\n<p><strong>1996:<\/strong> Les vainqueurs sont Olivier MARCEAU et G. WATSON.<\/p>\n<p><strong>1997:<\/strong> Yves CORDIER, alors en t\u00eate, subit une grosse d\u00e9faillance et fait les 10km \u00e0 pieds en plus de 40 mn (76\u00e8me temps). Les vainqueurs sont M. LEES et Maud MARTIN.<\/p>\n<p><strong>1998:<\/strong> Les vainqueurs sont Olivier MARCEAU et Maud MARTIN.<\/p>\n<p><strong>1999:<\/strong> La 4\u00e8me et derni\u00e8re victoire d&rsquo;Yves CORDIER. Chez les femmes, Nathalie RAYNAUD bat Jackie LOUIS de 3 secondes !<\/p>\n<p><strong>2000:<\/strong> Les vainqueurs sont Fran\u00e7ois CHABAUD et Nathalie RAYNAUD.<\/p>\n<p><strong>2001:<\/strong> Les vainqueurs sont C\u00e9dric FLEURETON et Nathalie RAYNAUD.<\/p>\n<p><strong>2002:<\/strong> C&rsquo;est l&rsquo;ann\u00e9e des \u00e9lections: deux tours pour la pr\u00e9sidentielle et deux tours pour les l\u00e9gislatives, \u00e7a fait 4 week-end en moins. En r\u00e9gion PACA, tout le monde se rabat sur TOULON, une des rares \u00e9preuves rescap\u00e9e du calendrier. Le plein est fait pour la premi\u00e8re fois (400 participants) et une vingtaine d&rsquo;\u00e9lites sont au d\u00e9part. Sur le podium: Olivier MARCEAU (champion du monde CD 2000), Fran\u00e7ois CHABAUD (\u00e0 l&rsquo;\u00e9poque seul vainqueur Fran\u00e7ais d&rsquo;un ironman qualificatif), Patrick VERNAY (futur vainqueur de Nice en 2003), Xavier LEFLOCH (futur meilleur Fran\u00e7ais \u00e0 Hawaii en 2003) et Cyrille NEVEU (champion du monde LD 2002). Chez les femmes, victoire de Nathalie DAUMAS.<\/p>\n<p><strong>2003:<\/strong> Suite \u00e0 la fusion entre l&rsquo;ASCM et le CST, c&rsquo;est le premier triathlon organis\u00e9 par TOULON-TRIATHLON. Et \u00e7a commence mal puisque suite \u00e0 un cafouillage entre le club et la mairie, l&#8217;emplacement est r\u00e9serv\u00e9 \u00e0 une f\u00eate foraine. La course est report\u00e9e en septembre et le nombre de participants est en chute libre (141). Les vainqueurs sont Fran\u00e7ois CHABAUD et Jackie LOUIS.<\/p>\n<p><strong>2004:<\/strong> La course est de nouveau organis\u00e9e en mai en faisant le plein de concurents. Les vainqueurs sont Herv\u00e9 FAURE et Jackie LOUIS. Nathalie SIMON participe \u00e0 son premier CD<\/p>\n<p><strong>2005:<\/strong> Didier RENAUD prend la pr\u00e9sidence du comit\u00e9 d&rsquo;organisation. Le \u00ab\u00a0d\u00e9couverte\u00a0\u00bb est transform\u00e9 en \u00ab\u00a0super-sprint\u00a0\u00bb: les distances sont divis\u00e9es par deux et la course devient ainsi ouverte aux minimes. Les vainqueurs (du CD) sont Cyrille MAZURE et Johanna DAUMAS.<\/p>\n<p><strong>2006:<\/strong> Serge PELLEGRY est le nouveau pr\u00e9sident de l&rsquo;organisation. La pr\u00e9sence de quatre triathl\u00e8tes \u00e9lites Russes va notablement relever le niveau de la course et Olivier MARCEAU doit tout donner pour l&#8217;emporter. Jackie LOUIS fait de la r\u00e9sistance mais ne peut rien face \u00e0 Alexandra LOUISON.<\/p>\n<p><strong>2007:<\/strong> La course est ouverte pour la premi\u00e8re fois \u00e0 600 participants et le plein est fait. Les nombreux nouveaux adh\u00e9rents au club assument pleinement le jeu du b\u00e9n\u00e9volat et permettent d&rsquo;assurer une organisation impeccable. Un fort vent d&rsquo;est va rendre la natation tr\u00e9s difficile (grosses vagues et nage \u00e0 contre-courant). Certains vont mettre plus d&rsquo;une heure pour faire les 1500m. Fran\u00e7ois CHABAUD et Johanna DAUMAS (24\u00e8me au scratch !) s&rsquo;imposent facilement.<\/p>\n<p><strong>2008:<\/strong> Une belle \u00e9dition de plus: Du soleil (apr\u00e8s le samedi sous la pluie), du monde (plus de 500 inscrits) et deux beaux vainqueurs: Herv\u00e9 FAURE gagne son duel face \u00e0 C\u00e9dric AMAND chez les gar\u00e7ons; Christel ROBIN domine totalement les filles en prenant la 26\u00e8me place au classement g\u00e9n\u00e9ral.<\/p>\n<p><strong>2009:<\/strong> Et de 5 pour Olivier MARCEAU qui devient le recordman de l&rsquo;\u00e9preuve devant Yves Cordier. Il devance Charly LOISEL de 7 secondes seulement. Christel ROBIN, 19\u00e8me, l&#8217;emporte chez les filles avec 8 minutes d&rsquo;avance.<\/p>\n<p><strong>2010:<\/strong> Romain CADIERE s&rsquo;impose devant Toumy DEGHAM et Thomas ANDRE. Cette ann\u00e9e la bagarre avait lieu chez les filles: Camille DONAT devance Charlotte MOREL de 2mn et Alexandra LOUISON de 5mn30<\/p>\n<p><strong>2011:<\/strong> Victoire sans surprise d&rsquo;Olivier MARCEAU. Asa SHAW et Kristian MAC CARTNEY compl\u00e8tent un podium 100% St-Raphael. St-Raphael rafle \u00e9galement la victoire chez les filles grace \u00e0 Coralie LEMAIRE. Il y avait seulement 300 inscrits environ sur le CD. Il faut dire que de nombreuses autres \u00e9preuves ont vu le jour: St-Cyr, Ste-Maxime, ou ont \u00e9t\u00e9 d\u00e9plac\u00e9es \u00e0 la m\u00eame p\u00e9riode: St-Raphael.<\/p>\n<p><strong>2012:<\/strong> Le CD est transform\u00e9 en sprint. Le parcours v\u00e9lo plus court permet aux b\u00e9n\u00e9voles de mieux assurer la s\u00e9curit\u00e9. Malgr\u00e9 les distances raccourcies, ce sont des sp\u00e9cialistes du long qui montent sur le podium. De plus, c&rsquo;est un v\u00e9t\u00e9ran (Fran\u00e7ois CHABAUD) qui gagne. Victoire de Cl\u00e9mentine KAUFFMANN chez les filles.<\/p>\n<p><strong>2013:<\/strong> Le nombre d&rsquo;inscrits diminue encore (234 class\u00e9s). Les vainqueurs sont Philippe WORMS et Gabriella BRIEN.<\/p>\n<p><strong>2014:<\/strong> La course redevient \u00ab\u00a0courte distance\u00a0\u00bb avec une petite nouveaut\u00e9: la mont\u00e9e du Faron chronom\u00e9tr\u00e9e. Au scratch, Anthony PUJADES rel\u00e8gue la concurrence \u00e0 dix minutes alors que Justine GUERARD l&#8217;emporte chez les filles. La mairie impose d&rsquo;organiser la course le matin et de ce fait le traditionel XS du matin est annul\u00e9.<\/p>\n<p><strong>2015:<\/strong> Le triathlon de TOULON d\u00e9m\u00e9nage des plages du Mourillon \u00e0 la Tour Royale, le retrait des dossards se faisant dans la tour m\u00eame. Victoire de Julien POUSSON et de Gabriela BRIEN.<\/p>\n","protected":false},"excerpt":{"rendered":"<p>RESULTATS PHOTOS TEASER &nbsp; INSCRIPTION DEUX SOLUTIONS POUR S&rsquo;INSCRIRE: Rendez-vous sur le site \u00ab\u00a0www.timingzone.com\u00a0\u00bb pour une inscription en ligne Ou<\/p>\n","protected":false},"author":1,"featured_media":0,"parent":0,"menu_order":0,"comment_status":"closed","ping_status":"closed","template":"","meta":{"colormag_page_container_layout":"default_layout","colormag_page_sidebar_layout":"default_layout","_monsterinsights_skip_tracking":false,"_monsterinsights_sitenote_active":false,"_monsterinsights_sitenote_note":"","_monsterinsights_sitenote_category":0,"ngg_post_thumbnail":0,"footnotes":""},"class_list":["post-67","page","type-page","status-publish","hentry"],"_links":{"self":[{"href":"https:\/\/www.toulon-triathlon.com\/index.php\/wp-json\/wp\/v2\/pages\/67","targetHints":{"allow":["GET"]}}],"collection":[{"href":"https:\/\/www.toulon-triathlon.com\/index.php\/wp-json\/wp\/v2\/pages"}],"about":[{"href":"https:\/\/www.toulon-triathlon.com\/index.php\/wp-json\/wp\/v2\/types\/page"}],"author":[{"embeddable":true,"href":"https:\/\/www.toulon-triathlon.com\/index.php\/wp-json\/wp\/v2\/users\/1"}],"replies":[{"embeddable":true,"href":"https:\/\/www.toulon-triathlon.com\/index.php\/wp-json\/wp\/v2\/comments?post=67"}],"version-history":[{"count":5,"href":"https:\/\/www.toulon-triathlon.com\/index.php\/wp-json\/wp\/v2\/pages\/67\/revisions"}],"predecessor-version":[{"id":187,"href":"https:\/\/www.toulon-triathlon.com\/index.php\/wp-json\/wp\/v2\/pages\/67\/revisions\/187"}],"wp:attachment":[{"href":"https:\/\/www.toulon-triathlon.com\/index.php\/wp-json\/wp\/v2\/media?parent=67"}],"curies":[{"name":"wp","href":"https:\/\/api.w.org\/{rel}","templated":true}]}}