{"id":6034,"date":"2025-11-24T07:49:55","date_gmt":"2025-11-24T06:49:55","guid":{"rendered":"https:\/\/www.toulon-triathlon.com\/?page_id=6034"},"modified":"2026-02-12T07:46:44","modified_gmt":"2026-02-12T06:46:44","slug":"le-defi-du-levant-2026","status":"publish","type":"page","link":"https:\/\/www.toulon-triathlon.com\/index.php\/le-defi-du-levant-2026\/","title":{"rendered":"Le D\u00e9fi du Levant 2026"},"content":{"rendered":"\n<p align=\"center\"><a title=\"Facebook\" href=\"https:\/\/www.facebook.com\/ledefidulevant\/\" target=\"_blank\" rel=\"noopener noreferrer\"><img loading=\"lazy\" decoding=\"async\" src=\"https:\/\/www.toulon-triathlon.com\/wp-content\/uploads\/2019\/07\/iconfinder_Facebook_1288098.png\" alt=\"le-texte-alternatif-de-l'image\" width=\"70\" height=\"70\"><\/a> <a title=\"Instagram\" href=\"https:\/\/www.instagram.com\/ledefidulevant\/\" target=\"_blank\" rel=\"noopener noreferrer\"><img loading=\"lazy\" decoding=\"async\" src=\"https:\/\/www.toulon-triathlon.com\/wp-content\/uploads\/2019\/07\/iconfinder_Instagram_1298747.png\" alt=\"Instagram\" width=\"70\" height=\"70\"><\/a><\/p>\n\n\n\n<p class=\"has-vivid-cyan-blue-color has-text-color has-large-font-size\"> <\/p>\n\n\n\n<p align=\"center\">\n<div style=\"padding:56.25% 0 0 0;position:relative;\"><iframe src=\"https:\/\/player.vimeo.com\/video\/1139929244?badge=0&amp;autopause=0&amp;player_id=0&amp;app_id=58479\" frameborder=\"0\" allow=\"autoplay; fullscreen; picture-in-picture; clipboard-write; encrypted-media; web-share\" referrerpolicy=\"strict-origin-when-cross-origin\" style=\"position:absolute;top:0;left:0;width:100%;height:100%;\" title=\"SwimRun de TOULON 2026\"><\/iframe><\/div><script src=\"https:\/\/player.vimeo.com\/api\/player.js\"><\/script><\/p>\n\n\n\n<hr class=\"wp-block-separator has-alpha-channel-opacity has-luminous-dusk-gradient-background has-background is-style-wide\"\/>\n\n\n\n<p><\/p>\n\n\n\n<div class=\"wp-block-cover is-light\" style=\"min-height:572px;aspect-ratio:unset;\"><img loading=\"lazy\" decoding=\"async\" width=\"2048\" height=\"1365\" class=\"wp-block-cover__image-background wp-image-5521\" alt=\"\" src=\"https:\/\/www.toulon-triathlon.com\/wp-content\/uploads\/2024\/12\/2017-04-21-alb-0507.jpg\" data-object-fit=\"cover\" srcset=\"https:\/\/www.toulon-triathlon.com\/wp-content\/uploads\/2024\/12\/2017-04-21-alb-0507.jpg 2048w, https:\/\/www.toulon-triathlon.com\/wp-content\/uploads\/2024\/12\/2017-04-21-alb-0507-300x200.jpg 300w, https:\/\/www.toulon-triathlon.com\/wp-content\/uploads\/2024\/12\/2017-04-21-alb-0507-1024x683.jpg 1024w, https:\/\/www.toulon-triathlon.com\/wp-content\/uploads\/2024\/12\/2017-04-21-alb-0507-768x512.jpg 768w, https:\/\/www.toulon-triathlon.com\/wp-content\/uploads\/2024\/12\/2017-04-21-alb-0507-1536x1024.jpg 1536w, https:\/\/www.toulon-triathlon.com\/wp-content\/uploads\/2024\/12\/2017-04-21-alb-0507-148x99.jpg 148w, https:\/\/www.toulon-triathlon.com\/wp-content\/uploads\/2024\/12\/2017-04-21-alb-0507-31x21.jpg 31w, https:\/\/www.toulon-triathlon.com\/wp-content\/uploads\/2024\/12\/2017-04-21-alb-0507-38x25.jpg 38w, https:\/\/www.toulon-triathlon.com\/wp-content\/uploads\/2024\/12\/2017-04-21-alb-0507-323x215.jpg 323w, https:\/\/www.toulon-triathlon.com\/wp-content\/uploads\/2024\/12\/2017-04-21-alb-0507-2000x1333.jpg 2000w\" sizes=\"auto, (max-width: 2048px) 100vw, 2048px\" \/><span aria-hidden=\"true\" class=\"wp-block-cover__background has-background-dim\"><\/span><div class=\"wp-block-cover__inner-container is-layout-constrained wp-block-cover-is-layout-constrained\">\n<div class=\"content_countdown\" id=\"main_countedown_1\"><div class=\"countdown\">\r\n\t\t\t\t<span class=\"element_conteiner\"><span  class=\"days time_left\">22<\/span><span class=\"time_description\">Jours<\/span><\/span>\r\n\t\t\t\t<span class=\"element_conteiner\"><span  class=\"hourse time_left\">21<\/span><span class=\"time_description\">Heures<\/span><\/span>\r\n\t\t\t\t<span class=\"element_conteiner\"><span  class=\"minutes time_left\">05<\/span><span class=\"time_description\">Minutes<\/span><\/span>\r\n\t\t\t\t<span class=\"element_conteiner\"><span  class=\"secondes time_left\">59<\/span><span class=\"time_description\">Secondes<\/span><\/span>\r\n\t\t\t<\/div><\/div><script>\r\n        document.addEventListener('DOMContentLoaded', function(event) {\r\n\t\t\tsetInterval(function(){countdown_wpdevart_timer('main_countedown_1');},1000);\r\n\t\t});<\/script><style>#main_countedown_1 .countdown{text-align:center;}#main_countedown_1 .countdown{margin-top:10px;margin-bottom:10px}#main_countedown_1 .time_left{\r\nborder-radius:8px;\r\nbackground-color:#3DA8CC;\r\nfont-size:23px;\r\nfont-family:monospace;\r\ncolor:#000000;\r\n}\r\n#main_countedown_1 .time_description{\r\nfont-size:23px;\r\nfont-family:monospace;\r\ncolor:#000000;\r\n}\r\n#main_countedown_1 .element_conteiner{min-width:90px}<\/style>\n\n\n\n<p class=\"has-text-align-center has-large-font-size\">Swimrun Le D\u00e9fi du Levant<br>3 mai 2026<\/p>\n\n\n\n<p><\/p>\n\n\n\n<p><\/p>\n\n\n\n<p><\/p>\n\n\n\n<div class=\"wp-block-media-text is-stacked-on-mobile\" style=\"margin-top:0;margin-bottom:0;grid-template-columns:25% auto\"><figure class=\"wp-block-media-text__media\"><img loading=\"lazy\" decoding=\"async\" width=\"980\" height=\"653\" src=\"https:\/\/www.toulon-triathlon.com\/wp-content\/uploads\/2024\/12\/toulon_sentier_pipady_lamitre_op_img9803.jpg\" alt=\"\" class=\"wp-image-5525 size-full\" srcset=\"https:\/\/www.toulon-triathlon.com\/wp-content\/uploads\/2024\/12\/toulon_sentier_pipady_lamitre_op_img9803.jpg 980w, https:\/\/www.toulon-triathlon.com\/wp-content\/uploads\/2024\/12\/toulon_sentier_pipady_lamitre_op_img9803-300x200.jpg 300w, https:\/\/www.toulon-triathlon.com\/wp-content\/uploads\/2024\/12\/toulon_sentier_pipady_lamitre_op_img9803-768x512.jpg 768w, https:\/\/www.toulon-triathlon.com\/wp-content\/uploads\/2024\/12\/toulon_sentier_pipady_lamitre_op_img9803-148x99.jpg 148w, https:\/\/www.toulon-triathlon.com\/wp-content\/uploads\/2024\/12\/toulon_sentier_pipady_lamitre_op_img9803-31x21.jpg 31w, https:\/\/www.toulon-triathlon.com\/wp-content\/uploads\/2024\/12\/toulon_sentier_pipady_lamitre_op_img9803-38x25.jpg 38w, https:\/\/www.toulon-triathlon.com\/wp-content\/uploads\/2024\/12\/toulon_sentier_pipady_lamitre_op_img9803-323x215.jpg 323w\" sizes=\"auto, (max-width: 980px) 100vw, 980px\" \/><\/figure><div class=\"wp-block-media-text__content\">\n<div class=\"wp-block-group is-vertical is-layout-flex wp-container-core-group-is-layout-fe9cc265 wp-block-group-is-layout-flex\">\n<p class=\"has-white-color has-text-color has-link-color wp-elements-0ea6d98bb7cf4256a7bc464d93822960\"><strong>Organis\u00e9 par notre club depuis 2017<\/strong>, le D\u00e9fi du Levant est LE swimrun de la r\u00e9gion toulonnaise !<\/p>\n\n\n\n<p class=\"has-white-color has-text-color has-link-color wp-elements-619432a34a6a675669042ac5983afb6e\">La course se d\u00e9cline sous 3 formats :<br>&#8211; Parcours d\u00e9couverte XS ouvert aux familles<br>&#8211; Parcours S Rapide et Sportif<br>&#8211; Parcours M Long et Sportif<\/p>\n\n\n\n<p><\/p>\n<\/div>\n<\/div><\/div>\n<\/div><\/div>\n\n\n\n<p class=\"has-medium-font-size\">Les 3 circuits XS, M et S sont propos\u00e9s en Equipe ou en Solo.<\/p>\n\n\n\n<hr class=\"wp-block-separator has-text-color has-vivid-purple-color has-alpha-channel-opacity has-vivid-purple-background-color has-background is-style-wide\"\/>\n\n\n\n<div class=\"wp-block-group is-vertical is-content-justification-center is-layout-flex wp-container-core-group-is-layout-ce155fab wp-block-group-is-layout-flex\">\n<div class=\"wp-block-buttons is-layout-flex wp-block-buttons-is-layout-flex\">\n<div class=\"wp-block-button is-style-fill\"><a class=\"wp-block-button__link has-background has-custom-font-size wp-element-button\" style=\"border-style:none;border-width:0px;border-radius:25px;background:linear-gradient(87deg,rgb(232,255,0) 0%,rgb(45,207,80) 100%);padding-top:var(--wp--preset--spacing--20);padding-right:var(--wp--preset--spacing--30);padding-bottom:var(--wp--preset--spacing--20);padding-left:var(--wp--preset--spacing--30);font-size:17px;line-height:1.3\">Parcours XS<br>(Cliquer sur l&rsquo;image)<\/a><\/div>\n<\/div>\n<\/div>\n\n\n\n<div class=\"wp-block-group is-vertical is-content-justification-center is-layout-flex wp-container-core-group-is-layout-ce155fab wp-block-group-is-layout-flex\">\n<p class=\"has-text-align-center has-small-font-size\"><strong><em>Parcours d\u00e9couverte  ouvert aux familles (n\u00e9 avant 31\/12\/2014)<br>2.8km de course \u00e0 pied et 790m de natation<\/em><\/strong><\/p>\n\n\n\n<figure data-wp-context=\"{&quot;imageId&quot;:&quot;69d8e4d9caf43&quot;}\" data-wp-interactive=\"core\/image\" class=\"wp-block-image size-large is-resized wp-lightbox-container\"><img loading=\"lazy\" decoding=\"async\" width=\"1024\" height=\"527\" data-wp-class--hide=\"state.isContentHidden\" data-wp-class--show=\"state.isContentVisible\" data-wp-init=\"callbacks.setButtonStyles\" data-wp-on-async--click=\"actions.showLightbox\" data-wp-on-async--load=\"callbacks.setButtonStyles\" data-wp-on-async-window--resize=\"callbacks.setButtonStyles\" src=\"https:\/\/www.toulon-triathlon.com\/wp-content\/uploads\/2025\/01\/Parcours-XS-2025-1024x527.png\" alt=\"\" class=\"wp-image-5620\" style=\"width:500px\" srcset=\"https:\/\/www.toulon-triathlon.com\/wp-content\/uploads\/2025\/01\/Parcours-XS-2025-1024x527.png 1024w, https:\/\/www.toulon-triathlon.com\/wp-content\/uploads\/2025\/01\/Parcours-XS-2025-300x154.png 300w, https:\/\/www.toulon-triathlon.com\/wp-content\/uploads\/2025\/01\/Parcours-XS-2025-768x395.png 768w, https:\/\/www.toulon-triathlon.com\/wp-content\/uploads\/2025\/01\/Parcours-XS-2025-148x76.png 148w, https:\/\/www.toulon-triathlon.com\/wp-content\/uploads\/2025\/01\/Parcours-XS-2025-31x16.png 31w, https:\/\/www.toulon-triathlon.com\/wp-content\/uploads\/2025\/01\/Parcours-XS-2025-38x20.png 38w, https:\/\/www.toulon-triathlon.com\/wp-content\/uploads\/2025\/01\/Parcours-XS-2025-418x215.png 418w, https:\/\/www.toulon-triathlon.com\/wp-content\/uploads\/2025\/01\/Parcours-XS-2025.png 1280w\" sizes=\"auto, (max-width: 1024px) 100vw, 1024px\" \/><button\n\t\t\tclass=\"lightbox-trigger\"\n\t\t\ttype=\"button\"\n\t\t\taria-haspopup=\"dialog\"\n\t\t\taria-label=\"Agrandir\"\n\t\t\tdata-wp-init=\"callbacks.initTriggerButton\"\n\t\t\tdata-wp-on-async--click=\"actions.showLightbox\"\n\t\t\tdata-wp-style--right=\"state.imageButtonRight\"\n\t\t\tdata-wp-style--top=\"state.imageButtonTop\"\n\t\t>\n\t\t\t<svg xmlns=\"http:\/\/www.w3.org\/2000\/svg\" width=\"12\" height=\"12\" fill=\"none\" viewBox=\"0 0 12 12\">\n\t\t\t\t<path fill=\"#fff\" d=\"M2 0a2 2 0 0 0-2 2v2h1.5V2a.5.5 0 0 1 .5-.5h2V0H2Zm2 10.5H2a.5.5 0 0 1-.5-.5V8H0v2a2 2 0 0 0 2 2h2v-1.5ZM8 12v-1.5h2a.5.5 0 0 0 .5-.5V8H12v2a2 2 0 0 1-2 2H8Zm2-12a2 2 0 0 1 2 2v2h-1.5V2a.5.5 0 0 0-.5-.5H8V0h2Z\" \/>\n\t\t\t<\/svg>\n\t\t<\/button><\/figure>\n<\/div>\n\n\n\n<hr class=\"wp-block-separator has-text-color has-vivid-green-cyan-color has-alpha-channel-opacity has-vivid-green-cyan-background-color has-background is-style-wide\" style=\"margin-top:var(--wp--preset--spacing--60);margin-bottom:var(--wp--preset--spacing--60)\"\/>\n\n\n\n<div class=\"wp-block-buttons is-content-justification-center is-layout-flex wp-container-core-buttons-is-layout-a89b3969 wp-block-buttons-is-layout-flex\">\n<div class=\"wp-block-button is-style-fill\"><a class=\"wp-block-button__link has-background has-custom-font-size wp-element-button\" style=\"border-style:none;border-width:0px;border-radius:25px;background:linear-gradient(135deg,rgb(45,207,80) 0%,rgb(35,45,230) 100%);padding-top:var(--wp--preset--spacing--20);padding-right:var(--wp--preset--spacing--30);padding-bottom:var(--wp--preset--spacing--20);padding-left:var(--wp--preset--spacing--30);font-size:17px;line-height:1.3\">Parcours S<br>(Cliquer sur l&rsquo;image)<\/a><\/div>\n<\/div>\n\n\n\n<div class=\"wp-block-group is-vertical is-content-justification-center is-layout-flex wp-container-core-group-is-layout-ce155fab wp-block-group-is-layout-flex\">\n<p class=\"has-text-align-center has-small-font-size\"><em><strong>Parcours Rapide et Sportif<br>7km de course \u00e0 pied et 2000m de natation<\/strong><\/em><\/p>\n\n\n\n<figure data-wp-context=\"{&quot;imageId&quot;:&quot;69d8e4d9cb61a&quot;}\" data-wp-interactive=\"core\/image\" class=\"wp-block-image size-large is-resized wp-lightbox-container\"><img loading=\"lazy\" decoding=\"async\" width=\"1024\" height=\"546\" data-wp-class--hide=\"state.isContentHidden\" data-wp-class--show=\"state.isContentVisible\" data-wp-init=\"callbacks.setButtonStyles\" data-wp-on-async--click=\"actions.showLightbox\" data-wp-on-async--load=\"callbacks.setButtonStyles\" data-wp-on-async-window--resize=\"callbacks.setButtonStyles\" src=\"https:\/\/www.toulon-triathlon.com\/wp-content\/uploads\/2025\/01\/Parcours-S-2025-1024x546.jpeg\" alt=\"\" class=\"wp-image-5622\" style=\"width:500px\" srcset=\"https:\/\/www.toulon-triathlon.com\/wp-content\/uploads\/2025\/01\/Parcours-S-2025-1024x546.jpeg 1024w, https:\/\/www.toulon-triathlon.com\/wp-content\/uploads\/2025\/01\/Parcours-S-2025-300x160.jpeg 300w, https:\/\/www.toulon-triathlon.com\/wp-content\/uploads\/2025\/01\/Parcours-S-2025-768x409.jpeg 768w, https:\/\/www.toulon-triathlon.com\/wp-content\/uploads\/2025\/01\/Parcours-S-2025-148x79.jpeg 148w, https:\/\/www.toulon-triathlon.com\/wp-content\/uploads\/2025\/01\/Parcours-S-2025-31x17.jpeg 31w, https:\/\/www.toulon-triathlon.com\/wp-content\/uploads\/2025\/01\/Parcours-S-2025-38x20.jpeg 38w, https:\/\/www.toulon-triathlon.com\/wp-content\/uploads\/2025\/01\/Parcours-S-2025-404x215.jpeg 404w, https:\/\/www.toulon-triathlon.com\/wp-content\/uploads\/2025\/01\/Parcours-S-2025.jpeg 1280w\" sizes=\"auto, (max-width: 1024px) 100vw, 1024px\" \/><button\n\t\t\tclass=\"lightbox-trigger\"\n\t\t\ttype=\"button\"\n\t\t\taria-haspopup=\"dialog\"\n\t\t\taria-label=\"Agrandir\"\n\t\t\tdata-wp-init=\"callbacks.initTriggerButton\"\n\t\t\tdata-wp-on-async--click=\"actions.showLightbox\"\n\t\t\tdata-wp-style--right=\"state.imageButtonRight\"\n\t\t\tdata-wp-style--top=\"state.imageButtonTop\"\n\t\t>\n\t\t\t<svg xmlns=\"http:\/\/www.w3.org\/2000\/svg\" width=\"12\" height=\"12\" fill=\"none\" viewBox=\"0 0 12 12\">\n\t\t\t\t<path fill=\"#fff\" d=\"M2 0a2 2 0 0 0-2 2v2h1.5V2a.5.5 0 0 1 .5-.5h2V0H2Zm2 10.5H2a.5.5 0 0 1-.5-.5V8H0v2a2 2 0 0 0 2 2h2v-1.5ZM8 12v-1.5h2a.5.5 0 0 0 .5-.5V8H12v2a2 2 0 0 1-2 2H8Zm2-12a2 2 0 0 1 2 2v2h-1.5V2a.5.5 0 0 0-.5-.5H8V0h2Z\" \/>\n\t\t\t<\/svg>\n\t\t<\/button><\/figure>\n<\/div>\n\n\n\n<hr class=\"wp-block-separator has-text-color has-vivid-red-color has-alpha-channel-opacity has-vivid-red-background-color has-background is-style-wide\" style=\"margin-top:var(--wp--preset--spacing--60);margin-bottom:var(--wp--preset--spacing--60)\"\/>\n\n\n\n<div class=\"wp-block-group is-vertical is-content-justification-center is-layout-flex wp-container-core-group-is-layout-fa38c63a wp-block-group-is-layout-flex\">\n<div class=\"wp-block-buttons is-layout-flex wp-block-buttons-is-layout-flex\">\n<div class=\"wp-block-button\"><a class=\"wp-block-button__link has-background has-custom-font-size wp-element-button\" style=\"border-radius:25px;background:linear-gradient(135deg,rgb(35,45,230) 0%,rgb(235,18,25) 100%);padding-top:var(--wp--preset--spacing--20);padding-right:var(--wp--preset--spacing--30);padding-bottom:var(--wp--preset--spacing--20);padding-left:var(--wp--preset--spacing--30);font-size:17px;line-height:1.3\">Parcours M<br>(Cliquer sur l&rsquo;image)<\/a><\/div>\n<\/div>\n<\/div>\n\n\n\n<p class=\"has-text-align-center has-small-font-size\"><strong><em>Parcours Long et Sportif<br>15.6km de course \u00e0 pied et 4500m de natation<\/em><\/strong><\/p>\n\n\n\n<div class=\"wp-block-group is-vertical is-content-justification-center is-layout-flex wp-container-core-group-is-layout-ce155fab wp-block-group-is-layout-flex\">\n<figure data-wp-context=\"{&quot;imageId&quot;:&quot;69d8e4d9cbbfc&quot;}\" data-wp-interactive=\"core\/image\" class=\"wp-block-image size-full is-resized wp-lightbox-container\"><img loading=\"lazy\" decoding=\"async\" width=\"1015\" height=\"353\" data-wp-class--hide=\"state.isContentHidden\" data-wp-class--show=\"state.isContentVisible\" data-wp-init=\"callbacks.setButtonStyles\" data-wp-on-async--click=\"actions.showLightbox\" data-wp-on-async--load=\"callbacks.setButtonStyles\" data-wp-on-async-window--resize=\"callbacks.setButtonStyles\" src=\"https:\/\/www.toulon-triathlon.com\/wp-content\/uploads\/2025\/01\/Parcours-M-1_2-2025-1.png\" alt=\"\" class=\"wp-image-5641\" style=\"width:700px\" srcset=\"https:\/\/www.toulon-triathlon.com\/wp-content\/uploads\/2025\/01\/Parcours-M-1_2-2025-1.png 1015w, https:\/\/www.toulon-triathlon.com\/wp-content\/uploads\/2025\/01\/Parcours-M-1_2-2025-1-300x104.png 300w, https:\/\/www.toulon-triathlon.com\/wp-content\/uploads\/2025\/01\/Parcours-M-1_2-2025-1-768x267.png 768w, https:\/\/www.toulon-triathlon.com\/wp-content\/uploads\/2025\/01\/Parcours-M-1_2-2025-1-148x51.png 148w, https:\/\/www.toulon-triathlon.com\/wp-content\/uploads\/2025\/01\/Parcours-M-1_2-2025-1-31x11.png 31w, https:\/\/www.toulon-triathlon.com\/wp-content\/uploads\/2025\/01\/Parcours-M-1_2-2025-1-38x13.png 38w, https:\/\/www.toulon-triathlon.com\/wp-content\/uploads\/2025\/01\/Parcours-M-1_2-2025-1-425x148.png 425w\" sizes=\"auto, (max-width: 1015px) 100vw, 1015px\" \/><button\n\t\t\tclass=\"lightbox-trigger\"\n\t\t\ttype=\"button\"\n\t\t\taria-haspopup=\"dialog\"\n\t\t\taria-label=\"Agrandir\"\n\t\t\tdata-wp-init=\"callbacks.initTriggerButton\"\n\t\t\tdata-wp-on-async--click=\"actions.showLightbox\"\n\t\t\tdata-wp-style--right=\"state.imageButtonRight\"\n\t\t\tdata-wp-style--top=\"state.imageButtonTop\"\n\t\t>\n\t\t\t<svg xmlns=\"http:\/\/www.w3.org\/2000\/svg\" width=\"12\" height=\"12\" fill=\"none\" viewBox=\"0 0 12 12\">\n\t\t\t\t<path fill=\"#fff\" d=\"M2 0a2 2 0 0 0-2 2v2h1.5V2a.5.5 0 0 1 .5-.5h2V0H2Zm2 10.5H2a.5.5 0 0 1-.5-.5V8H0v2a2 2 0 0 0 2 2h2v-1.5ZM8 12v-1.5h2a.5.5 0 0 0 .5-.5V8H12v2a2 2 0 0 1-2 2H8Zm2-12a2 2 0 0 1 2 2v2h-1.5V2a.5.5 0 0 0-.5-.5H8V0h2Z\" \/>\n\t\t\t<\/svg>\n\t\t<\/button><\/figure>\n\n\n\n<figure data-wp-context=\"{&quot;imageId&quot;:&quot;69d8e4d9cbf36&quot;}\" data-wp-interactive=\"core\/image\" class=\"wp-block-image size-full is-resized wp-lightbox-container\"><img loading=\"lazy\" decoding=\"async\" width=\"998\" height=\"314\" data-wp-class--hide=\"state.isContentHidden\" data-wp-class--show=\"state.isContentVisible\" data-wp-init=\"callbacks.setButtonStyles\" data-wp-on-async--click=\"actions.showLightbox\" data-wp-on-async--load=\"callbacks.setButtonStyles\" data-wp-on-async-window--resize=\"callbacks.setButtonStyles\" src=\"https:\/\/www.toulon-triathlon.com\/wp-content\/uploads\/2025\/01\/Parcours-M-2_2-2025.png\" alt=\"\" class=\"wp-image-5624\" style=\"width:700px\" srcset=\"https:\/\/www.toulon-triathlon.com\/wp-content\/uploads\/2025\/01\/Parcours-M-2_2-2025.png 998w, https:\/\/www.toulon-triathlon.com\/wp-content\/uploads\/2025\/01\/Parcours-M-2_2-2025-300x94.png 300w, https:\/\/www.toulon-triathlon.com\/wp-content\/uploads\/2025\/01\/Parcours-M-2_2-2025-768x242.png 768w, https:\/\/www.toulon-triathlon.com\/wp-content\/uploads\/2025\/01\/Parcours-M-2_2-2025-148x47.png 148w, https:\/\/www.toulon-triathlon.com\/wp-content\/uploads\/2025\/01\/Parcours-M-2_2-2025-31x10.png 31w, https:\/\/www.toulon-triathlon.com\/wp-content\/uploads\/2025\/01\/Parcours-M-2_2-2025-38x12.png 38w, https:\/\/www.toulon-triathlon.com\/wp-content\/uploads\/2025\/01\/Parcours-M-2_2-2025-425x134.png 425w\" sizes=\"auto, (max-width: 998px) 100vw, 998px\" \/><button\n\t\t\tclass=\"lightbox-trigger\"\n\t\t\ttype=\"button\"\n\t\t\taria-haspopup=\"dialog\"\n\t\t\taria-label=\"Agrandir\"\n\t\t\tdata-wp-init=\"callbacks.initTriggerButton\"\n\t\t\tdata-wp-on-async--click=\"actions.showLightbox\"\n\t\t\tdata-wp-style--right=\"state.imageButtonRight\"\n\t\t\tdata-wp-style--top=\"state.imageButtonTop\"\n\t\t>\n\t\t\t<svg xmlns=\"http:\/\/www.w3.org\/2000\/svg\" width=\"12\" height=\"12\" fill=\"none\" viewBox=\"0 0 12 12\">\n\t\t\t\t<path fill=\"#fff\" d=\"M2 0a2 2 0 0 0-2 2v2h1.5V2a.5.5 0 0 1 .5-.5h2V0H2Zm2 10.5H2a.5.5 0 0 1-.5-.5V8H0v2a2 2 0 0 0 2 2h2v-1.5ZM8 12v-1.5h2a.5.5 0 0 0 .5-.5V8H12v2a2 2 0 0 1-2 2H8Zm2-12a2 2 0 0 1 2 2v2h-1.5V2a.5.5 0 0 0-.5-.5H8V0h2Z\" \/>\n\t\t\t<\/svg>\n\t\t<\/button><\/figure>\n<\/div>\n\n\n\n<hr class=\"wp-block-separator has-text-color has-vivid-cyan-blue-color has-alpha-channel-opacity has-vivid-cyan-blue-background-color has-background is-style-wide\"\/>\n\n\n\n<hr class=\"wp-block-separator has-alpha-channel-opacity has-luminous-dusk-gradient-background has-background is-style-wide\"\/>\n\n\n\n<div class=\"wp-block-buttons is-content-justification-center is-layout-flex wp-container-core-buttons-is-layout-a89b3969 wp-block-buttons-is-layout-flex\">\n<div class=\"wp-block-button\"><a class=\"wp-block-button__link has-background has-medium-font-size has-text-align-center has-custom-font-size wp-element-button\" href=\"https:\/\/sportips.fr\/inscription\/SWIMRUN26\" style=\"border-radius:25px;background:linear-gradient(135deg,rgb(207,7,227) 0%,rgb(224,81,81) 100%)\">Inscriptions<br>(acc\u00e8s au site des inscriptions)<\/a><\/div>\n<\/div>\n\n\n\n<p class=\"has-text-align-center\" style=\"font-size:15px\"><\/p>\n\n\n\n<hr class=\"wp-block-separator has-text-color has-vivid-cyan-blue-color has-alpha-channel-opacity has-vivid-cyan-blue-background-color has-background is-style-wide\"\/>\n\n\n\n<figure class=\"wp-block-image size-full\"><img loading=\"lazy\" decoding=\"async\" width=\"756\" height=\"634\" src=\"https:\/\/www.toulon-triathlon.com\/wp-content\/uploads\/2026\/01\/Location_combi.jpg\" alt=\"\" class=\"wp-image-6118\" srcset=\"https:\/\/www.toulon-triathlon.com\/wp-content\/uploads\/2026\/01\/Location_combi.jpg 756w, https:\/\/www.toulon-triathlon.com\/wp-content\/uploads\/2026\/01\/Location_combi-300x252.jpg 300w\" sizes=\"auto, (max-width: 756px) 100vw, 756px\" \/><\/figure>\n\n\n\n<hr class=\"wp-block-separator has-alpha-channel-opacity has-luminous-dusk-gradient-background has-background is-style-wide\"\/>\n\n\n\n<div class=\"wp-block-buttons is-content-justification-center is-layout-flex wp-container-core-buttons-is-layout-a89b3969 wp-block-buttons-is-layout-flex\">\n<div class=\"wp-block-button\"><a class=\"wp-block-button__link has-electric-grass-gradient-background has-background has-medium-font-size has-text-align-center has-custom-font-size wp-element-button\" href=\"https:\/\/drive.google.com\/file\/d\/1gs9Ius5bNSgjKU__MueF0rmMAP_7xwvz\/view?usp=sharing\" style=\"border-radius:25px\" target=\"_blank\" rel=\"noreferrer noopener\">R\u00e8glement de \u00e9preuves<br>(R\u00e8gles de cours, heures de d\u00e9part, ravitaillements,&#8230;)<\/a><\/div>\n<\/div>\n\n\n\n<p class=\"has-text-align-center\" style=\"font-size:15px\"><\/p>\n\n\n\n<p><\/p>\n","protected":false},"excerpt":{"rendered":"<p>Les 3 circuits XS, M et S sont propos\u00e9s en Equipe ou en Solo. Parcours d\u00e9couverte ouvert aux familles (n\u00e9<\/p>\n","protected":false},"author":1,"featured_media":0,"parent":0,"menu_order":0,"comment_status":"closed","ping_status":"closed","template":"","meta":{"colormag_page_container_layout":"default_layout","colormag_page_sidebar_layout":"default_layout","_monsterinsights_skip_tracking":false,"_monsterinsights_sitenote_active":false,"_monsterinsights_sitenote_note":"","_monsterinsights_sitenote_category":0,"ngg_post_thumbnail":0,"footnotes":""},"class_list":["post-6034","page","type-page","status-publish","hentry"],"_links":{"self":[{"href":"https:\/\/www.toulon-triathlon.com\/index.php\/wp-json\/wp\/v2\/pages\/6034","targetHints":{"allow":["GET"]}}],"collection":[{"href":"https:\/\/www.toulon-triathlon.com\/index.php\/wp-json\/wp\/v2\/pages"}],"about":[{"href":"https:\/\/www.toulon-triathlon.com\/index.php\/wp-json\/wp\/v2\/types\/page"}],"author":[{"embeddable":true,"href":"https:\/\/www.toulon-triathlon.com\/index.php\/wp-json\/wp\/v2\/users\/1"}],"replies":[{"embeddable":true,"href":"https:\/\/www.toulon-triathlon.com\/index.php\/wp-json\/wp\/v2\/comments?post=6034"}],"version-history":[{"count":13,"href":"https:\/\/www.toulon-triathlon.com\/index.php\/wp-json\/wp\/v2\/pages\/6034\/revisions"}],"predecessor-version":[{"id":6179,"href":"https:\/\/www.toulon-triathlon.com\/index.php\/wp-json\/wp\/v2\/pages\/6034\/revisions\/6179"}],"wp:attachment":[{"href":"https:\/\/www.toulon-triathlon.com\/index.php\/wp-json\/wp\/v2\/media?parent=6034"}],"curies":[{"name":"wp","href":"https:\/\/api.w.org\/{rel}","templated":true}]}}