{"id":596,"date":"2016-08-04T18:48:11","date_gmt":"2016-08-04T16:48:11","guid":{"rendered":"http:\/\/www.toulon-triathlon.com\/?page_id=596"},"modified":"2016-08-08T19:22:40","modified_gmt":"2016-08-08T17:22:40","slug":"convention-cap-garonne","status":"publish","type":"page","link":"https:\/\/www.toulon-triathlon.com\/index.php\/convention-cap-garonne\/","title":{"rendered":"Convention Cap Garonne"},"content":{"rendered":"<p><img loading=\"lazy\" decoding=\"async\" class=\" wp-image-602 aligncenter\" src=\"https:\/\/www.toulon-triathlon.com\/wp-content\/uploads\/2016\/08\/logo-cap-garonne.png\" alt=\"logo-cap-garonne\" width=\"194\" height=\"122\" srcset=\"https:\/\/www.toulon-triathlon.com\/wp-content\/uploads\/2016\/08\/logo-cap-garonne.png 113w, https:\/\/www.toulon-triathlon.com\/wp-content\/uploads\/2016\/08\/logo-cap-garonne-31x19.png 31w, https:\/\/www.toulon-triathlon.com\/wp-content\/uploads\/2016\/08\/logo-cap-garonne-38x24.png 38w\" sizes=\"auto, (max-width: 194px) 100vw, 194px\" \/><\/p>\n<p>Les athl\u00e8tes d\u00e9sireux de prendre une licence athl\u00e9tisme se voient aid\u00e9s \u00e0 hauteur de la moiti\u00e9 du prix demand\u00e9.<\/p>\n\n<!-- G\u00e9n\u00e9ration r\u00e9alis\u00e9e avec Document Gallery. Obtenez votre version ici :http:\/\/wordpress.org\/extend\/plugins\/document-gallery -->\n<div id=\"document-gallery-1\" class=\"document-gallery\" data-shortcode='{\"id\":596,\"include\":\"\",\"exclude\":\"\",\"columns\":4,\"fancy\":true,\"order\":\"ASC\",\"orderby\":\"menu_order\",\"relation\":\"AND\",\"limit\":-1,\"mime_types\":\"application,video,text,audio,image\",\"paginate\":true,\"post_status\":\"any\",\"post_type\":\"attachment\",\"attachment_pg\":false,\"descriptions\":false,\"new_window\":false,\"skip\":0}' style='--dg-icon-width: 24%'>\n<div class='document-icon-row'>\n   <div class=\"document-icon\">\n      <a href=\"https:\/\/www.toulon-triathlon.com\/wp-content\/uploads\/2016\/08\/convention-CG-TTMV-2011.pdf\" target=\"_self\">\n         <img decoding=\"async\" src=\"https:\/\/www.toulon-triathlon.com\/wp-content\/plugins\/document-gallery\/src\/assets\/icons\/pdf.png\" title=\"convention-CG-TTMV-2011\" alt=\"convention-CG-TTMV-2011\" data-ext=\"pdf\"\/>\n         <span class=\"title\">convention-CG-TTMV-2011<\/span>\n      <\/a>\n   <\/div>\n   <div class=\"document-icon\">\n      <a href=\"https:\/\/www.toulon-triathlon.com\/wp-content\/uploads\/2016\/08\/Adhesion-Cap-Garonne.jpg\" target=\"_self\">\n         <img decoding=\"async\" src=\"https:\/\/www.toulon-triathlon.com\/wp-content\/uploads\/2016\/08\/Adhesion-Cap-Garonne.jpg\" title=\"Adhesion-Cap-Garonne\" alt=\"Adhesion-Cap-Garonne\" data-ext=\"jpg\"\/>\n         <span class=\"title\">Adhesion-Cap-Garonne<\/span>\n      <\/a>\n   <\/div>\n   <div class=\"document-icon\">\n      <a href=\"https:\/\/www.toulon-triathlon.com\/wp-content\/uploads\/2016\/08\/logo-cap-garonne.png\" target=\"_self\">\n         <img decoding=\"async\" src=\"https:\/\/www.toulon-triathlon.com\/wp-content\/uploads\/2016\/08\/logo-cap-garonne.png\" title=\"logo-cap-garonne\" alt=\"logo-cap-garonne\" data-ext=\"png\"\/>\n         <span class=\"title\">logo-cap-garonne<\/span>\n      <\/a>\n   <\/div>\n\n<\/div>\n<\/div>\n<p>&nbsp;<\/p>\n","protected":false},"excerpt":{"rendered":"<p>Les athl\u00e8tes d\u00e9sireux de prendre une licence athl\u00e9tisme se voient aid\u00e9s \u00e0 hauteur de la moiti\u00e9 du prix demand\u00e9. &nbsp;<\/p>\n","protected":false},"author":1,"featured_media":0,"parent":0,"menu_order":0,"comment_status":"closed","ping_status":"closed","template":"","meta":{"colormag_page_container_layout":"no_sidebar_full_width","colormag_page_sidebar_layout":"no_sidebar","_monsterinsights_skip_tracking":false,"_monsterinsights_sitenote_active":false,"_monsterinsights_sitenote_note":"","_monsterinsights_sitenote_category":0,"ngg_post_thumbnail":0,"footnotes":""},"class_list":["post-596","page","type-page","status-publish","hentry"],"_links":{"self":[{"href":"https:\/\/www.toulon-triathlon.com\/index.php\/wp-json\/wp\/v2\/pages\/596","targetHints":{"allow":["GET"]}}],"collection":[{"href":"https:\/\/www.toulon-triathlon.com\/index.php\/wp-json\/wp\/v2\/pages"}],"about":[{"href":"https:\/\/www.toulon-triathlon.com\/index.php\/wp-json\/wp\/v2\/types\/page"}],"author":[{"embeddable":true,"href":"https:\/\/www.toulon-triathlon.com\/index.php\/wp-json\/wp\/v2\/users\/1"}],"replies":[{"embeddable":true,"href":"https:\/\/www.toulon-triathlon.com\/index.php\/wp-json\/wp\/v2\/comments?post=596"}],"version-history":[{"count":3,"href":"https:\/\/www.toulon-triathlon.com\/index.php\/wp-json\/wp\/v2\/pages\/596\/revisions"}],"predecessor-version":[{"id":603,"href":"https:\/\/www.toulon-triathlon.com\/index.php\/wp-json\/wp\/v2\/pages\/596\/revisions\/603"}],"wp:attachment":[{"href":"https:\/\/www.toulon-triathlon.com\/index.php\/wp-json\/wp\/v2\/media?parent=596"}],"curies":[{"name":"wp","href":"https:\/\/api.w.org\/{rel}","templated":true}]}}