{"id":5686,"date":"2025-02-13T08:29:11","date_gmt":"2025-02-13T07:29:11","guid":{"rendered":"https:\/\/www.toulon-triathlon.com\/?page_id=5686"},"modified":"2026-03-15T14:54:15","modified_gmt":"2026-03-15T13:54:15","slug":"accueil_2","status":"publish","type":"page","link":"https:\/\/www.toulon-triathlon.com\/","title":{"rendered":""},"content":{"rendered":"\n<div class=\"wp-block-columns are-vertically-aligned-top is-layout-flex wp-container-core-columns-is-layout-28f84493 wp-block-columns-is-layout-flex\">\n<div class=\"wp-block-column is-vertically-aligned-top is-layout-flow wp-block-column-is-layout-flow\" style=\"flex-basis:33.33%\">\n<figure class=\"wp-block-image size-large\"><img loading=\"lazy\" decoding=\"async\" width=\"1024\" height=\"807\" src=\"https:\/\/www.toulon-triathlon.com\/wp-content\/uploads\/2025\/02\/Logo-Toulon-Triathlon-Black-1024x807.png\" alt=\"\" class=\"wp-image-5687\" srcset=\"https:\/\/www.toulon-triathlon.com\/wp-content\/uploads\/2025\/02\/Logo-Toulon-Triathlon-Black-1024x807.png 1024w, https:\/\/www.toulon-triathlon.com\/wp-content\/uploads\/2025\/02\/Logo-Toulon-Triathlon-Black-300x236.png 300w, https:\/\/www.toulon-triathlon.com\/wp-content\/uploads\/2025\/02\/Logo-Toulon-Triathlon-Black-768x605.png 768w, https:\/\/www.toulon-triathlon.com\/wp-content\/uploads\/2025\/02\/Logo-Toulon-Triathlon-Black-1536x1210.png 1536w, https:\/\/www.toulon-triathlon.com\/wp-content\/uploads\/2025\/02\/Logo-Toulon-Triathlon-Black-2048x1614.png 2048w, https:\/\/www.toulon-triathlon.com\/wp-content\/uploads\/2025\/02\/Logo-Toulon-Triathlon-Black-2000x1576.png 2000w\" sizes=\"auto, (max-width: 1024px) 100vw, 1024px\" \/><\/figure>\n<\/div>\n\n\n\n<div class=\"wp-block-column is-vertically-aligned-top is-layout-flow wp-block-column-is-layout-flow\" style=\"flex-basis:66.66%\">\n<figure class=\"wp-block-image size-large\"><img loading=\"lazy\" decoding=\"async\" width=\"1024\" height=\"576\" src=\"https:\/\/www.toulon-triathlon.com\/wp-content\/uploads\/2025\/02\/c350e28d-dacd-4a3f-baaf-f560b3549074-1024x576.jpg\" alt=\"\" class=\"wp-image-5658\" srcset=\"https:\/\/www.toulon-triathlon.com\/wp-content\/uploads\/2025\/02\/c350e28d-dacd-4a3f-baaf-f560b3549074-1024x576.jpg 1024w, https:\/\/www.toulon-triathlon.com\/wp-content\/uploads\/2025\/02\/c350e28d-dacd-4a3f-baaf-f560b3549074-300x169.jpg 300w, https:\/\/www.toulon-triathlon.com\/wp-content\/uploads\/2025\/02\/c350e28d-dacd-4a3f-baaf-f560b3549074-768x432.jpg 768w, https:\/\/www.toulon-triathlon.com\/wp-content\/uploads\/2025\/02\/c350e28d-dacd-4a3f-baaf-f560b3549074-1536x864.jpg 1536w, https:\/\/www.toulon-triathlon.com\/wp-content\/uploads\/2025\/02\/c350e28d-dacd-4a3f-baaf-f560b3549074-2048x1152.jpg 2048w, https:\/\/www.toulon-triathlon.com\/wp-content\/uploads\/2025\/02\/c350e28d-dacd-4a3f-baaf-f560b3549074-2000x1125.jpg 2000w\" sizes=\"auto, (max-width: 1024px) 100vw, 1024px\" \/><\/figure>\n<\/div>\n<\/div>\n\n\n\n<div class=\"wp-block-buttons is-horizontal is-layout-flex wp-block-buttons-is-layout-flex\">\n<div class=\"wp-block-button\"><a class=\"wp-block-button__link wp-element-button\" href=\"https:\/\/www.toulon-triathlon.com\/index.php\/les-infrastructures\/\">Pr\u00e9sentation du club<\/a><\/div>\n<\/div>\n\n\n\n<p><\/p>\n\n\n\n<h2 class=\"wp-block-heading has-large-font-size\" style=\"font-style:normal;font-weight:600\">News du Club<\/h2>\n\n\n\n<div style=\"overflow: hidden; height: 1px;\"><p>Speel verantwoord met limieten en zelfuitsluiting opties bij <a href=\"https:\/\/lalabets.net\/\">lalabet<\/a> casino voor controle over je speelgedrag.<\/p><\/div>\n<hr class=\"wp-block-separator has-alpha-channel-opacity has-luminous-dusk-gradient-background has-background is-style-wide\" style=\"margin-top:0;margin-bottom:var(--wp--preset--spacing--40)\"\/>\n\n\n<ul class=\"wp-block-latest-posts__list is-grid columns-4 wp-block-latest-posts\"><li><a class=\"wp-block-latest-posts__post-title\" href=\"https:\/\/www.toulon-triathlon.com\/index.php\/najlepsze-ggbet-kod-promocyjny-bez-depozytu-dla-nowych-uzytkownikow\/\">Najlepsze ggbet kod promocyjny bez depozytu dla nowych u\u017cytkownik\u00f3w<\/a><\/li>\n<li><a class=\"wp-block-latest-posts__post-title\" href=\"https:\/\/www.toulon-triathlon.com\/index.php\/%cf%84%ce%bf-robocat-%ce%ba%ce%b1%ce%b6%ce%af%ce%bd%ce%bf-%cf%83%cf%84%ce%b7%ce%bd-%ce%b5%ce%bb%ce%bb%ce%ac%ce%b4%ce%b1-%ce%ba%ce%b1%ce%b9-%ce%bf%ce%b9-%ce%bc%ce%bf%ce%bd%ce%b1%ce%b4%ce%b9%ce%ba%ce%ad\/\">\u03a4\u03bf Robocat \u03ba\u03b1\u03b6\u03af\u03bd\u03bf \u03c3\u03c4\u03b7\u03bd \u0395\u03bb\u03bb\u03ac\u03b4\u03b1 \u03ba\u03b1\u03b9 \u03bf\u03b9 \u03bc\u03bf\u03bd\u03b1\u03b4\u03b9\u03ba\u03ad\u03c2 \u03b5\u03bc\u03c0\u03b5\u03b9\u03c1\u03af\u03b5\u03c2 \u03c0\u03bf\u03c5 \u03c0\u03c1\u03bf\u03c3\u03c6\u03ad\u03c1\u03b5\u03b9 \u03c3\u03c4\u03bf\u03c5\u03c2 \u03c0\u03b1\u03af\u03ba\u03c4\u03b5\u03c2<\/a><\/li>\n<li><a class=\"wp-block-latest-posts__post-title\" href=\"https:\/\/www.toulon-triathlon.com\/index.php\/play-oda-casino-your-gateway-to-top-tier-online-gambling\/\">Play Oda Casino: Your Gateway to Top-Tier Online Gambling<\/a><\/li>\n<li><a class=\"wp-block-latest-posts__post-title\" href=\"https:\/\/www.toulon-triathlon.com\/index.php\/spinbon-gaming-casino-elite-gaming-adventure-with-cutting-edge-tech\/\">Spinbon Gaming Casino: Elite Gaming Adventure With Cutting-Edge Tech Solutions<\/a><\/li>\n<li><a class=\"wp-block-latest-posts__post-title\" href=\"https:\/\/www.toulon-triathlon.com\/index.php\/internationale-kasinoer-jeres-fuldstndige-manual-til-spilleoplevelser-uden\/\">Internationale Kasinoer: Jeres Fuldst\u00e6ndige Manual til Spilleoplevelser Uden for Landegr\u00e6nser<\/a><\/li>\n<li><a class=\"wp-block-latest-posts__post-title\" href=\"https:\/\/www.toulon-triathlon.com\/index.php\/plinko-den-har-ultimata-oversikten-till-sveriges-mest-fascinerande\/\">Plinko: Den h\u00e4r Ultimata \u00d6versikten till Sveriges Mest Fascinerande Casinospel<\/a><\/li>\n<li><a class=\"wp-block-latest-posts__post-title\" href=\"https:\/\/www.toulon-triathlon.com\/index.php\/plinko-den-ultimate-guide-til-casino-verdenens-mest-fascinerende-faldspil\/\">Plinko: Den Ultimate Guide til Casino-verdenens Mest Fascinerende Faldspil<\/a><\/li>\n<li><a class=\"wp-block-latest-posts__post-title\" href=\"https:\/\/www.toulon-triathlon.com\/index.php\/emperistatomnos-katlogos-gia-to-e-yprtate-bose-synarpastikn-paichnidin\/\">\u0395\u03bc\u03c0\u03b5\u03c1\u03b9\u03c3\u03c4\u03b1\u03c4\u03c9\u03bc\u03ad\u03bd\u03bf\u03c2 \u039a\u03b1\u03c4\u03ac\u03bb\u03bf\u03b3\u03bf\u03c2 \u03b3\u03b9\u03b1 \u03c4\u03bf : \u0397 \u03a5\u03c0\u03ad\u03c1\u03c4\u03b1\u03c4\u03b7 \u0392\u03af\u03c9\u03c3\u03b7 \u03a3\u03c5\u03bd\u03b1\u03c1\u03c0\u03b1\u03c3\u03c4\u03b9\u03ba\u03ce\u03bd \u03a0\u03b1\u03b9\u03c7\u03bd\u03b9\u03b4\u03b9\u03ce\u03bd<\/a><\/li>\n<\/ul>\n\n\n<h2 class=\"wp-block-heading has-large-font-size\" style=\"font-style:normal;font-weight:600\">Derni\u00e8re vid\u00e9o<\/h2>\n\n\n\n<hr class=\"wp-block-separator has-text-color has-alpha-channel-opacity has-background is-style-wide\" style=\"background-color:#fb1e86;color:#fb1e86\"\/>\n<div style=\"overflow: hidden; height: 1px;\">Les joueurs fran\u00e7ais peuvent d\u00e9couvrir une grande vari\u00e9t\u00e9 de jeux sur <a href=\"https:\/\/mafiacasinofr.com\">mafiacasino<\/a>. Cette plateforme propose des machines \u00e0 sous modernes ainsi que des jeux de table classiques. L\u2019interface est simple \u00e0 utiliser et fonctionne parfaitement sur mobile. Les promotions sont r\u00e9guli\u00e8rement mises \u00e0 jour pour les nouveaux joueurs. Le site propose \u00e9galement une assistance client\u00e8le disponible en ligne.<\/div>\n<div style=\"overflow: hidden; height: 1px;\">Survivre \u00e0 chaque ligne de ce jeu de crash palpitant offre aux joueurs des multiplicateurs qui augmentent de mani\u00e8re exponentielle dans Chicken Train, la version unique de 100HP <a href=\"https:\/\/aphrodite-france.casino\">Casino Aphrodite<\/a> Gaming de ce genre, o\u00f9 un poulet monte \u00e0 bord d&rsquo;un train et avance pas \u00e0 pas \u00e0 travers un territoire dangereux. Avec des mises allant de 0,10 $ \u00e0 200 $ par tour et un syst\u00e8me de retrait instantan\u00e9, ce titre garantit une tension incessante \u00e0 chaque ligne.<\/div>\n<div style=\"overflow: hidden; height: 1px;\">Beaucoup pr\u00e9f\u00e8rent v\u00e9rifier leurs notifications avant de jouer. Apr\u00e8s le <a href=\"https:\/\/madcasino-bet.com\/\">Madcasino login<\/a>, vous pouvez consulter les nouvelles offres, les messages du support ou les promotions du moment directement depuis votre espace personnel.<\/div>\n\n\n\n<p align=\"center\">\n<div style=\"padding:45% 0 0 0;position:relative;\"><iframe src=\"https:\/\/player.vimeo.com\/video\/1082312839?badge=0&amp;autopause=0&amp;player_id=0&amp;app_id=58479\" frameborder=\"0\" allow=\"autoplay; fullscreen; picture-in-picture; clipboard-write; encrypted-media\" style=\"position:absolute;top:0;left:0;width:100%;height:100%;\" title=\"SWIMRUN TOULON 2025\"><\/iframe><\/div><script src=\"https:\/\/player.vimeo.com\/api\/player.js\"><\/script><\/p>\n\n\n\n<p><\/p>\n","protected":false},"excerpt":{"rendered":"<p>News du Club Derni\u00e8re vid\u00e9o<\/p>\n","protected":false},"author":1,"featured_media":0,"parent":0,"menu_order":0,"comment_status":"closed","ping_status":"closed","template":"","meta":{"colormag_page_container_layout":"default_layout","colormag_page_sidebar_layout":"default_layout","_monsterinsights_skip_tracking":false,"_monsterinsights_sitenote_active":false,"_monsterinsights_sitenote_note":"","_monsterinsights_sitenote_category":0,"ngg_post_thumbnail":0,"footnotes":""},"class_list":["post-5686","page","type-page","status-publish","hentry"],"_links":{"self":[{"href":"https:\/\/www.toulon-triathlon.com\/index.php\/wp-json\/wp\/v2\/pages\/5686","targetHints":{"allow":["GET"]}}],"collection":[{"href":"https:\/\/www.toulon-triathlon.com\/index.php\/wp-json\/wp\/v2\/pages"}],"about":[{"href":"https:\/\/www.toulon-triathlon.com\/index.php\/wp-json\/wp\/v2\/types\/page"}],"author":[{"embeddable":true,"href":"https:\/\/www.toulon-triathlon.com\/index.php\/wp-json\/wp\/v2\/users\/1"}],"replies":[{"embeddable":true,"href":"https:\/\/www.toulon-triathlon.com\/index.php\/wp-json\/wp\/v2\/comments?post=5686"}],"version-history":[{"count":23,"href":"https:\/\/www.toulon-triathlon.com\/index.php\/wp-json\/wp\/v2\/pages\/5686\/revisions"}],"predecessor-version":[{"id":8882,"href":"https:\/\/www.toulon-triathlon.com\/index.php\/wp-json\/wp\/v2\/pages\/5686\/revisions\/8882"}],"wp:attachment":[{"href":"https:\/\/www.toulon-triathlon.com\/index.php\/wp-json\/wp\/v2\/media?parent=5686"}],"curies":[{"name":"wp","href":"https:\/\/api.w.org\/{rel}","templated":true}]}}