{"id":5100,"date":"2023-11-13T19:07:17","date_gmt":"2023-11-13T18:07:17","guid":{"rendered":"http:\/\/www.toulon-triathlon.com\/?page_id=5100"},"modified":"2024-07-08T19:18:58","modified_gmt":"2024-07-08T17:18:58","slug":"le-defi-du-levant-2024","status":"publish","type":"page","link":"https:\/\/www.toulon-triathlon.com\/index.php\/le-defi-du-levant-2024\/","title":{"rendered":"Le D\u00e9fi du Levant 2024"},"content":{"rendered":"\n<figure class=\"wp-block-embed is-type-video is-provider-youtube wp-block-embed-youtube wp-embed-aspect-16-9 wp-has-aspect-ratio\"><div class=\"wp-block-embed__wrapper\">\n<iframe loading=\"lazy\" title=\"\ud835\udde6\ud835\uddea\ud835\udddc\ud835\udde0\ud835\udde5\ud835\udde8\ud835\udde1 \ud835\udde7\ud835\udde2\ud835\udde8\ud835\udddf\ud835\udde2\ud835\udde1 \ud835\udfee\ud835\udfec\ud835\udfee\ud835\udff0\" width=\"800\" height=\"450\" src=\"https:\/\/www.youtube.com\/embed\/v5u4BBJFKCI?feature=oembed\" frameborder=\"0\" allow=\"accelerometer; autoplay; clipboard-write; encrypted-media; gyroscope; picture-in-picture; web-share\" referrerpolicy=\"strict-origin-when-cross-origin\" allowfullscreen><\/iframe>\n<\/div><\/figure>\n\n\n\n<p class=\"has-text-align-center has-large-font-size\"><a href=\"https:\/\/chronosports.fr\/classification\/swimrun-toulon-2024\">R\u00e9sultats 2024<\/a><br><br><a href=\"https:\/\/photos.app.goo.gl\/CtZGVHjyKQfbQL4y6\" target=\"_blank\" rel=\"noreferrer noopener\">Album Photos 1<\/a><\/p>\n\n\n\n<p class=\"has-text-align-center has-large-font-size\"><a href=\"https:\/\/photos.app.goo.gl\/EZi4CvhVZvC5EGPdA\" target=\"_blank\" rel=\"noreferrer noopener\">Album Photos 2<\/a><\/p>\n\n\n\n<p class=\"has-text-align-center has-large-font-size\"><a href=\"https:\/\/photos.app.goo.gl\/F9RSpwGrZbKDY1xj7\" target=\"_blank\" rel=\"noreferrer noopener\">Album Photos 3<\/a><\/p>\n\n\n\n<p class=\"has-text-align-center has-large-font-size\"><a href=\"https:\/\/drive.google.com\/drive\/folders\/1fh9iTLM9vvLYmLwZ99WHJFEjeOQXcOyW\" target=\"_blank\" rel=\"noreferrer noopener\">Album Photos 4<\/a><\/p>\n\n\n\n<figure class=\"wp-block-embed is-type-video is-provider-vimeo wp-block-embed-vimeo\"><div class=\"wp-block-embed__wrapper\">\n<iframe loading=\"lazy\" title=\"TEASER SWIMRUN TOULON 2024\" src=\"https:\/\/player.vimeo.com\/video\/910142784?dnt=1&amp;app_id=122963\" width=\"800\" height=\"450\" frameborder=\"0\" allow=\"autoplay; fullscreen; picture-in-picture; clipboard-write\"><\/iframe>\n<\/div><\/figure>\n\n\n\n<figure class=\"wp-block-image aligncenter size-large is-resized\"><img loading=\"lazy\" decoding=\"async\" width=\"723\" height=\"1024\" src=\"https:\/\/www.toulon-triathlon.com\/wp-content\/uploads\/2023\/11\/SWIMRUN_affiche-2024-723x1024.png\" alt=\"\" class=\"wp-image-5101\" style=\"width:348px;height:493px\" srcset=\"https:\/\/www.toulon-triathlon.com\/wp-content\/uploads\/2023\/11\/SWIMRUN_affiche-2024-723x1024.png 723w, https:\/\/www.toulon-triathlon.com\/wp-content\/uploads\/2023\/11\/SWIMRUN_affiche-2024-212x300.png 212w, https:\/\/www.toulon-triathlon.com\/wp-content\/uploads\/2023\/11\/SWIMRUN_affiche-2024-768x1087.png 768w, https:\/\/www.toulon-triathlon.com\/wp-content\/uploads\/2023\/11\/SWIMRUN_affiche-2024-105x148.png 105w, https:\/\/www.toulon-triathlon.com\/wp-content\/uploads\/2023\/11\/SWIMRUN_affiche-2024-22x31.png 22w, https:\/\/www.toulon-triathlon.com\/wp-content\/uploads\/2023\/11\/SWIMRUN_affiche-2024-27x38.png 27w, https:\/\/www.toulon-triathlon.com\/wp-content\/uploads\/2023\/11\/SWIMRUN_affiche-2024-152x215.png 152w, https:\/\/www.toulon-triathlon.com\/wp-content\/uploads\/2023\/11\/SWIMRUN_affiche-2024.png 904w\" sizes=\"auto, (max-width: 723px) 100vw, 723px\" \/><\/figure>\n\n\n\n<p><br><span class=\"tadv-color\" style=\"\"><strong><font color=\"#000000\"><b>Pr\u00e9sentation des 3 Parcours<\/b><\/font><\/strong><font color=\"#000000\"><span><b> <\/b>:<\/span><\/font><\/span><\/p>\n\n\n\n<p>Les 3 circuits XS, M et S sont propos\u00e9s en Equipe ou en Solo.<\/p>\n\n\n\n<div class=\"wp-block-media-text alignwide is-stacked-on-mobile\" style=\"grid-template-columns:51% auto\"><figure class=\"wp-block-media-text__media\"><a href=\"https:\/\/www.toulon-triathlon.com\/wp-content\/uploads\/2022\/02\/Parcours-XS-2022.png\"><img decoding=\"async\" src=\"https:\/\/www.toulon-triathlon.com\/wp-content\/uploads\/2022\/02\/Parcours-XS-2022.png\" alt=\"\" class=\"wp-image-4445 size-full\"\/><\/a><\/figure><div class=\"wp-block-media-text__content\">\n<h3 class=\"wp-block-heading has-text-align-center\">Parcours XS<br>Challenge Enfant \/Parent<\/h3>\n\n\n\n<p>    Parcours d\u00e9couverte ouvert aux familles <br>9 Sections dont 5 Courses \u00e0 pied et 4 Natations<br>2320m C\u00e0P \/ 720 m Natation = <strong>3 040m Total<\/strong><\/p>\n\n\n\n<blockquote class=\"embedly-card\" data-card-controls=\"0\" data-card-key=\"f1631a41cb254ca5b035dc5747a5bd75\"><h4><a href=\"https:\/\/www.relive.cc\/view\/vPv4V2dPL36?r=embed-site\">Relive &lsquo;Swimrun de Toulon &#8211; Le D\u00e9fi du Levant  Parcours XS&rsquo;<\/a><\/h4><\/blockquote>\n        <script async src=\"https:\/\/cdn.embedly.com\/widgets\/platform.js\" charset=\"UTF-8\"><\/script>\n<\/div><\/div>\n\n\n\n<hr class=\"wp-block-separator has-alpha-channel-opacity\"\/>\n\n\n\n<p><\/p>\n\n\n\n<div class=\"wp-block-media-text alignwide has-media-on-the-right is-stacked-on-mobile\" style=\"grid-template-columns:auto 51%\"><div class=\"wp-block-media-text__content\">\n<h3 class=\"wp-block-heading\"><br>Parcours S<\/h3>\n\n\n\n<p>              Parcours Rapide et Sportif<br>15 Sections dont 8 Courses \u00e0 pied et 7 Natations<br>6550m C\u00e0P \/ 1790m Natation = <strong>8 340m Total<\/strong><br><\/p>\n\n\n\n<blockquote class=\"embedly-card\" data-card-controls=\"0\" data-card-key=\"f1631a41cb254ca5b035dc5747a5bd75\"><h4><a href=\"https:\/\/www.relive.cc\/view\/veqz14d2Q76?r=embed-site\">Relive &lsquo;Swimrun de Toulon &#8211; Le D\u00e9fi du Levant &#8211; Parcours S&rsquo;<\/a><\/h4><\/blockquote>\n        <script async src=\"https:\/\/cdn.embedly.com\/widgets\/platform.js\" charset=\"UTF-8\"><\/script>\n<\/div><figure class=\"wp-block-media-text__media\"><a href=\"https:\/\/www.toulon-triathlon.com\/wp-content\/uploads\/2023\/02\/Parcours-S-png.png\"><img loading=\"lazy\" decoding=\"async\" width=\"1024\" height=\"545\" src=\"https:\/\/www.toulon-triathlon.com\/wp-content\/uploads\/2023\/02\/Parcours-S-png-1024x545.png\" alt=\"\" class=\"wp-image-4717 size-full\" srcset=\"https:\/\/www.toulon-triathlon.com\/wp-content\/uploads\/2023\/02\/Parcours-S-png-1024x545.png 1024w, https:\/\/www.toulon-triathlon.com\/wp-content\/uploads\/2023\/02\/Parcours-S-png-300x160.png 300w, https:\/\/www.toulon-triathlon.com\/wp-content\/uploads\/2023\/02\/Parcours-S-png-768x409.png 768w, https:\/\/www.toulon-triathlon.com\/wp-content\/uploads\/2023\/02\/Parcours-S-png-1536x818.png 1536w, https:\/\/www.toulon-triathlon.com\/wp-content\/uploads\/2023\/02\/Parcours-S-png-2048x1091.png 2048w, https:\/\/www.toulon-triathlon.com\/wp-content\/uploads\/2023\/02\/Parcours-S-png-148x79.png 148w, https:\/\/www.toulon-triathlon.com\/wp-content\/uploads\/2023\/02\/Parcours-S-png-31x17.png 31w, https:\/\/www.toulon-triathlon.com\/wp-content\/uploads\/2023\/02\/Parcours-S-png-38x20.png 38w, https:\/\/www.toulon-triathlon.com\/wp-content\/uploads\/2023\/02\/Parcours-S-png-404x215.png 404w, https:\/\/www.toulon-triathlon.com\/wp-content\/uploads\/2023\/02\/Parcours-S-png-2000x1065.png 2000w\" sizes=\"auto, (max-width: 1024px) 100vw, 1024px\" \/><\/a><\/figure><\/div>\n\n\n\n<hr class=\"wp-block-separator has-alpha-channel-opacity\"\/>\n\n\n\n<div class=\"wp-block-media-text alignwide is-stacked-on-mobile\"><figure class=\"wp-block-media-text__media\"><a href=\"https:\/\/www.toulon-triathlon.com\/wp-content\/uploads\/2023\/02\/Parcours-M-2023.png\" target=\"_blank\" rel=\"noreferrer noopener\"><img loading=\"lazy\" decoding=\"async\" width=\"1024\" height=\"723\" src=\"https:\/\/www.toulon-triathlon.com\/wp-content\/uploads\/2023\/02\/Parcours-M-2023-1024x723.png\" alt=\"\" class=\"wp-image-4721 size-full\" srcset=\"https:\/\/www.toulon-triathlon.com\/wp-content\/uploads\/2023\/02\/Parcours-M-2023-1024x723.png 1024w, https:\/\/www.toulon-triathlon.com\/wp-content\/uploads\/2023\/02\/Parcours-M-2023-300x212.png 300w, https:\/\/www.toulon-triathlon.com\/wp-content\/uploads\/2023\/02\/Parcours-M-2023-768x543.png 768w, https:\/\/www.toulon-triathlon.com\/wp-content\/uploads\/2023\/02\/Parcours-M-2023-1536x1085.png 1536w, https:\/\/www.toulon-triathlon.com\/wp-content\/uploads\/2023\/02\/Parcours-M-2023-2048x1447.png 2048w, https:\/\/www.toulon-triathlon.com\/wp-content\/uploads\/2023\/02\/Parcours-M-2023-148x105.png 148w, https:\/\/www.toulon-triathlon.com\/wp-content\/uploads\/2023\/02\/Parcours-M-2023-31x22.png 31w, https:\/\/www.toulon-triathlon.com\/wp-content\/uploads\/2023\/02\/Parcours-M-2023-38x27.png 38w, https:\/\/www.toulon-triathlon.com\/wp-content\/uploads\/2023\/02\/Parcours-M-2023-304x215.png 304w, https:\/\/www.toulon-triathlon.com\/wp-content\/uploads\/2023\/02\/Parcours-M-2023-2000x1413.png 2000w\" sizes=\"auto, (max-width: 1024px) 100vw, 1024px\" \/><\/a><\/figure><div class=\"wp-block-media-text__content\">\n<h3 class=\"wp-block-heading\">Parcours M<\/h3>\n\n\n\n<p>               Parcours Long et Sportif<br>31 Sections dont 16 Courses \u00e0 pied et 15 Natations<br>1\u00b0 Boucle Longue : De la Tour Royale jusqu&rsquo;\u00e0 l&rsquo;Anse M\u00e9jean, puis retour vers la Plage de la Mitre<br>2\u00b0 Boucle Courte : Plage de la Mitre jusqu&rsquo;\u00e0 L&rsquo;\u00eele aux Chiens et retour vers la Tour Royale <br><br>13 660m C\u00e0P \/ 4110m Natation = <strong>17 770m Total<\/strong><\/p>\n\n\n\n<blockquote class=\"embedly-card\" data-card-controls=\"0\" data-card-key=\"f1631a41cb254ca5b035dc5747a5bd75\"><h4><a href=\"https:\/\/www.relive.cc\/view\/vevW3jXQEyv?r=embed-site\">Relive &lsquo;Swimrun de Toulon &#8211; Le D\u00e9fi du Levant &#8211; Parcours M&rsquo;<\/a><\/h4><\/blockquote>\n        <script async src=\"https:\/\/cdn.embedly.com\/widgets\/platform.js\" charset=\"UTF-8\"><\/script>\n<\/div><\/div>\n\n\n\n<h2 class=\"wp-block-heading\">Inscriptions et reglement<\/h2>\n\n\n\n<p><a href=\"https:\/\/drive.google.com\/file\/d\/1QCmXaXZnOVWbbVFg9LnB3g051qNSSqN7\/view?usp=sharing\" target=\"_blank\" rel=\"noreferrer noopener\">R\u00e8glement \u00e0 lire<\/a><\/p>\n\n\n\n<p><a href=\"https:\/\/chronosports.fr\/evenement\/swimrun-toulon-2024\/\">Site des inscriptions<\/a><\/p>\n\n\n\n<h2 class=\"wp-block-heading\"><\/h2>\n","protected":false},"excerpt":{"rendered":"<p>R\u00e9sultats 2024 Album Photos 1 Album Photos 2 Album Photos 3 Album Photos 4 Pr\u00e9sentation des 3 Parcours : Les<\/p>\n","protected":false},"author":1,"featured_media":0,"parent":0,"menu_order":0,"comment_status":"closed","ping_status":"closed","template":"","meta":{"colormag_page_container_layout":"no_sidebar_content_centered","colormag_page_sidebar_layout":"no_sidebar","_monsterinsights_skip_tracking":false,"_monsterinsights_sitenote_active":false,"_monsterinsights_sitenote_note":"","_monsterinsights_sitenote_category":0,"ngg_post_thumbnail":0,"footnotes":""},"class_list":["post-5100","page","type-page","status-publish","hentry"],"_links":{"self":[{"href":"https:\/\/www.toulon-triathlon.com\/index.php\/wp-json\/wp\/v2\/pages\/5100","targetHints":{"allow":["GET"]}}],"collection":[{"href":"https:\/\/www.toulon-triathlon.com\/index.php\/wp-json\/wp\/v2\/pages"}],"about":[{"href":"https:\/\/www.toulon-triathlon.com\/index.php\/wp-json\/wp\/v2\/types\/page"}],"author":[{"embeddable":true,"href":"https:\/\/www.toulon-triathlon.com\/index.php\/wp-json\/wp\/v2\/users\/1"}],"replies":[{"embeddable":true,"href":"https:\/\/www.toulon-triathlon.com\/index.php\/wp-json\/wp\/v2\/comments?post=5100"}],"version-history":[{"count":14,"href":"https:\/\/www.toulon-triathlon.com\/index.php\/wp-json\/wp\/v2\/pages\/5100\/revisions"}],"predecessor-version":[{"id":5353,"href":"https:\/\/www.toulon-triathlon.com\/index.php\/wp-json\/wp\/v2\/pages\/5100\/revisions\/5353"}],"wp:attachment":[{"href":"https:\/\/www.toulon-triathlon.com\/index.php\/wp-json\/wp\/v2\/media?parent=5100"}],"curies":[{"name":"wp","href":"https:\/\/api.w.org\/{rel}","templated":true}]}}