{"id":4685,"date":"2023-01-02T20:40:36","date_gmt":"2023-01-02T19:40:36","guid":{"rendered":"http:\/\/www.toulon-triathlon.com\/?page_id=4685"},"modified":"2023-05-11T20:32:28","modified_gmt":"2023-05-11T18:32:28","slug":"le-defi-du-levant-2023","status":"publish","type":"page","link":"https:\/\/www.toulon-triathlon.com\/index.php\/le-defi-du-levant-2023\/","title":{"rendered":"Le D\u00e9fi du Levant 2023"},"content":{"rendered":"\n<figure class=\"wp-block-embed is-type-video is-provider-youtube wp-block-embed-youtube wp-embed-aspect-16-9 wp-has-aspect-ratio\"><div class=\"wp-block-embed__wrapper\">\n<iframe loading=\"lazy\" title=\"\ud835\udc12\ud835\udc16\ud835\udc08\ud835\udc0c\ud835\udc11\ud835\udc14\ud835\udc0d \ud835\udc13\ud835\udc0e\ud835\udc14\ud835\udc0b\ud835\udc0e\ud835\udc0d \ud835\udfd0\ud835\udfce\ud835\udfd0\ud835\udfd1: \ud835\udc25\ud835\udc1e \ud835\udc03\ud835\udc1e\u0301\ud835\udc1f\ud835\udc22 \ud835\udc1d\ud835\udc2e \ud835\udc0b\ud835\udc1e\ud835\udc2f\ud835\udc1a\ud835\udc27\ud835\udc2d\" width=\"800\" height=\"450\" src=\"https:\/\/www.youtube.com\/embed\/TnDaL9lZmL0?feature=oembed\" frameborder=\"0\" allow=\"accelerometer; autoplay; clipboard-write; encrypted-media; gyroscope; picture-in-picture; web-share\" referrerpolicy=\"strict-origin-when-cross-origin\" allowfullscreen><\/iframe>\n<\/div><\/figure>\n\n\n\n<figure class=\"wp-block-image aligncenter size-large is-resized\"><img loading=\"lazy\" decoding=\"async\" src=\"https:\/\/www.toulon-triathlon.com\/wp-content\/uploads\/2023\/01\/SWIMRUN_affiche_2023_red-724x1024.jpg\" alt=\"\" class=\"wp-image-4710\" width=\"508\" height=\"718\" srcset=\"https:\/\/www.toulon-triathlon.com\/wp-content\/uploads\/2023\/01\/SWIMRUN_affiche_2023_red-724x1024.jpg 724w, https:\/\/www.toulon-triathlon.com\/wp-content\/uploads\/2023\/01\/SWIMRUN_affiche_2023_red-212x300.jpg 212w, https:\/\/www.toulon-triathlon.com\/wp-content\/uploads\/2023\/01\/SWIMRUN_affiche_2023_red-768x1087.jpg 768w, https:\/\/www.toulon-triathlon.com\/wp-content\/uploads\/2023\/01\/SWIMRUN_affiche_2023_red-1086x1536.jpg 1086w, https:\/\/www.toulon-triathlon.com\/wp-content\/uploads\/2023\/01\/SWIMRUN_affiche_2023_red-1447x2048.jpg 1447w, https:\/\/www.toulon-triathlon.com\/wp-content\/uploads\/2023\/01\/SWIMRUN_affiche_2023_red-105x148.jpg 105w, https:\/\/www.toulon-triathlon.com\/wp-content\/uploads\/2023\/01\/SWIMRUN_affiche_2023_red-22x31.jpg 22w, https:\/\/www.toulon-triathlon.com\/wp-content\/uploads\/2023\/01\/SWIMRUN_affiche_2023_red-27x38.jpg 27w, https:\/\/www.toulon-triathlon.com\/wp-content\/uploads\/2023\/01\/SWIMRUN_affiche_2023_red-152x215.jpg 152w, https:\/\/www.toulon-triathlon.com\/wp-content\/uploads\/2023\/01\/SWIMRUN_affiche_2023_red-1413x2000.jpg 1413w, https:\/\/www.toulon-triathlon.com\/wp-content\/uploads\/2023\/01\/SWIMRUN_affiche_2023_red-scaled.jpg 1809w\" sizes=\"auto, (max-width: 508px) 100vw, 508px\" \/><\/figure>\n\n\n\n<h3 class=\"wp-block-heading\"><strong>Photos et r\u00e9sultats<\/strong><\/h3>\n\n\n\n<p><a rel=\"noreferrer noopener\" href=\"https:\/\/photos.app.goo.gl\/UaVTz27Ky64SUFaUA\" target=\"_blank\">Album photos 1<\/a><\/p>\n\n\n\n<p><a href=\"https:\/\/l.facebook.com\/l.php?u=https%3A%2F%2Fphotos.app.goo.gl%2F4w21bPfQ5WztSyUe9%3Ffbclid%3DIwAR3hGI1CmRWUB46Sq_03mNmZRjPuMi5jCPqqYF2XXmQth359fddIKH9uKdQ&amp;h=AT2c7ZvxiKJ0WWHRFHFQQXwniB6n0cd9Zmu-hePHZ1ZlXGGoRpuvCGn5-bxRabFeXuJ0TIuAuWaHa4O2tcF4-Rup0ygc7OP2PGixdQtmk4IkS6e0J-FfR0mSfwycGOVZm4pt4Gv1x-Qoi68-Bxw\" target=\"_blank\" rel=\"noreferrer noopener\">Album photos 2<\/a><\/p>\n\n\n\n<p><a rel=\"noopener\" href=\"https:\/\/nikrome.com\/fichiers\/PDF\/swimrun23.pdf\" target=\"_blank\">R\u00e9sultats 2023<\/a><\/p>\n\n\n\n<p class=\"has-text-align-center\"><a rel=\"noreferrer noopener\" href=\"https:\/\/drive.google.com\/file\/d\/1h6mkUA_sN-GrpuXK3FXm3-xr7XqtV5aJ\/view?usp=share_link\" target=\"_blank\">R\u00e8glement 2023<\/a> : Tarifs, Programme (\u00e0 lire attentivement)<\/p>\n\n\n\n<h2 class=\"wp-block-heading has-medium-font-size\" id=\"block-2025eb80-ecb9-4c49-82d7-8c04d2614a24\"><br><span style=\"\" class=\"tadv-color\"><strong><font color=\"#000000\"><b>Pr\u00e9sentation des 3 Parcours<\/b><\/font><\/strong><font color=\"#000000\"><span><b> <\/b>:<\/span><\/font><\/span><\/h2>\n\n\n\n<p>Les 3 circuits XS, M et S sont propos\u00e9s en Equipe ou en Solo.<\/p>\n\n\n\n<div class=\"wp-block-media-text alignwide is-stacked-on-mobile\" style=\"grid-template-columns:51% auto\"><figure class=\"wp-block-media-text__media\"><a href=\"https:\/\/www.toulon-triathlon.com\/wp-content\/uploads\/2022\/02\/Parcours-XS-2022.png\"><img decoding=\"async\" src=\"https:\/\/www.toulon-triathlon.com\/wp-content\/uploads\/2022\/02\/Parcours-XS-2022.png\" alt=\"\" class=\"wp-image-4445 size-full\"\/><\/a><\/figure><div class=\"wp-block-media-text__content\">\n<h3 class=\"wp-block-heading has-text-align-center\">Parcours XS<br>Challenge Enfant \/Parent<\/h3>\n\n\n\n<p>    Parcours d\u00e9couverte ouvert aux familles <br>9 Sections dont 5 Courses \u00e0 pied et 4 Natations<br>2320m C\u00e0P \/ 720 m Natation = <strong>3 040m Total<\/strong><\/p>\n<\/div><\/div>\n\n\n\n<div class=\"wp-block-media-text alignwide has-media-on-the-right is-stacked-on-mobile\" style=\"grid-template-columns:auto 51%\"><div class=\"wp-block-media-text__content\">\n<h3 class=\"wp-block-heading\"><br>Parcours S<\/h3>\n\n\n\n<p>              Parcours Rapide et Sportif<br>15 Sections dont 8 Courses \u00e0 pied et 7 Natations<br>6550m C\u00e0P \/ 1790m Natation = <strong>8 340m Total<\/strong><br><\/p>\n<\/div><figure class=\"wp-block-media-text__media\"><a href=\"https:\/\/www.toulon-triathlon.com\/wp-content\/uploads\/2023\/02\/Parcours-S-png.png\"><img loading=\"lazy\" decoding=\"async\" width=\"1024\" height=\"545\" src=\"https:\/\/www.toulon-triathlon.com\/wp-content\/uploads\/2023\/02\/Parcours-S-png-1024x545.png\" alt=\"\" class=\"wp-image-4717 size-full\" srcset=\"https:\/\/www.toulon-triathlon.com\/wp-content\/uploads\/2023\/02\/Parcours-S-png-1024x545.png 1024w, https:\/\/www.toulon-triathlon.com\/wp-content\/uploads\/2023\/02\/Parcours-S-png-300x160.png 300w, https:\/\/www.toulon-triathlon.com\/wp-content\/uploads\/2023\/02\/Parcours-S-png-768x409.png 768w, https:\/\/www.toulon-triathlon.com\/wp-content\/uploads\/2023\/02\/Parcours-S-png-1536x818.png 1536w, https:\/\/www.toulon-triathlon.com\/wp-content\/uploads\/2023\/02\/Parcours-S-png-2048x1091.png 2048w, https:\/\/www.toulon-triathlon.com\/wp-content\/uploads\/2023\/02\/Parcours-S-png-148x79.png 148w, https:\/\/www.toulon-triathlon.com\/wp-content\/uploads\/2023\/02\/Parcours-S-png-31x17.png 31w, https:\/\/www.toulon-triathlon.com\/wp-content\/uploads\/2023\/02\/Parcours-S-png-38x20.png 38w, https:\/\/www.toulon-triathlon.com\/wp-content\/uploads\/2023\/02\/Parcours-S-png-404x215.png 404w, https:\/\/www.toulon-triathlon.com\/wp-content\/uploads\/2023\/02\/Parcours-S-png-2000x1065.png 2000w\" sizes=\"auto, (max-width: 1024px) 100vw, 1024px\" \/><\/a><\/figure><\/div>\n\n\n\n<div class=\"wp-block-media-text alignwide is-stacked-on-mobile\"><figure class=\"wp-block-media-text__media\"><a href=\"https:\/\/www.toulon-triathlon.com\/wp-content\/uploads\/2023\/02\/Parcours-M-2023.png\" target=\"_blank\" rel=\"noreferrer noopener\"><img loading=\"lazy\" decoding=\"async\" width=\"1024\" height=\"723\" src=\"https:\/\/www.toulon-triathlon.com\/wp-content\/uploads\/2023\/02\/Parcours-M-2023-1024x723.png\" alt=\"\" class=\"wp-image-4721 size-full\" srcset=\"https:\/\/www.toulon-triathlon.com\/wp-content\/uploads\/2023\/02\/Parcours-M-2023-1024x723.png 1024w, https:\/\/www.toulon-triathlon.com\/wp-content\/uploads\/2023\/02\/Parcours-M-2023-300x212.png 300w, https:\/\/www.toulon-triathlon.com\/wp-content\/uploads\/2023\/02\/Parcours-M-2023-768x543.png 768w, https:\/\/www.toulon-triathlon.com\/wp-content\/uploads\/2023\/02\/Parcours-M-2023-1536x1085.png 1536w, https:\/\/www.toulon-triathlon.com\/wp-content\/uploads\/2023\/02\/Parcours-M-2023-2048x1447.png 2048w, https:\/\/www.toulon-triathlon.com\/wp-content\/uploads\/2023\/02\/Parcours-M-2023-148x105.png 148w, https:\/\/www.toulon-triathlon.com\/wp-content\/uploads\/2023\/02\/Parcours-M-2023-31x22.png 31w, https:\/\/www.toulon-triathlon.com\/wp-content\/uploads\/2023\/02\/Parcours-M-2023-38x27.png 38w, https:\/\/www.toulon-triathlon.com\/wp-content\/uploads\/2023\/02\/Parcours-M-2023-304x215.png 304w, https:\/\/www.toulon-triathlon.com\/wp-content\/uploads\/2023\/02\/Parcours-M-2023-2000x1413.png 2000w\" sizes=\"auto, (max-width: 1024px) 100vw, 1024px\" \/><\/a><\/figure><div class=\"wp-block-media-text__content\">\n<h3 class=\"wp-block-heading\">Parcours M<\/h3>\n\n\n\n<p>               Parcours Long et Sportif<br>31 Sections dont 16 Courses \u00e0 pied et 15 Natations<br>1\u00b0 Boucle Longue : De la Tour Royale jusqu&rsquo;\u00e0 l&rsquo;Anse M\u00e9jean, puis retour vers la Plage de la Mitre<br>2\u00b0 Boucle Courte : Plage de la Mitre jusqu&rsquo;\u00e0 L&rsquo;\u00eele aux Chiens et retour vers la Tour Royale <br><br>13 660m C\u00e0P \/ 4110m Natation = <strong>17 770m Total<\/strong><\/p>\n<\/div><\/div>\n\n\n\n<h2 class=\"wp-block-heading\">Inscriptions<\/h2>\n\n\n\n<p><a href=\"https:\/\/www.njuko.net\/swimrundetoulon2023\">Site des inscriptions<\/a><\/p>\n\n\n\n<h2 class=\"wp-block-heading\"><\/h2>\n\n\n\n<p><\/p>\n","protected":false},"excerpt":{"rendered":"<p>Photos et r\u00e9sultats Album photos 1 Album photos 2 R\u00e9sultats 2023 R\u00e8glement 2023 : Tarifs, Programme (\u00e0 lire attentivement) Pr\u00e9sentation<\/p>\n","protected":false},"author":1,"featured_media":0,"parent":0,"menu_order":0,"comment_status":"closed","ping_status":"closed","template":"","meta":{"colormag_page_container_layout":"no_sidebar_full_width","colormag_page_sidebar_layout":"no_sidebar","_monsterinsights_skip_tracking":false,"_monsterinsights_sitenote_active":false,"_monsterinsights_sitenote_note":"","_monsterinsights_sitenote_category":0,"ngg_post_thumbnail":0,"footnotes":""},"class_list":["post-4685","page","type-page","status-publish","hentry"],"_links":{"self":[{"href":"https:\/\/www.toulon-triathlon.com\/index.php\/wp-json\/wp\/v2\/pages\/4685","targetHints":{"allow":["GET"]}}],"collection":[{"href":"https:\/\/www.toulon-triathlon.com\/index.php\/wp-json\/wp\/v2\/pages"}],"about":[{"href":"https:\/\/www.toulon-triathlon.com\/index.php\/wp-json\/wp\/v2\/types\/page"}],"author":[{"embeddable":true,"href":"https:\/\/www.toulon-triathlon.com\/index.php\/wp-json\/wp\/v2\/users\/1"}],"replies":[{"embeddable":true,"href":"https:\/\/www.toulon-triathlon.com\/index.php\/wp-json\/wp\/v2\/comments?post=4685"}],"version-history":[{"count":16,"href":"https:\/\/www.toulon-triathlon.com\/index.php\/wp-json\/wp\/v2\/pages\/4685\/revisions"}],"predecessor-version":[{"id":4776,"href":"https:\/\/www.toulon-triathlon.com\/index.php\/wp-json\/wp\/v2\/pages\/4685\/revisions\/4776"}],"wp:attachment":[{"href":"https:\/\/www.toulon-triathlon.com\/index.php\/wp-json\/wp\/v2\/media?parent=4685"}],"curies":[{"name":"wp","href":"https:\/\/api.w.org\/{rel}","templated":true}]}}