{"id":4587,"date":"2022-09-03T22:00:17","date_gmt":"2022-09-03T20:00:17","guid":{"rendered":"http:\/\/www.toulon-triathlon.com\/?page_id=4587"},"modified":"2022-11-29T22:53:25","modified_gmt":"2022-11-29T21:53:25","slug":"trail-du-coudon-2022","status":"publish","type":"page","link":"https:\/\/www.toulon-triathlon.com\/index.php\/trail-du-coudon-2022\/","title":{"rendered":"Trail du Coudon 2022"},"content":{"rendered":"\n<p align=\"center\"><a title=\"Facebook\" href=\"https:\/\/www.facebook.com\/ledefidulevant\/\" target=\"_blank\" rel=\"noopener noreferrer\"><img loading=\"lazy\" decoding=\"async\" src=\"https:\/\/www.toulon-triathlon.com\/wp-content\/uploads\/2019\/07\/iconfinder_Facebook_1288098.png\" alt=\"le-texte-alternatif-de-l'image\" width=\"70\" height=\"70\"><\/a> <a title=\"Instagram\" href=\"https:\/\/www.instagram.com\/ledefidulevant\/\" target=\"_blank\" rel=\"noopener noreferrer\"><img loading=\"lazy\" decoding=\"async\" src=\"https:\/\/www.toulon-triathlon.com\/wp-content\/uploads\/2019\/07\/iconfinder_Instagram_1298747.png\" alt=\"Instagram\" width=\"70\" height=\"70\"><\/a><\/p>\n\n\n\n<p class=\"has-vivid-cyan-blue-color has-text-color has-large-font-size\"> <\/p>\n\n\n\n<h1 class=\"has-vivid-cyan-blue-color has-text-color has-large-font-size wp-block-heading\"><span style=\"color:#000000\" class=\"tadv-color\">Photos et r\u00e9sultats<\/span><\/h1>\n\n\n\n<p><a href=\"https:\/\/www.nikrome.com\/fichiers\/PDF\/coudon22.pdf\" target=\"_blank\" rel=\"noreferrer noopener\">R\u00e9sultats des 3 parcours<\/a><\/p>\n\n\n\n<p><a rel=\"noreferrer noopener\" href=\"https:\/\/photos.app.goo.gl\/gUrt9uYayq3nKsme8\" target=\"_blank\">Album 15 km<\/a><\/p>\n\n\n\n<p><a href=\"https:\/\/photos.google.com\/share\/AF1QipNJWI91E_ZQ7zy_CPJ3jMoT87aF8F62PjWcDmYcXqtWrCjF1K5RZZF27o9FhGS9SQ?key=cGE4elZKWVdBdVVWaVViYlhYMkJ3Y3ZhN3kxUkxn\" target=\"_blank\" rel=\"noreferrer noopener\">Album 15km n\u00b02<\/a><\/p>\n\n\n\n<p><a rel=\"noreferrer noopener\" href=\"https:\/\/drive.google.com\/drive\/folders\/1dlF1y1LTkMMUTePUCdtKRhcK8Fb4XiXE?fbclid=IwAR1RsQeUOrM3mw4W0n2NLojNMpSCnhdbqUF29OhmhxjQkh-mujnQ5fp6GHM\" target=\"_blank\">Album 15 et 28km (dernier ravito)<\/a><\/p>\n\n\n\n<p><a rel=\"noreferrer noopener\" href=\"https:\/\/photos.google.com\/share\/AF1QipPVRuauTALihg0h1yjEA_z_khcdaTPJoposTCwF-2u4maKaHYORuk2NWuGlYes_fg?key=SFVLRnZNMEFUeElhZWhib1VlWXpTYVRaXzRDTU9B\" target=\"_blank\">Album 15 et 28km (Chapelle)<\/a><\/p>\n\n\n\n<p><a href=\"https:\/\/photos.app.goo.gl\/F2v7tPXY9xRecfsUA\" data-type=\"URL\" data-id=\"https:\/\/photos.app.goo.gl\/F2v7tPXY9xRecfsUA\" target=\"_blank\" rel=\"noreferrer noopener\">Album OSH Christian<\/a><\/p>\n\n\n\n<figure class=\"wp-block-image aligncenter size-full\"><img loading=\"lazy\" decoding=\"async\" width=\"566\" height=\"794\" src=\"https:\/\/www.toulon-triathlon.com\/wp-content\/uploads\/2022\/09\/Affiche-Trail-2022-2.png\" alt=\"\" class=\"wp-image-4607\" srcset=\"https:\/\/www.toulon-triathlon.com\/wp-content\/uploads\/2022\/09\/Affiche-Trail-2022-2.png 566w, https:\/\/www.toulon-triathlon.com\/wp-content\/uploads\/2022\/09\/Affiche-Trail-2022-2-214x300.png 214w, https:\/\/www.toulon-triathlon.com\/wp-content\/uploads\/2022\/09\/Affiche-Trail-2022-2-106x148.png 106w, https:\/\/www.toulon-triathlon.com\/wp-content\/uploads\/2022\/09\/Affiche-Trail-2022-2-22x31.png 22w, https:\/\/www.toulon-triathlon.com\/wp-content\/uploads\/2022\/09\/Affiche-Trail-2022-2-27x38.png 27w, https:\/\/www.toulon-triathlon.com\/wp-content\/uploads\/2022\/09\/Affiche-Trail-2022-2-153x215.png 153w\" sizes=\"auto, (max-width: 566px) 100vw, 566px\" \/><\/figure>\n\n\n\n<p><\/p>\n\n\n\n<p>Organis\u00e9 par le club depuis 2013, le trail initialement appel\u00e9 \u00ab\u00a0Trail des Amoureux du Coudon\u00a0\u00bb et couru en duo uniquement pour le 30km, \u00e9tait organis\u00e9 aux alentours du 14 f\u00e9vrier .Cette ann\u00e9e il prendra place le 20 novembre 2022.<\/p>\n\n\n\n<p>Il est ensuite devenu \u00ab\u00a0Trail du Coudon\u00a0\u00bb et se d\u00e9cline selon 3 parcours : <br>                                                                                                                     7,5km ( 300m D\u00e9nivel\u00e9 + ) ouvert d\u00e8s la cat\u00e9gorie Cadet ( d\u00e8s 16 Ans ) couru uniquement en Solo  <br>                                                                                                                    15km ( 600m D\u00e9nivel\u00e9 + ) accessible d\u00e8s 18 Ans en Solo ou Duo<br>                                                                                                                    28km  ( 1500m D\u00e9nivel\u00e9 + ) possible d\u00e8s  20 Ans en Solo ou Duo<\/p>\n\n\n\n<p><br>                                                                                                                     <\/p>\n\n\n\n<p><\/p>\n\n\n\n<div class=\"wp-block-media-text alignwide is-stacked-on-mobile\" style=\"grid-template-columns:42% auto\"><figure class=\"wp-block-media-text__media\"><img loading=\"lazy\" decoding=\"async\" width=\"885\" height=\"608\" src=\"https:\/\/www.toulon-triathlon.com\/wp-content\/uploads\/2019\/11\/8.jpg\" alt=\"\" class=\"wp-image-3711 size-full\" srcset=\"https:\/\/www.toulon-triathlon.com\/wp-content\/uploads\/2019\/11\/8.jpg 885w, https:\/\/www.toulon-triathlon.com\/wp-content\/uploads\/2019\/11\/8-300x206.jpg 300w, https:\/\/www.toulon-triathlon.com\/wp-content\/uploads\/2019\/11\/8-768x528.jpg 768w, https:\/\/www.toulon-triathlon.com\/wp-content\/uploads\/2019\/11\/8-148x102.jpg 148w, https:\/\/www.toulon-triathlon.com\/wp-content\/uploads\/2019\/11\/8-31x21.jpg 31w, https:\/\/www.toulon-triathlon.com\/wp-content\/uploads\/2019\/11\/8-38x26.jpg 38w, https:\/\/www.toulon-triathlon.com\/wp-content\/uploads\/2019\/11\/8-313x215.jpg 313w, https:\/\/www.toulon-triathlon.com\/wp-content\/uploads\/2019\/11\/8-130x90.jpg 130w\" sizes=\"auto, (max-width: 885px) 100vw, 885px\" \/><\/figure><div class=\"wp-block-media-text__content\">\n<p class=\"has-large-font-size\">Parcours 7.5km (solo) D+ 300m<\/p>\n\n\n\n<p class=\"has-medium-font-size\"><a href=\"https:\/\/connect.garmin.com\/modern\/course\/130612183\" data-type=\"URL\" data-id=\"https:\/\/connect.garmin.com\/modern\/course\/130612183\" target=\"_blank\" rel=\"noreferrer noopener\">Parcours 2022<\/a><\/p>\n<\/div><\/div>\n\n\n\n<div class=\"wp-block-media-text alignwide has-media-on-the-right is-stacked-on-mobile\" style=\"grid-template-columns:auto 41%\"><figure class=\"wp-block-media-text__media\"><img loading=\"lazy\" decoding=\"async\" width=\"915\" height=\"608\" src=\"https:\/\/www.toulon-triathlon.com\/wp-content\/uploads\/2019\/10\/6.jpg\" alt=\"\" class=\"wp-image-3670 size-full\" srcset=\"https:\/\/www.toulon-triathlon.com\/wp-content\/uploads\/2019\/10\/6.jpg 915w, https:\/\/www.toulon-triathlon.com\/wp-content\/uploads\/2019\/10\/6-300x199.jpg 300w, https:\/\/www.toulon-triathlon.com\/wp-content\/uploads\/2019\/10\/6-768x510.jpg 768w, https:\/\/www.toulon-triathlon.com\/wp-content\/uploads\/2019\/10\/6-148x98.jpg 148w, https:\/\/www.toulon-triathlon.com\/wp-content\/uploads\/2019\/10\/6-31x21.jpg 31w, https:\/\/www.toulon-triathlon.com\/wp-content\/uploads\/2019\/10\/6-38x25.jpg 38w, https:\/\/www.toulon-triathlon.com\/wp-content\/uploads\/2019\/10\/6-324x215.jpg 324w\" sizes=\"auto, (max-width: 915px) 100vw, 915px\" \/><\/figure><div class=\"wp-block-media-text__content\">\n<p class=\"has-large-font-size\">Parcours 15km (solo et duo) <br>D+ 600m<\/p>\n\n\n\n<p class=\"has-medium-font-size\"><a href=\"https:\/\/connect.garmin.com\/modern\/course\/130615552\" data-type=\"URL\" data-id=\"https:\/\/connect.garmin.com\/modern\/course\/130615552\" target=\"_blank\" rel=\"noreferrer noopener\">Parcours 2022<\/a><\/p>\n<\/div><\/div>\n\n\n\n<div class=\"wp-block-media-text alignwide is-stacked-on-mobile\" style=\"grid-template-columns:41% auto\"><figure class=\"wp-block-media-text__media\"><img loading=\"lazy\" decoding=\"async\" width=\"960\" height=\"652\" src=\"https:\/\/www.toulon-triathlon.com\/wp-content\/uploads\/2019\/10\/2.jpg\" alt=\"\" class=\"wp-image-3667 size-full\" srcset=\"https:\/\/www.toulon-triathlon.com\/wp-content\/uploads\/2019\/10\/2.jpg 960w, https:\/\/www.toulon-triathlon.com\/wp-content\/uploads\/2019\/10\/2-300x204.jpg 300w, https:\/\/www.toulon-triathlon.com\/wp-content\/uploads\/2019\/10\/2-768x522.jpg 768w, https:\/\/www.toulon-triathlon.com\/wp-content\/uploads\/2019\/10\/2-148x101.jpg 148w, https:\/\/www.toulon-triathlon.com\/wp-content\/uploads\/2019\/10\/2-31x21.jpg 31w, https:\/\/www.toulon-triathlon.com\/wp-content\/uploads\/2019\/10\/2-38x26.jpg 38w, https:\/\/www.toulon-triathlon.com\/wp-content\/uploads\/2019\/10\/2-317x215.jpg 317w\" sizes=\"auto, (max-width: 960px) 100vw, 960px\" \/><\/figure><div class=\"wp-block-media-text__content\">\n<p class=\"has-large-font-size\">Parcours 28km (solo et duo) <br>D+ 1700m<\/p>\n\n\n\n<figure class=\"wp-block-gallery has-nested-images columns-default is-cropped wp-block-gallery-1 is-layout-flex wp-block-gallery-is-layout-flex\">\n<figure class=\"wp-block-image size-large\"><a href=\"https:\/\/www.toulon-triathlon.com\/wp-content\/uploads\/2022\/11\/Deni_28km.png\"><img loading=\"lazy\" decoding=\"async\" width=\"973\" height=\"252\" data-id=\"4659\" src=\"https:\/\/www.toulon-triathlon.com\/wp-content\/uploads\/2022\/11\/Deni_28km.png\" alt=\"\" class=\"wp-image-4659\" srcset=\"https:\/\/www.toulon-triathlon.com\/wp-content\/uploads\/2022\/11\/Deni_28km.png 973w, https:\/\/www.toulon-triathlon.com\/wp-content\/uploads\/2022\/11\/Deni_28km-300x78.png 300w, https:\/\/www.toulon-triathlon.com\/wp-content\/uploads\/2022\/11\/Deni_28km-768x199.png 768w, https:\/\/www.toulon-triathlon.com\/wp-content\/uploads\/2022\/11\/Deni_28km-148x38.png 148w, https:\/\/www.toulon-triathlon.com\/wp-content\/uploads\/2022\/11\/Deni_28km-31x8.png 31w, https:\/\/www.toulon-triathlon.com\/wp-content\/uploads\/2022\/11\/Deni_28km-38x10.png 38w, https:\/\/www.toulon-triathlon.com\/wp-content\/uploads\/2022\/11\/Deni_28km-425x110.png 425w\" sizes=\"auto, (max-width: 973px) 100vw, 973px\" \/><\/a><\/figure>\n\n\n\n<figure class=\"wp-block-image size-large\"><a href=\"https:\/\/www.toulon-triathlon.com\/wp-content\/uploads\/2022\/11\/Parcours_28km.png\"><img loading=\"lazy\" decoding=\"async\" width=\"487\" height=\"342\" data-id=\"4660\" src=\"https:\/\/www.toulon-triathlon.com\/wp-content\/uploads\/2022\/11\/Parcours_28km.png\" alt=\"\" class=\"wp-image-4660\" srcset=\"https:\/\/www.toulon-triathlon.com\/wp-content\/uploads\/2022\/11\/Parcours_28km.png 487w, https:\/\/www.toulon-triathlon.com\/wp-content\/uploads\/2022\/11\/Parcours_28km-300x211.png 300w, https:\/\/www.toulon-triathlon.com\/wp-content\/uploads\/2022\/11\/Parcours_28km-148x104.png 148w, https:\/\/www.toulon-triathlon.com\/wp-content\/uploads\/2022\/11\/Parcours_28km-31x22.png 31w, https:\/\/www.toulon-triathlon.com\/wp-content\/uploads\/2022\/11\/Parcours_28km-38x27.png 38w, https:\/\/www.toulon-triathlon.com\/wp-content\/uploads\/2022\/11\/Parcours_28km-306x215.png 306w, https:\/\/www.toulon-triathlon.com\/wp-content\/uploads\/2022\/11\/Parcours_28km-130x90.png 130w\" sizes=\"auto, (max-width: 487px) 100vw, 487px\" \/><\/a><\/figure>\n<\/figure>\n<\/div><\/div>\n\n\n\n<div class=\"wp-block-media-text alignwide has-media-on-the-right is-stacked-on-mobile\" style=\"grid-template-columns:auto 42%\"><figure class=\"wp-block-media-text__media\"><img loading=\"lazy\" decoding=\"async\" width=\"915\" height=\"608\" src=\"https:\/\/www.toulon-triathlon.com\/wp-content\/uploads\/2019\/10\/7.jpg\" alt=\"\" class=\"wp-image-3672 size-full\" srcset=\"https:\/\/www.toulon-triathlon.com\/wp-content\/uploads\/2019\/10\/7.jpg 915w, https:\/\/www.toulon-triathlon.com\/wp-content\/uploads\/2019\/10\/7-300x199.jpg 300w, https:\/\/www.toulon-triathlon.com\/wp-content\/uploads\/2019\/10\/7-768x510.jpg 768w, https:\/\/www.toulon-triathlon.com\/wp-content\/uploads\/2019\/10\/7-148x98.jpg 148w, https:\/\/www.toulon-triathlon.com\/wp-content\/uploads\/2019\/10\/7-31x21.jpg 31w, https:\/\/www.toulon-triathlon.com\/wp-content\/uploads\/2019\/10\/7-38x25.jpg 38w, https:\/\/www.toulon-triathlon.com\/wp-content\/uploads\/2019\/10\/7-324x215.jpg 324w\" sizes=\"auto, (max-width: 915px) 100vw, 915px\" \/><\/figure><div class=\"wp-block-media-text__content\">\n<p class=\"has-large-font-size\"><a href=\"https:\/\/www.njuko.net\/trailducoudon2022\/select_competition\">Inscriptions internet : ICI<\/a> <\/p>\n\n\n\n<p>Lien ci-dessus<\/p>\n\n\n\n<p> <\/p>\n\n\n\n<p style=\"font-size:15px\"><strong>Inscriptions sur place<\/strong> : lors du retrait des dossards, le Samedi 19 Novembre apr\u00e8s-midi et le Dimanche 20 Novembre matin sans majoration . <br>Dans la limite des places disponibles.<\/p>\n\n\n\n<p class=\"has-medium-font-size\"><a href=\"https:\/\/drive.google.com\/file\/d\/1m_ILuEWY4LtMkICtvO0AFrc_pBIjhmZm\/view?usp=sharing\" data-type=\"URL\" data-id=\"https:\/\/drive.google.com\/file\/d\/1m_ILuEWY4LtMkICtvO0AFrc_pBIjhmZm\/view?usp=sharing\" target=\"_blank\" rel=\"noreferrer noopener\">BULLETIN D&rsquo;INSCRIPTION : ici<\/a><\/p>\n<\/div><\/div>\n\n\n\n<p class=\"has-black-color has-text-color\"><br><strong>RENSEIGNEMENTS :<\/strong><br>Mail: letrailducoudon@toulon-triathlon.com<\/p>\n\n\n\n<p class=\"has-black-color has-text-color\">T\u00e9l\u00e9phone : Serge (06.07.38.09.93) ou David (06.62.20.13.48) <\/p>\n","protected":false},"excerpt":{"rendered":"<p>Photos et r\u00e9sultats R\u00e9sultats des 3 parcours Album 15 km Album 15km n\u00b02 Album 15 et 28km (dernier ravito) Album<\/p>\n","protected":false},"author":1,"featured_media":0,"parent":0,"menu_order":0,"comment_status":"closed","ping_status":"closed","template":"","meta":{"colormag_page_container_layout":"no_sidebar_full_width","colormag_page_sidebar_layout":"no_sidebar","_monsterinsights_skip_tracking":false,"_monsterinsights_sitenote_active":false,"_monsterinsights_sitenote_note":"","_monsterinsights_sitenote_category":0,"ngg_post_thumbnail":0,"footnotes":""},"class_list":["post-4587","page","type-page","status-publish","hentry"],"_links":{"self":[{"href":"https:\/\/www.toulon-triathlon.com\/index.php\/wp-json\/wp\/v2\/pages\/4587","targetHints":{"allow":["GET"]}}],"collection":[{"href":"https:\/\/www.toulon-triathlon.com\/index.php\/wp-json\/wp\/v2\/pages"}],"about":[{"href":"https:\/\/www.toulon-triathlon.com\/index.php\/wp-json\/wp\/v2\/types\/page"}],"author":[{"embeddable":true,"href":"https:\/\/www.toulon-triathlon.com\/index.php\/wp-json\/wp\/v2\/users\/1"}],"replies":[{"embeddable":true,"href":"https:\/\/www.toulon-triathlon.com\/index.php\/wp-json\/wp\/v2\/comments?post=4587"}],"version-history":[{"count":20,"href":"https:\/\/www.toulon-triathlon.com\/index.php\/wp-json\/wp\/v2\/pages\/4587\/revisions"}],"predecessor-version":[{"id":4672,"href":"https:\/\/www.toulon-triathlon.com\/index.php\/wp-json\/wp\/v2\/pages\/4587\/revisions\/4672"}],"wp:attachment":[{"href":"https:\/\/www.toulon-triathlon.com\/index.php\/wp-json\/wp\/v2\/media?parent=4587"}],"curies":[{"name":"wp","href":"https:\/\/api.w.org\/{rel}","templated":true}]}}