{"id":4,"date":"2016-06-13T20:53:15","date_gmt":"2016-06-13T18:53:15","guid":{"rendered":"http:\/\/www.toulon-triathlon.com\/?page_id=4"},"modified":"2025-03-21T08:22:32","modified_gmt":"2025-03-21T07:22:32","slug":"presentation","status":"publish","type":"page","link":"https:\/\/www.toulon-triathlon.com\/index.php\/presentation\/","title":{"rendered":"Pr\u00e9sentation"},"content":{"rendered":"\n<p>TOULON TRIATHLON a \u00e9t\u00e9 fond\u00e9 le 28 octobre 2002, n\u00e9 de la fusion du CST Triathlon (Club Sportif Toulonnais) et de l&rsquo;ASCM TOULON Triathlon (Association Sportive et Culturelle de la Municipalit\u00e9).<\/p>\n\n\n\n<p>Le club compte entre 100 et 150 membres selon les ann\u00e9es.<\/p>\n\n\n\n<p><a href=\"https:\/\/www.toulon-triathlon.com\/wp-content\/uploads\/2016\/08\/2010-politique-club.pdf\" target=\"_blank\" rel=\"noopener\">Politique du club<\/a><\/p>\n\n\n\n<p>Si\u00e8ge: STADE NAUTIQUE DU PORT MARCHAND &#8211; 83000 TOULON<\/p>\n\n\n\n<div style=\"padding:45% 0 0 0;position:relative;align=\"center\";\"><iframe src=\"https:\/\/player.vimeo.com\/video\/1068019991?badge=0&amp;autopause=0&amp;player_id=0&amp;app_id=58479\" frameborder=\"0\" allow=\"autoplay; fullscreen; picture-in-picture; clipboard-write; encrypted-media\" style=\"position:absolute;top:0;left:0;width:100%;height:100%;\" title=\"Video_presentation_entrainements\"><\/iframe><\/div><script src=\"https:\/\/player.vimeo.com\/api\/player.js\"><\/script>\n\n\n\n<figure class=\"wp-block-image aligncenter size-large is-resized\"><img loading=\"lazy\" decoding=\"async\" width=\"1024\" height=\"768\" src=\"https:\/\/www.toulon-triathlon.com\/wp-content\/uploads\/2025\/02\/0c8d0192-5038-48b7-9e1c-6f3655e4532b-1024x768.jpg\" alt=\"\" class=\"wp-image-5739\" style=\"width:732px;height:auto\" srcset=\"https:\/\/www.toulon-triathlon.com\/wp-content\/uploads\/2025\/02\/0c8d0192-5038-48b7-9e1c-6f3655e4532b-1024x768.jpg 1024w, https:\/\/www.toulon-triathlon.com\/wp-content\/uploads\/2025\/02\/0c8d0192-5038-48b7-9e1c-6f3655e4532b-300x225.jpg 300w, https:\/\/www.toulon-triathlon.com\/wp-content\/uploads\/2025\/02\/0c8d0192-5038-48b7-9e1c-6f3655e4532b-768x576.jpg 768w, https:\/\/www.toulon-triathlon.com\/wp-content\/uploads\/2025\/02\/0c8d0192-5038-48b7-9e1c-6f3655e4532b-1536x1152.jpg 1536w, https:\/\/www.toulon-triathlon.com\/wp-content\/uploads\/2025\/02\/0c8d0192-5038-48b7-9e1c-6f3655e4532b-2000x1500.jpg 2000w, https:\/\/www.toulon-triathlon.com\/wp-content\/uploads\/2025\/02\/0c8d0192-5038-48b7-9e1c-6f3655e4532b.jpg 2048w\" sizes=\"auto, (max-width: 1024px) 100vw, 1024px\" \/><\/figure>\n\n\n\n<p><\/p>\n","protected":false},"excerpt":{"rendered":"<p>TOULON TRIATHLON a \u00e9t\u00e9 fond\u00e9 le 28 octobre 2002, n\u00e9 de la fusion du CST Triathlon (Club Sportif Toulonnais) et<\/p>\n","protected":false},"author":1,"featured_media":0,"parent":0,"menu_order":0,"comment_status":"closed","ping_status":"closed","template":"","meta":{"colormag_page_container_layout":"no_sidebar_full_width","colormag_page_sidebar_layout":"no_sidebar","_monsterinsights_skip_tracking":false,"_monsterinsights_sitenote_active":false,"_monsterinsights_sitenote_note":"","_monsterinsights_sitenote_category":0,"ngg_post_thumbnail":0,"footnotes":""},"class_list":["post-4","page","type-page","status-publish","hentry"],"_links":{"self":[{"href":"https:\/\/www.toulon-triathlon.com\/index.php\/wp-json\/wp\/v2\/pages\/4","targetHints":{"allow":["GET"]}}],"collection":[{"href":"https:\/\/www.toulon-triathlon.com\/index.php\/wp-json\/wp\/v2\/pages"}],"about":[{"href":"https:\/\/www.toulon-triathlon.com\/index.php\/wp-json\/wp\/v2\/types\/page"}],"author":[{"embeddable":true,"href":"https:\/\/www.toulon-triathlon.com\/index.php\/wp-json\/wp\/v2\/users\/1"}],"replies":[{"embeddable":true,"href":"https:\/\/www.toulon-triathlon.com\/index.php\/wp-json\/wp\/v2\/comments?post=4"}],"version-history":[{"count":8,"href":"https:\/\/www.toulon-triathlon.com\/index.php\/wp-json\/wp\/v2\/pages\/4\/revisions"}],"predecessor-version":[{"id":5780,"href":"https:\/\/www.toulon-triathlon.com\/index.php\/wp-json\/wp\/v2\/pages\/4\/revisions\/5780"}],"wp:attachment":[{"href":"https:\/\/www.toulon-triathlon.com\/index.php\/wp-json\/wp\/v2\/media?parent=4"}],"curies":[{"name":"wp","href":"https:\/\/api.w.org\/{rel}","templated":true}]}}