{"id":3912,"date":"2020-06-06T21:39:54","date_gmt":"2020-06-06T19:39:54","guid":{"rendered":"http:\/\/www.toulon-triathlon.com\/?page_id=3912"},"modified":"2025-10-25T09:29:55","modified_gmt":"2025-10-25T07:29:55","slug":"organisations-precedentes","status":"publish","type":"page","link":"https:\/\/www.toulon-triathlon.com\/index.php\/organisations-precedentes\/","title":{"rendered":"Organisations pr\u00e9c\u00e9dentes"},"content":{"rendered":"\n<p>Depuis sa cr\u00e9ation en 2002 le club et ses nombreux b\u00e9n\u00e9voles organisent divers comp\u00e9titions (Triathlon, Swimrun, Trail et Aquathlon)<\/p>\n\n\n\n<p>En 2017 le Triathlon de Toulon a \u00e9t\u00e9 remplac\u00e9 par le Swimrun Le D\u00e9fi du Levant.<\/p>\n\n\n\n<p><strong>Trail des Amoureux du Coudon :<\/strong><\/p>\n\n\n\n<ul class=\"wp-block-list\">\n<li><a href=\"https:\/\/www.toulon-triathlon.com\/index.php\/trail-des-amoureux-du-coudon-dimanche-14-fevrier-2016\/\">2016<\/a><\/li>\n\n\n\n<li><a href=\"https:\/\/www.toulon-triathlon.com\/index.php\/trail-des-amoureux-du-coudon-2017-2\/\">2017<\/a><\/li>\n\n\n\n<li><a href=\"https:\/\/www.toulon-triathlon.com\/index.php\/trail-des-amoureux-du-coudon-2018\/\">2018<\/a><\/li>\n\n\n\n<li><a href=\"https:\/\/www.toulon-triathlon.com\/index.php\/trail-des-amoureux-du-coudon-2019\/\">2019<\/a><\/li>\n\n\n\n<li><a href=\"https:\/\/www.toulon-triathlon.com\/index.php\/trail-du-coudon\/\"><span style=\"color:#0693e3\" class=\"tadv-color\">20<\/span>20 <\/a><\/li>\n\n\n\n<li><a href=\"https:\/\/www.toulon-triathlon.com\/index.php\/4201-2\/\" data-type=\"page\">2021<\/a><\/li>\n\n\n\n<li><a href=\"https:\/\/www.toulon-triathlon.com\/index.php\/trail-du-coudon-2022\/\" data-type=\"page\" data-id=\"4587\">2022<\/a><\/li>\n\n\n\n<li><a href=\"https:\/\/www.toulon-triathlon.com\/index.php\/trail-du-coudon-2024\/\" data-type=\"page\" data-id=\"4840\">2024<\/a><\/li>\n\n\n\n<li><a href=\"https:\/\/www.toulon-triathlon.com\/index.php\/trail-du-coudon-2025\/\" data-type=\"page\" data-id=\"5397\">2025<\/a><\/li>\n<\/ul>\n\n\n\n<p class=\"has-text-align-left\"><strong>Swimrun Le D\u00e9fi du Levant<\/strong> :<\/p>\n\n\n\n<ul class=\"wp-block-list\">\n<li><a href=\"https:\/\/www.toulon-triathlon.com\/index.php\/swimrun-le-defi-du-levant-14-mai-2017\/\">2017<\/a><\/li>\n\n\n\n<li><a href=\"https:\/\/www.toulon-triathlon.com\/index.php\/swimrun-le-defi-du-levant-13-mai-2018\/\">2018<\/a><\/li>\n\n\n\n<li><a href=\"https:\/\/www.toulon-triathlon.com\/index.php\/swimrun-le-defi-du-levant-12-mai-2019\/\">2019<\/a><\/li>\n\n\n\n<li><span style=\"color:#0693e3\" class=\"tadv-color\"><a href=\"https:\/\/www.toulon-triathlon.com\/index.php\/defi-du-levant-2020\/\">2020<\/a><\/span><\/li>\n\n\n\n<li><a href=\"https:\/\/www.toulon-triathlon.com\/index.php\/swimrun-le-defi-du-levant\/\" data-type=\"page\" data-id=\"3627\">2021<\/a><\/li>\n\n\n\n<li><a href=\"https:\/\/www.toulon-triathlon.com\/index.php\/le-defi-du-levant-2022\/\" data-type=\"page\" data-id=\"4444\">2022<\/a><\/li>\n\n\n\n<li><a href=\"https:\/\/www.toulon-triathlon.com\/index.php\/le-defi-du-levant-2023\/\">2023<\/a><\/li>\n\n\n\n<li><a href=\"https:\/\/www.toulon-triathlon.com\/index.php\/le-defi-du-levant-2024\/\" data-type=\"page\" data-id=\"5100\">2024<\/a><\/li>\n\n\n\n<li><a href=\"https:\/\/www.toulon-triathlon.com\/index.php\/le-defi-du-levant-2025\/\" data-type=\"page\" data-id=\"5518\">2025<\/a><\/li>\n<\/ul>\n\n\n\n<p><strong>Aquathlon du Pradet<\/strong> :<\/p>\n\n\n\n<ul class=\"wp-block-list\">\n<li><a href=\"https:\/\/www.toulon-triathlon.com\/index.php\/aquathlon-du-pradet-2016\/\">2016<\/a><\/li>\n\n\n\n<li><a href=\"https:\/\/www.toulon-triathlon.com\/index.php\/aquathlon-du-pradet-vendredi-18-aout-2017\/\">2017<\/a><\/li>\n\n\n\n<li><a href=\"https:\/\/www.toulon-triathlon.com\/index.php\/aquathlon-du-pradet-vendredi-18-aout-2017\/\">2018<\/a><\/li>\n\n\n\n<li><a href=\"https:\/\/www.toulon-triathlon.com\/index.php\/aquathlon-du-pradet-2019\/\">2019<\/a><\/li>\n<\/ul>\n\n\n\n<p><a href=\"https:\/\/www.toulon-triathlon.com\/index.php\/30eme-triathlon-de-toulon-dimanche-22-mai-2016\/\">Triathlon de Toulon 2016<\/a><\/p>\n\n\n\n<p><\/p>\n","protected":false},"excerpt":{"rendered":"<p>Depuis sa cr\u00e9ation en 2002 le club et ses nombreux b\u00e9n\u00e9voles organisent divers comp\u00e9titions (Triathlon, Swimrun, Trail et Aquathlon) En<\/p>\n","protected":false},"author":1,"featured_media":0,"parent":0,"menu_order":0,"comment_status":"closed","ping_status":"closed","template":"","meta":{"colormag_page_container_layout":"default_layout","colormag_page_sidebar_layout":"default_layout","_monsterinsights_skip_tracking":false,"_monsterinsights_sitenote_active":false,"_monsterinsights_sitenote_note":"","_monsterinsights_sitenote_category":0,"ngg_post_thumbnail":0,"footnotes":""},"class_list":["post-3912","page","type-page","status-publish","hentry"],"_links":{"self":[{"href":"https:\/\/www.toulon-triathlon.com\/index.php\/wp-json\/wp\/v2\/pages\/3912","targetHints":{"allow":["GET"]}}],"collection":[{"href":"https:\/\/www.toulon-triathlon.com\/index.php\/wp-json\/wp\/v2\/pages"}],"about":[{"href":"https:\/\/www.toulon-triathlon.com\/index.php\/wp-json\/wp\/v2\/types\/page"}],"author":[{"embeddable":true,"href":"https:\/\/www.toulon-triathlon.com\/index.php\/wp-json\/wp\/v2\/users\/1"}],"replies":[{"embeddable":true,"href":"https:\/\/www.toulon-triathlon.com\/index.php\/wp-json\/wp\/v2\/comments?post=3912"}],"version-history":[{"count":13,"href":"https:\/\/www.toulon-triathlon.com\/index.php\/wp-json\/wp\/v2\/pages\/3912\/revisions"}],"predecessor-version":[{"id":6007,"href":"https:\/\/www.toulon-triathlon.com\/index.php\/wp-json\/wp\/v2\/pages\/3912\/revisions\/6007"}],"wp:attachment":[{"href":"https:\/\/www.toulon-triathlon.com\/index.php\/wp-json\/wp\/v2\/media?parent=3912"}],"curies":[{"name":"wp","href":"https:\/\/api.w.org\/{rel}","templated":true}]}}