{"id":38,"date":"2016-06-14T19:28:14","date_gmt":"2016-06-14T17:28:14","guid":{"rendered":"http:\/\/www.toulon-triathlon.com\/?page_id=38"},"modified":"2025-03-11T21:34:38","modified_gmt":"2025-03-11T20:34:38","slug":"les-entraineurs","status":"publish","type":"page","link":"https:\/\/www.toulon-triathlon.com\/index.php\/le_club\/les-entraineurs\/","title":{"rendered":"Les entra\u00eeneurs"},"content":{"rendered":"\n<p>Le club poss\u00e8de une commission sportive, compos\u00e9e du directeur sportif et des entra\u00eeneurs, charg\u00e9e de planifier les entra\u00eenements et les stages en fonction des objectifs club.<\/p>\n\n\n\n<div class=\"wp-block-media-text is-stacked-on-mobile\" style=\"grid-template-columns:20% auto\"><figure class=\"wp-block-media-text__media\"><img loading=\"lazy\" decoding=\"async\" width=\"283\" height=\"448\" src=\"https:\/\/www.toulon-triathlon.com\/wp-content\/uploads\/2016\/06\/Podium-Marc-LOUIS-CF.jpg\" alt=\"\" class=\"wp-image-1720 size-full\" srcset=\"https:\/\/www.toulon-triathlon.com\/wp-content\/uploads\/2016\/06\/Podium-Marc-LOUIS-CF.jpg 283w, https:\/\/www.toulon-triathlon.com\/wp-content\/uploads\/2016\/06\/Podium-Marc-LOUIS-CF-190x300.jpg 190w, https:\/\/www.toulon-triathlon.com\/wp-content\/uploads\/2016\/06\/Podium-Marc-LOUIS-CF-93x148.jpg 93w, https:\/\/www.toulon-triathlon.com\/wp-content\/uploads\/2016\/06\/Podium-Marc-LOUIS-CF-20x31.jpg 20w, https:\/\/www.toulon-triathlon.com\/wp-content\/uploads\/2016\/06\/Podium-Marc-LOUIS-CF-24x38.jpg 24w, https:\/\/www.toulon-triathlon.com\/wp-content\/uploads\/2016\/06\/Podium-Marc-LOUIS-CF-136x215.jpg 136w\" sizes=\"auto, (max-width: 283px) 100vw, 283px\" \/><\/figure><div class=\"wp-block-media-text__content\">\n<h5 class=\"wp-block-heading\">Directeur sportif<\/h5>\n\n\n\n<p>Marc LOUIS<\/p>\n<\/div><\/div>\n\n\n\n<div class=\"wp-block-media-text has-media-on-the-right is-stacked-on-mobile\" style=\"grid-template-columns:auto 20%\"><div class=\"wp-block-media-text__content\">\n<h5 class=\"wp-block-heading\">Entra\u00eeneur principal<\/h5>\n\n\n\n<p><strong>Thierry PELET (Planification g\u00e9n\u00e9rale, entra\u00eenements course \u00e0 pieds et v\u00e9lo) :&nbsp;&nbsp;<\/strong><\/p>\n\n\n\n<p>BF 4 triathlon<\/p>\n\n\n\n<p>Licence STAPS entra\u00eenement sportif, option triathlon<\/p>\n\n\n\n<p>Brevet d\u2019Etat d\u2019Educateur Sportif des Activit\u00e9s du Cyclisme (BEESAC)<\/p>\n\n\n\n<p>Brevet d\u2019Etat d\u2019Educateur Sportif Activit\u00e9s Physiques Pour Tous (BEESAPPT)<\/p>\n<\/div><figure class=\"wp-block-media-text__media\"><img loading=\"lazy\" decoding=\"async\" width=\"279\" height=\"444\" src=\"https:\/\/www.toulon-triathlon.com\/wp-content\/uploads\/2016\/06\/Thierry-Pelet1-1.jpg\" alt=\"\" class=\"wp-image-249 size-full\" srcset=\"https:\/\/www.toulon-triathlon.com\/wp-content\/uploads\/2016\/06\/Thierry-Pelet1-1.jpg 279w, https:\/\/www.toulon-triathlon.com\/wp-content\/uploads\/2016\/06\/Thierry-Pelet1-1-189x300.jpg 189w, https:\/\/www.toulon-triathlon.com\/wp-content\/uploads\/2016\/06\/Thierry-Pelet1-1-93x148.jpg 93w, https:\/\/www.toulon-triathlon.com\/wp-content\/uploads\/2016\/06\/Thierry-Pelet1-1-19x31.jpg 19w, https:\/\/www.toulon-triathlon.com\/wp-content\/uploads\/2016\/06\/Thierry-Pelet1-1-24x38.jpg 24w, https:\/\/www.toulon-triathlon.com\/wp-content\/uploads\/2016\/06\/Thierry-Pelet1-1-135x215.jpg 135w\" sizes=\"auto, (max-width: 279px) 100vw, 279px\" \/><\/figure><\/div>\n\n\n\n<div class=\"wp-block-media-text is-stacked-on-mobile\" style=\"grid-template-columns:38% auto\"><figure class=\"wp-block-media-text__media\"><img loading=\"lazy\" decoding=\"async\" width=\"1024\" height=\"768\" src=\"https:\/\/www.toulon-triathlon.com\/wp-content\/uploads\/2023\/09\/Julien_R-1024x768.jpg\" alt=\"\" class=\"wp-image-4831 size-full\" srcset=\"https:\/\/www.toulon-triathlon.com\/wp-content\/uploads\/2023\/09\/Julien_R-1024x768.jpg 1024w, https:\/\/www.toulon-triathlon.com\/wp-content\/uploads\/2023\/09\/Julien_R-300x225.jpg 300w, https:\/\/www.toulon-triathlon.com\/wp-content\/uploads\/2023\/09\/Julien_R-768x576.jpg 768w, https:\/\/www.toulon-triathlon.com\/wp-content\/uploads\/2023\/09\/Julien_R-1536x1152.jpg 1536w, https:\/\/www.toulon-triathlon.com\/wp-content\/uploads\/2023\/09\/Julien_R-148x111.jpg 148w, https:\/\/www.toulon-triathlon.com\/wp-content\/uploads\/2023\/09\/Julien_R-31x23.jpg 31w, https:\/\/www.toulon-triathlon.com\/wp-content\/uploads\/2023\/09\/Julien_R-38x29.jpg 38w, https:\/\/www.toulon-triathlon.com\/wp-content\/uploads\/2023\/09\/Julien_R-287x215.jpg 287w, https:\/\/www.toulon-triathlon.com\/wp-content\/uploads\/2023\/09\/Julien_R-2000x1500.jpg 2000w, https:\/\/www.toulon-triathlon.com\/wp-content\/uploads\/2023\/09\/Julien_R.jpg 2048w\" sizes=\"auto, (max-width: 1024px) 100vw, 1024px\" \/><\/figure><div class=\"wp-block-media-text__content\">\n<h5 class=\"wp-block-heading\">Entra\u00eeneur principal natation et PPG<\/h5>\n\n\n\n<p><strong>Julien RENAULT :<\/strong> Entra\u00eeneur de natation principal &#8211; BEESAN<\/p>\n<\/div><\/div>\n\n\n\n<p><\/p>\n\n\n\n<h5 class=\"wp-block-heading\">Entra\u00eeneurs adjoints<\/h5>\n\n\n\n<figure class=\"wp-block-gallery has-nested-images columns-default is-cropped wp-block-gallery-1 is-layout-flex wp-block-gallery-is-layout-flex\">\n<figure class=\"wp-block-image size-large\"><img loading=\"lazy\" decoding=\"async\" width=\"190\" height=\"240\" data-id=\"471\" src=\"https:\/\/www.toulon-triathlon.com\/wp-content\/uploads\/2016\/08\/pellegry-serge.jpg\" alt=\"\" class=\"wp-image-471\" srcset=\"https:\/\/www.toulon-triathlon.com\/wp-content\/uploads\/2016\/08\/pellegry-serge.jpg 190w, https:\/\/www.toulon-triathlon.com\/wp-content\/uploads\/2016\/08\/pellegry-serge-117x148.jpg 117w, https:\/\/www.toulon-triathlon.com\/wp-content\/uploads\/2016\/08\/pellegry-serge-25x31.jpg 25w, https:\/\/www.toulon-triathlon.com\/wp-content\/uploads\/2016\/08\/pellegry-serge-30x38.jpg 30w, https:\/\/www.toulon-triathlon.com\/wp-content\/uploads\/2016\/08\/pellegry-serge-170x215.jpg 170w\" sizes=\"auto, (max-width: 190px) 100vw, 190px\" \/><figcaption class=\"wp-element-caption\"><strong>Serge PELLEGRY :<\/strong>&nbsp;BF5 triathlon<\/figcaption><\/figure>\n\n\n\n<figure class=\"wp-block-image size-large\"><img loading=\"lazy\" decoding=\"async\" width=\"190\" height=\"240\" data-id=\"446\" src=\"https:\/\/www.toulon-triathlon.com\/wp-content\/uploads\/2016\/08\/garriguenc-thierry.jpg\" alt=\"\" class=\"wp-image-446\" srcset=\"https:\/\/www.toulon-triathlon.com\/wp-content\/uploads\/2016\/08\/garriguenc-thierry.jpg 190w, https:\/\/www.toulon-triathlon.com\/wp-content\/uploads\/2016\/08\/garriguenc-thierry-117x148.jpg 117w, https:\/\/www.toulon-triathlon.com\/wp-content\/uploads\/2016\/08\/garriguenc-thierry-25x31.jpg 25w, https:\/\/www.toulon-triathlon.com\/wp-content\/uploads\/2016\/08\/garriguenc-thierry-30x38.jpg 30w, https:\/\/www.toulon-triathlon.com\/wp-content\/uploads\/2016\/08\/garriguenc-thierry-170x215.jpg 170w\" sizes=\"auto, (max-width: 190px) 100vw, 190px\" \/><figcaption class=\"wp-element-caption\"><strong>Thierry GARRIGUENC :<\/strong> Entra\u00eeneur des jeunes &#8211; BF4 triathlon<\/figcaption><\/figure>\n\n\n\n<figure class=\"wp-block-image size-large\"><img loading=\"lazy\" decoding=\"async\" width=\"190\" height=\"240\" data-id=\"397\" src=\"https:\/\/www.toulon-triathlon.com\/wp-content\/uploads\/2016\/08\/boulous-david.jpg\" alt=\"\" class=\"wp-image-397\" srcset=\"https:\/\/www.toulon-triathlon.com\/wp-content\/uploads\/2016\/08\/boulous-david.jpg 190w, https:\/\/www.toulon-triathlon.com\/wp-content\/uploads\/2016\/08\/boulous-david-117x148.jpg 117w, https:\/\/www.toulon-triathlon.com\/wp-content\/uploads\/2016\/08\/boulous-david-25x31.jpg 25w, https:\/\/www.toulon-triathlon.com\/wp-content\/uploads\/2016\/08\/boulous-david-30x38.jpg 30w, https:\/\/www.toulon-triathlon.com\/wp-content\/uploads\/2016\/08\/boulous-david-170x215.jpg 170w\" sizes=\"auto, (max-width: 190px) 100vw, 190px\" \/><figcaption class=\"wp-element-caption\"><strong>David BOULOUS<\/strong><\/figcaption><\/figure>\n<\/figure>\n\n\n\n<h2 class=\"wp-block-heading\">&nbsp;<\/h2>\n","protected":false},"excerpt":{"rendered":"<p>Le club poss\u00e8de une commission sportive, compos\u00e9e du directeur sportif et des entra\u00eeneurs, charg\u00e9e de planifier les entra\u00eenements et les<\/p>\n","protected":false},"author":1,"featured_media":0,"parent":2,"menu_order":0,"comment_status":"closed","ping_status":"closed","template":"","meta":{"colormag_page_container_layout":"no_sidebar_full_width","colormag_page_sidebar_layout":"no_sidebar","_monsterinsights_skip_tracking":false,"_monsterinsights_sitenote_active":false,"_monsterinsights_sitenote_note":"","_monsterinsights_sitenote_category":0,"ngg_post_thumbnail":0,"footnotes":""},"class_list":["post-38","page","type-page","status-publish","hentry"],"_links":{"self":[{"href":"https:\/\/www.toulon-triathlon.com\/index.php\/wp-json\/wp\/v2\/pages\/38","targetHints":{"allow":["GET"]}}],"collection":[{"href":"https:\/\/www.toulon-triathlon.com\/index.php\/wp-json\/wp\/v2\/pages"}],"about":[{"href":"https:\/\/www.toulon-triathlon.com\/index.php\/wp-json\/wp\/v2\/types\/page"}],"author":[{"embeddable":true,"href":"https:\/\/www.toulon-triathlon.com\/index.php\/wp-json\/wp\/v2\/users\/1"}],"replies":[{"embeddable":true,"href":"https:\/\/www.toulon-triathlon.com\/index.php\/wp-json\/wp\/v2\/comments?post=38"}],"version-history":[{"count":15,"href":"https:\/\/www.toulon-triathlon.com\/index.php\/wp-json\/wp\/v2\/pages\/38\/revisions"}],"predecessor-version":[{"id":5768,"href":"https:\/\/www.toulon-triathlon.com\/index.php\/wp-json\/wp\/v2\/pages\/38\/revisions\/5768"}],"up":[{"embeddable":true,"href":"https:\/\/www.toulon-triathlon.com\/index.php\/wp-json\/wp\/v2\/pages\/2"}],"wp:attachment":[{"href":"https:\/\/www.toulon-triathlon.com\/index.php\/wp-json\/wp\/v2\/media?parent=38"}],"curies":[{"name":"wp","href":"https:\/\/api.w.org\/{rel}","templated":true}]}}