{"id":3664,"date":"2019-10-05T15:11:07","date_gmt":"2019-10-05T13:11:07","guid":{"rendered":"http:\/\/www.toulon-triathlon.com\/?page_id=3664"},"modified":"2020-01-21T23:07:31","modified_gmt":"2020-01-21T22:07:31","slug":"trail-du-coudon","status":"publish","type":"page","link":"https:\/\/www.toulon-triathlon.com\/index.php\/trail-du-coudon\/","title":{"rendered":"Trail du Coudon 2020"},"content":{"rendered":"\n<p align=\"center\"><a title=\"Facebook\" href=\"https:\/\/www.facebook.com\/ledefidulevant\/\" target=\"_blank\" rel=\"noopener noreferrer\"><img loading=\"lazy\" decoding=\"async\" src=\"https:\/\/www.toulon-triathlon.com\/wp-content\/uploads\/2019\/07\/iconfinder_Facebook_1288098.png\" alt=\"le-texte-alternatif-de-l'image\" width=\"70\" height=\"70\"><\/a> <a title=\"Instagram\" href=\"https:\/\/www.instagram.com\/ledefidulevant\/\" target=\"_blank\" rel=\"noopener noreferrer\"><img loading=\"lazy\" decoding=\"async\" src=\"https:\/\/www.toulon-triathlon.com\/wp-content\/uploads\/2019\/07\/iconfinder_Instagram_1298747.png\" alt=\"Instagram\" width=\"70\" height=\"70\"><\/a><\/p>\n\n\n\n<p class=\"has-vivid-cyan-blue-color has-text-color has-large-font-size\"> <\/p>\n\n\n\n<div class=\"wp-block-cover has-background-dim\" style=\"background-image:url(https:\/\/www.toulon-triathlon.com\/wp-content\/uploads\/2019\/10\/1.jpg)\"><div class=\"wp-block-cover__inner-container is-layout-flow wp-block-cover-is-layout-flow\">\n<p style=\"text-align:center\" class=\"has-large-font-size\">Le Trail du Coudon<\/p>\n\n\n\n<p style=\"text-align:center\" class=\"has-large-font-size\">19 Janvier 2020<\/p>\n<\/div><\/div>\n\n\n\n<p>Organis\u00e9 par le club depuis 2013, le trail \u00e9tait initialement appel\u00e9 \u00ab\u00a0Trail des Amoureux du Coudon\u00a0\u00bb et couru en duo uniquement pour le 30km, il \u00e9tait organis\u00e9 aux alentours du 14 f\u00e9vrier.<\/p>\n\n\n\n<p>Il est ensuite devenu \u00ab\u00a0Trail du coudon\u00a0\u00bb et emprunte le m\u00eame massif avec cette ann\u00e9e 3 nouveaux parcours et une nouvelle distance de 7.5km ouverte aux cadets.<\/p>\n\n\n\n<p><\/p>\n\n\n\n<div class=\"wp-block-media-text alignwide\" style=\"grid-template-columns:42% auto\"><figure class=\"wp-block-media-text__media\"><img loading=\"lazy\" decoding=\"async\" width=\"960\" height=\"652\" src=\"https:\/\/www.toulon-triathlon.com\/wp-content\/uploads\/2020\/01\/3.jpg\" alt=\"\" class=\"wp-image-3778\" srcset=\"https:\/\/www.toulon-triathlon.com\/wp-content\/uploads\/2020\/01\/3.jpg 960w, https:\/\/www.toulon-triathlon.com\/wp-content\/uploads\/2020\/01\/3-300x204.jpg 300w, https:\/\/www.toulon-triathlon.com\/wp-content\/uploads\/2020\/01\/3-768x522.jpg 768w, https:\/\/www.toulon-triathlon.com\/wp-content\/uploads\/2020\/01\/3-148x101.jpg 148w, https:\/\/www.toulon-triathlon.com\/wp-content\/uploads\/2020\/01\/3-31x21.jpg 31w, https:\/\/www.toulon-triathlon.com\/wp-content\/uploads\/2020\/01\/3-38x26.jpg 38w, https:\/\/www.toulon-triathlon.com\/wp-content\/uploads\/2020\/01\/3-317x215.jpg 317w\" sizes=\"auto, (max-width: 960px) 100vw, 960px\" \/><\/figure><div class=\"wp-block-media-text__content\">\n<p class=\"has-large-font-size\">R\u00e9sultats:<\/p>\n\n\n\n<p><a rel=\"noreferrer noopener\" aria-label=\"7.5km individuel (opens in a new tab)\" href=\"https:\/\/www.timingzone.com\/wp-content\/uploads\/2020\/01\/7.5-km.pdf\" target=\"_blank\">7.5km<\/a><\/p>\n\n\n\n<p><a rel=\"noreferrer noopener\" aria-label=\"Album 2 (opens in a new tab)\" href=\"https:\/\/drive.google.com\/drive\/folders\/16urNMPjnPuJE7ax1cF1BHusVO6VH1Hxw?fbclid=IwAR1nru0_cJ9rSd-w4uMCMDRRw7wPhe47zubbaeoKmpT1NyQteOshdtsnV78\" target=\"_blank\"><\/a><a href=\"https:\/\/www.timingzone.com\/wp-content\/uploads\/2020\/01\/15-km-IND.pdf\">15km<\/a> &#8211; <a href=\"https:\/\/www.timingzone.com\/wp-content\/uploads\/2020\/01\/15-KM-DUO.pdf\">15km Duo<\/a>  <\/p>\n\n\n\n<p><a rel=\"noreferrer noopener\" aria-label=\"28km (opens in a new tab)\" href=\"https:\/\/www.timingzone.com\/wp-content\/uploads\/2020\/01\/28-KM-IND.pdf\" target=\"_blank\">28km<\/a> &#8211; <a href=\"https:\/\/www.timingzone.com\/wp-content\/uploads\/2020\/01\/28-KM-DUO.pdf\" target=\"_blank\" rel=\"noreferrer noopener\" aria-label=\"28km Duo (opens in a new tab)\">28km Duo<\/a><\/p>\n<\/div><\/div>\n\n\n\n<div class=\"wp-block-media-text alignwide has-media-on-the-right\" style=\"grid-template-columns:auto 42%\"><figure class=\"wp-block-media-text__media\"><img loading=\"lazy\" decoding=\"async\" width=\"1024\" height=\"576\" src=\"https:\/\/www.toulon-triathlon.com\/wp-content\/uploads\/2020\/01\/20200119_100645-1024x576.jpg\" alt=\"\" class=\"wp-image-3777\" srcset=\"https:\/\/www.toulon-triathlon.com\/wp-content\/uploads\/2020\/01\/20200119_100645-1024x576.jpg 1024w, https:\/\/www.toulon-triathlon.com\/wp-content\/uploads\/2020\/01\/20200119_100645-300x169.jpg 300w, https:\/\/www.toulon-triathlon.com\/wp-content\/uploads\/2020\/01\/20200119_100645-768x432.jpg 768w, https:\/\/www.toulon-triathlon.com\/wp-content\/uploads\/2020\/01\/20200119_100645-148x83.jpg 148w, https:\/\/www.toulon-triathlon.com\/wp-content\/uploads\/2020\/01\/20200119_100645-31x17.jpg 31w, https:\/\/www.toulon-triathlon.com\/wp-content\/uploads\/2020\/01\/20200119_100645-38x21.jpg 38w, https:\/\/www.toulon-triathlon.com\/wp-content\/uploads\/2020\/01\/20200119_100645-382x215.jpg 382w, https:\/\/www.toulon-triathlon.com\/wp-content\/uploads\/2020\/01\/20200119_100645-2000x1125.jpg 2000w\" sizes=\"auto, (max-width: 1024px) 100vw, 1024px\" \/><\/figure><div class=\"wp-block-media-text__content\">\n<p class=\"has-large-font-size\">Photos :<\/p>\n\n\n\n<p><a rel=\"noreferrer noopener\" aria-label=\"Album  (opens in a new tab)\" href=\"https:\/\/www.facebook.com\/pg\/Trailducoudon\/photos\/?tab=album&amp;album_id=2464505090478518\" target=\"_blank\">Album <\/a><a href=\"https:\/\/www.facebook.com\/pg\/Trailducoudon\/photos\/?tab=album&amp;album_id=2464505090478518\">1<\/a><a rel=\"noreferrer noopener\" aria-label=\"Album 2 (opens in a new tab)\" href=\"https:\/\/drive.google.com\/drive\/folders\/16urNMPjnPuJE7ax1cF1BHusVO6VH1Hxw?fbclid=IwAR1nru0_cJ9rSd-w4uMCMDRRw7wPhe47zubbaeoKmpT1NyQteOshdtsnV78\" target=\"_blank\">, Album 2<\/a>, <a rel=\"noreferrer noopener\" aria-label=\"Album 3 (opens in a new tab)\" href=\"https:\/\/photos.google.com\/share\/AF1QipPejgwdrAbgRQaMUrHVC2GCQbEBP-a4v1pi0eq63HJZ3CRifbOLHR_yHQ4U72bQFg?key=Qlhmc1NQVGFwM3lVbGlKX2d3bVZHRGhLQV9JQ2xB\" target=\"_blank\">Album 3<\/a>, <a href=\"https:\/\/photos.app.goo.gl\/ByLCnEswcGwvP2kH7\">Album 4<\/a><\/p>\n\n\n\n<p><a rel=\"noreferrer noopener\" aria-label=\"Album 7.5km (opens in a new tab)\" href=\"https:\/\/photos.google.com\/share\/AF1QipPHSqMXJedZ5huLLHoMs-gnX7w4En4URDLBK-sHH57tZHWBjI2qUTQFuwL77KqhCw?key=dmg5djY5VEFFV1hXRVFXaXkwdlRRWnJ5eFdMY2t3\" target=\"_blank\">Album 7.5km<\/a>, <a rel=\"noreferrer noopener\" aria-label=\"Album 15km (opens in a new tab)\" href=\"https:\/\/photos.google.com\/share\/AF1QipOXqCUfkb5rBjimMOU_AOGL0JYw8FWPeuxITz8uElqC2lYMDsuzcI-hzITu8UAujg?key=dTNNZDVET2M1SFF6QXJjNmRlR0lNaHFlQ0NERTFB\" target=\"_blank\">Album 15km<\/a>, <a rel=\"noreferrer noopener\" aria-label=\"Album 28km (opens in a new tab)\" href=\"https:\/\/photos.google.com\/share\/AF1QipN1xRDgRGTqjVPgyjOWLawLKrOyCbf0S7kqQ0iigBEn0Tt1eWMZa2wlcn_4lqZNBw?key=Z3BHQmUtSVlRcmpRSnhqSWNPOXRmeDBJT2p2VEV3\" target=\"_blank\">Album 28km<\/a><\/p>\n\n\n\n<p><\/p>\n\n\n\n<p><\/p>\n<\/div><\/div>\n\n\n\n<div class=\"wp-block-media-text alignwide\" style=\"grid-template-columns:42% auto\"><figure class=\"wp-block-media-text__media\"><img loading=\"lazy\" decoding=\"async\" width=\"885\" height=\"608\" src=\"https:\/\/www.toulon-triathlon.com\/wp-content\/uploads\/2019\/11\/8.jpg\" alt=\"\" class=\"wp-image-3711\" srcset=\"https:\/\/www.toulon-triathlon.com\/wp-content\/uploads\/2019\/11\/8.jpg 885w, https:\/\/www.toulon-triathlon.com\/wp-content\/uploads\/2019\/11\/8-300x206.jpg 300w, https:\/\/www.toulon-triathlon.com\/wp-content\/uploads\/2019\/11\/8-768x528.jpg 768w, https:\/\/www.toulon-triathlon.com\/wp-content\/uploads\/2019\/11\/8-148x102.jpg 148w, https:\/\/www.toulon-triathlon.com\/wp-content\/uploads\/2019\/11\/8-31x21.jpg 31w, https:\/\/www.toulon-triathlon.com\/wp-content\/uploads\/2019\/11\/8-38x26.jpg 38w, https:\/\/www.toulon-triathlon.com\/wp-content\/uploads\/2019\/11\/8-313x215.jpg 313w, https:\/\/www.toulon-triathlon.com\/wp-content\/uploads\/2019\/11\/8-130x90.jpg 130w\" sizes=\"auto, (max-width: 885px) 100vw, 885px\" \/><\/figure><div class=\"wp-block-media-text__content\">\n<p class=\"has-large-font-size\"><a href=\"https:\/\/connect.garmin.com\/modern\/activity\/4210230427#.XcsMPD8BpFU.gmail\" target=\"_blank\" rel=\"noreferrer noopener\" aria-label=\"Parcours 7.5km (300m D+) (opens in a new tab)\">Parcours 7.5km (300m D+)<\/a><\/p>\n\n\n\n<p><\/p>\n<\/div><\/div>\n\n\n\n<div class=\"wp-block-media-text alignwide has-media-on-the-right\" style=\"grid-template-columns:auto 42%\"><figure class=\"wp-block-media-text__media\"><img loading=\"lazy\" decoding=\"async\" width=\"915\" height=\"608\" src=\"https:\/\/www.toulon-triathlon.com\/wp-content\/uploads\/2019\/10\/6.jpg\" alt=\"\" class=\"wp-image-3670\" srcset=\"https:\/\/www.toulon-triathlon.com\/wp-content\/uploads\/2019\/10\/6.jpg 915w, https:\/\/www.toulon-triathlon.com\/wp-content\/uploads\/2019\/10\/6-300x199.jpg 300w, https:\/\/www.toulon-triathlon.com\/wp-content\/uploads\/2019\/10\/6-768x510.jpg 768w, https:\/\/www.toulon-triathlon.com\/wp-content\/uploads\/2019\/10\/6-148x98.jpg 148w, https:\/\/www.toulon-triathlon.com\/wp-content\/uploads\/2019\/10\/6-31x21.jpg 31w, https:\/\/www.toulon-triathlon.com\/wp-content\/uploads\/2019\/10\/6-38x25.jpg 38w, https:\/\/www.toulon-triathlon.com\/wp-content\/uploads\/2019\/10\/6-324x215.jpg 324w\" sizes=\"auto, (max-width: 915px) 100vw, 915px\" \/><\/figure><div class=\"wp-block-media-text__content\">\n<p class=\"has-large-font-size\"><a href=\"https:\/\/connect.garmin.com\/modern\/activity\/4256247253\" target=\"_blank\" rel=\"noreferrer noopener\" aria-label=\" (opens in a new tab)\">Parcours 15km (600m D+)<\/a><\/p>\n<\/div><\/div>\n\n\n\n<div class=\"wp-block-media-text alignwide\" style=\"grid-template-columns:42% auto\"><figure class=\"wp-block-media-text__media\"><img loading=\"lazy\" decoding=\"async\" width=\"960\" height=\"652\" src=\"https:\/\/www.toulon-triathlon.com\/wp-content\/uploads\/2019\/10\/2.jpg\" alt=\"\" class=\"wp-image-3667\" srcset=\"https:\/\/www.toulon-triathlon.com\/wp-content\/uploads\/2019\/10\/2.jpg 960w, https:\/\/www.toulon-triathlon.com\/wp-content\/uploads\/2019\/10\/2-300x204.jpg 300w, https:\/\/www.toulon-triathlon.com\/wp-content\/uploads\/2019\/10\/2-768x522.jpg 768w, https:\/\/www.toulon-triathlon.com\/wp-content\/uploads\/2019\/10\/2-148x101.jpg 148w, https:\/\/www.toulon-triathlon.com\/wp-content\/uploads\/2019\/10\/2-31x21.jpg 31w, https:\/\/www.toulon-triathlon.com\/wp-content\/uploads\/2019\/10\/2-38x26.jpg 38w, https:\/\/www.toulon-triathlon.com\/wp-content\/uploads\/2019\/10\/2-317x215.jpg 317w\" sizes=\"auto, (max-width: 960px) 100vw, 960px\" \/><\/figure><div class=\"wp-block-media-text__content\">\n<p class=\"has-large-font-size\"><a href=\"https:\/\/connect.garmin.com\/modern\/activity\/4364220996\" target=\"_blank\" rel=\"noreferrer noopener\" aria-label=\"Parcours 28km (1500m D+) (opens in a new tab)\">Parcours 28km (1500m D+)<\/a><\/p>\n<\/div><\/div>\n\n\n\n<div class=\"wp-block-media-text alignwide has-media-on-the-right\" style=\"grid-template-columns:auto 42%\"><figure class=\"wp-block-media-text__media\"><img loading=\"lazy\" decoding=\"async\" width=\"915\" height=\"608\" src=\"https:\/\/www.toulon-triathlon.com\/wp-content\/uploads\/2019\/10\/7.jpg\" alt=\"\" class=\"wp-image-3672\" srcset=\"https:\/\/www.toulon-triathlon.com\/wp-content\/uploads\/2019\/10\/7.jpg 915w, https:\/\/www.toulon-triathlon.com\/wp-content\/uploads\/2019\/10\/7-300x199.jpg 300w, https:\/\/www.toulon-triathlon.com\/wp-content\/uploads\/2019\/10\/7-768x510.jpg 768w, https:\/\/www.toulon-triathlon.com\/wp-content\/uploads\/2019\/10\/7-148x98.jpg 148w, https:\/\/www.toulon-triathlon.com\/wp-content\/uploads\/2019\/10\/7-31x21.jpg 31w, https:\/\/www.toulon-triathlon.com\/wp-content\/uploads\/2019\/10\/7-38x25.jpg 38w, https:\/\/www.toulon-triathlon.com\/wp-content\/uploads\/2019\/10\/7-324x215.jpg 324w\" sizes=\"auto, (max-width: 915px) 100vw, 915px\" \/><\/figure><div class=\"wp-block-media-text__content\">\n<p class=\"has-large-font-size\"><a rel=\"noreferrer noopener\" aria-label=\"Inscriptions internet (opens in a new tab)\" href=\"https:\/\/www.timingzone.com\/apps\/competitions-detail.php?id=519\" target=\"_blank\">Inscriptions internet<\/a><\/p>\n\n\n\n<p class=\"has-large-font-size\"><a href=\"https:\/\/www.toulon-triathlon.com\/wp-content\/uploads\/2019\/11\/bulletin-Trail-2020.pdf\" target=\"_blank\" rel=\"noreferrer noopener\" aria-label=\"D\u00e9tails des \u00e9preuves et inscription papier (opens in a new tab)\">D\u00e9tails des \u00e9preuves et inscription papier<\/a><\/p>\n\n\n\n<p><\/p>\n<\/div><\/div>\n\n\n\n<p><\/p>\n","protected":false},"excerpt":{"rendered":"<p>Organis\u00e9 par le club depuis 2013, le trail \u00e9tait initialement appel\u00e9 \u00ab\u00a0Trail des Amoureux du Coudon\u00a0\u00bb et couru en duo<\/p>\n","protected":false},"author":1,"featured_media":0,"parent":0,"menu_order":0,"comment_status":"closed","ping_status":"closed","template":"","meta":{"colormag_page_container_layout":"no_sidebar_content_centered","colormag_page_sidebar_layout":"no_sidebar","_monsterinsights_skip_tracking":false,"_monsterinsights_sitenote_active":false,"_monsterinsights_sitenote_note":"","_monsterinsights_sitenote_category":0,"ngg_post_thumbnail":0,"footnotes":""},"class_list":["post-3664","page","type-page","status-publish","hentry"],"_links":{"self":[{"href":"https:\/\/www.toulon-triathlon.com\/index.php\/wp-json\/wp\/v2\/pages\/3664","targetHints":{"allow":["GET"]}}],"collection":[{"href":"https:\/\/www.toulon-triathlon.com\/index.php\/wp-json\/wp\/v2\/pages"}],"about":[{"href":"https:\/\/www.toulon-triathlon.com\/index.php\/wp-json\/wp\/v2\/types\/page"}],"author":[{"embeddable":true,"href":"https:\/\/www.toulon-triathlon.com\/index.php\/wp-json\/wp\/v2\/users\/1"}],"replies":[{"embeddable":true,"href":"https:\/\/www.toulon-triathlon.com\/index.php\/wp-json\/wp\/v2\/comments?post=3664"}],"version-history":[{"count":18,"href":"https:\/\/www.toulon-triathlon.com\/index.php\/wp-json\/wp\/v2\/pages\/3664\/revisions"}],"predecessor-version":[{"id":3788,"href":"https:\/\/www.toulon-triathlon.com\/index.php\/wp-json\/wp\/v2\/pages\/3664\/revisions\/3788"}],"wp:attachment":[{"href":"https:\/\/www.toulon-triathlon.com\/index.php\/wp-json\/wp\/v2\/media?parent=3664"}],"curies":[{"name":"wp","href":"https:\/\/api.w.org\/{rel}","templated":true}]}}