{"id":3627,"date":"2019-10-04T19:52:13","date_gmt":"2019-10-04T17:52:13","guid":{"rendered":"http:\/\/www.toulon-triathlon.com\/?page_id=3627"},"modified":"2022-02-15T08:12:38","modified_gmt":"2022-02-15T07:12:38","slug":"swimrun-le-defi-du-levant","status":"publish","type":"page","link":"https:\/\/www.toulon-triathlon.com\/index.php\/swimrun-le-defi-du-levant\/","title":{"rendered":"Le D\u00e9fi Du Levant 2021"},"content":{"rendered":"\n<h2 class=\"has-text-align-center wp-block-heading\"><span style=\"color:#0693e3\" class=\"tadv-color\"><strong>\u00ab\u00a0Le D\u00e9fi du Levant\u00a0\u00bb   5\u00b0 \u00e9dition du Swimrun de Toulon <\/strong><br><strong>s&rsquo;est d\u00e9roul\u00e9 le 19 Septembre 2021.<br>D\u00e9part de la Tour Royale au Mourillon.<\/strong><\/span><\/h2>\n\n\n\n<p class=\"has-medium-font-size\" id=\"block-2025eb80-ecb9-4c49-82d7-8c04d2614a24\">Les 3 circuits S, M et L sont propos\u00e9s en Equipe ou en Solo.<br>Pour cette 5\u00b0 \u00e9dition les parcours reprenaient les m\u00eames sentiers et natation qu&rsquo;en 2020.  Le Saut du Fer \u00e0 Cheval, ou opter pour une mise \u00e0 l&rsquo;eau en douceur ont \u00e9t\u00e9 supprim\u00e9 pour des raisons de s\u00e9curit\u00e9 ( mer agit\u00e9e ++ ) <br>La Tour Royale vous a propos\u00e9 un \u00a0\u00bb D\u00e9fi \u00a0\u00bb \u00e0 la hauteur .<br><br><a rel=\"noreferrer noopener\" href=\"https:\/\/drive.google.com\/file\/d\/1VUB_n0wGfvBO0K6QoVZ05YaeJ1yzEN6m\/view?usp=sharing\" target=\"_blank\">R\u00e8glement 2021<\/a> (\u00e0 lire attentivement)<\/p>\n\n\n\n<div class=\"wp-block-media-text alignwide is-stacked-on-mobile\" style=\"grid-template-columns:43% auto\"><figure class=\"wp-block-media-text__media\"><img loading=\"lazy\" decoding=\"async\" width=\"1024\" height=\"575\" src=\"https:\/\/www.toulon-triathlon.com\/wp-content\/uploads\/2021\/09\/DSC01901-1024x575.jpg\" alt=\"\" class=\"wp-image-4355 size-full\" srcset=\"https:\/\/www.toulon-triathlon.com\/wp-content\/uploads\/2021\/09\/DSC01901-1024x575.jpg 1024w, https:\/\/www.toulon-triathlon.com\/wp-content\/uploads\/2021\/09\/DSC01901-300x168.jpg 300w, https:\/\/www.toulon-triathlon.com\/wp-content\/uploads\/2021\/09\/DSC01901-768x431.jpg 768w, https:\/\/www.toulon-triathlon.com\/wp-content\/uploads\/2021\/09\/DSC01901-148x83.jpg 148w, https:\/\/www.toulon-triathlon.com\/wp-content\/uploads\/2021\/09\/DSC01901-31x17.jpg 31w, https:\/\/www.toulon-triathlon.com\/wp-content\/uploads\/2021\/09\/DSC01901-38x21.jpg 38w, https:\/\/www.toulon-triathlon.com\/wp-content\/uploads\/2021\/09\/DSC01901-383x215.jpg 383w, https:\/\/www.toulon-triathlon.com\/wp-content\/uploads\/2021\/09\/DSC01901.jpg 1170w\" sizes=\"auto, (max-width: 1024px) 100vw, 1024px\" \/><\/figure><div class=\"wp-block-media-text__content\">\n<p class=\"has-large-font-size\"><a href=\"https:\/\/drive.google.com\/file\/d\/1diAv7vfXNx4bdPWK5FmzK4B6OX7K0JZk\/view?usp=sharing\" data-type=\"URL\" data-id=\"https:\/\/drive.google.com\/file\/d\/1diAv7vfXNx4bdPWK5FmzK4B6OX7K0JZk\/view?usp=sharing\" target=\"_blank\" rel=\"noreferrer noopener\">R\u00e9sultats<\/a><\/p>\n<\/div><\/div>\n\n\n\n<div class=\"wp-block-media-text alignwide has-media-on-the-right is-stacked-on-mobile\" style=\"grid-template-columns:auto 49%\"><figure class=\"wp-block-media-text__media\"><img loading=\"lazy\" decoding=\"async\" width=\"1024\" height=\"576\" src=\"https:\/\/www.toulon-triathlon.com\/wp-content\/uploads\/2021\/09\/photo-1024x576.jpg\" alt=\"\" class=\"wp-image-4354 size-full\" srcset=\"https:\/\/www.toulon-triathlon.com\/wp-content\/uploads\/2021\/09\/photo-1024x576.jpg 1024w, https:\/\/www.toulon-triathlon.com\/wp-content\/uploads\/2021\/09\/photo-300x169.jpg 300w, https:\/\/www.toulon-triathlon.com\/wp-content\/uploads\/2021\/09\/photo-768x432.jpg 768w, https:\/\/www.toulon-triathlon.com\/wp-content\/uploads\/2021\/09\/photo-1536x864.jpg 1536w, https:\/\/www.toulon-triathlon.com\/wp-content\/uploads\/2021\/09\/photo-148x83.jpg 148w, https:\/\/www.toulon-triathlon.com\/wp-content\/uploads\/2021\/09\/photo-31x17.jpg 31w, https:\/\/www.toulon-triathlon.com\/wp-content\/uploads\/2021\/09\/photo-38x21.jpg 38w, https:\/\/www.toulon-triathlon.com\/wp-content\/uploads\/2021\/09\/photo-382x215.jpg 382w, https:\/\/www.toulon-triathlon.com\/wp-content\/uploads\/2021\/09\/photo-2000x1125.jpg 2000w, https:\/\/www.toulon-triathlon.com\/wp-content\/uploads\/2021\/09\/photo.jpg 2048w\" sizes=\"auto, (max-width: 1024px) 100vw, 1024px\" \/><\/figure><div class=\"wp-block-media-text__content\">\n<p class=\"has-large-font-size\"><a href=\"https:\/\/www.facebook.com\/media\/set\/?set=oa.252619496759480&amp;type=3\" target=\"_blank\" rel=\"noreferrer noopener\">Album photos 1<\/a><\/p>\n\n\n\n<p class=\"has-large-font-size\"><a rel=\"noreferrer noopener\" href=\"https:\/\/photos.google.com\/share\/AF1QipMzjd01-pj2hUGhgtEkceaMS4T1aQmXRH0CpM9tsgxUkjuYahwWjx30uwUm5ofjrQ?key=MU5IaDVZaXlwdUstc1hDQklwQ2hneVZ4b09pVGln\" target=\"_blank\">Album photos 2<\/a><br><a href=\"https:\/\/photos.app.goo.gl\/787FmUtVSr4Bh2H49\" data-type=\"URL\" data-id=\"https:\/\/photos.app.goo.gl\/787FmUtVSr4Bh2H49\">Album photos  3<\/a><\/p>\n<\/div><\/div>\n\n\n\n<div class=\"wp-block-image\"><figure class=\"aligncenter is-resized\"><img loading=\"lazy\" decoding=\"async\" src=\"https:\/\/www.toulon-triathlon.com\/wp-content\/uploads\/2021\/07\/P1130261-1-1024x628.jpg\" alt=\"\" class=\"wp-image-4264\" width=\"676\" height=\"415\"\/><\/figure><\/div>\n\n\n\n<h2 class=\"wp-block-heading\"><br><strong><span style=\"color:#000000\" class=\"tadv-color\">Pr\u00e9sentation des 3 Parcours :<\/span><\/strong><\/h2>\n\n\n\n<div class=\"wp-block-media-text alignwide is-stacked-on-mobile\" style=\"grid-template-columns:51% auto\"><figure class=\"wp-block-media-text__media\"><a href=\"https:\/\/www.toulon-triathlon.com\/wp-content\/uploads\/2021\/07\/Swimrun-2021-parcours-S.png\"><img loading=\"lazy\" decoding=\"async\" width=\"1024\" height=\"724\" src=\"https:\/\/www.toulon-triathlon.com\/wp-content\/uploads\/2021\/07\/Swimrun-2021-parcours-S-1024x724.png\" alt=\"\" class=\"wp-image-4303 size-full\" srcset=\"https:\/\/www.toulon-triathlon.com\/wp-content\/uploads\/2021\/07\/Swimrun-2021-parcours-S-1024x724.png 1024w, https:\/\/www.toulon-triathlon.com\/wp-content\/uploads\/2021\/07\/Swimrun-2021-parcours-S-300x212.png 300w, https:\/\/www.toulon-triathlon.com\/wp-content\/uploads\/2021\/07\/Swimrun-2021-parcours-S-768x543.png 768w, https:\/\/www.toulon-triathlon.com\/wp-content\/uploads\/2021\/07\/Swimrun-2021-parcours-S-1536x1086.png 1536w, https:\/\/www.toulon-triathlon.com\/wp-content\/uploads\/2021\/07\/Swimrun-2021-parcours-S-2048x1448.png 2048w, https:\/\/www.toulon-triathlon.com\/wp-content\/uploads\/2021\/07\/Swimrun-2021-parcours-S-148x105.png 148w, https:\/\/www.toulon-triathlon.com\/wp-content\/uploads\/2021\/07\/Swimrun-2021-parcours-S-31x22.png 31w, https:\/\/www.toulon-triathlon.com\/wp-content\/uploads\/2021\/07\/Swimrun-2021-parcours-S-38x27.png 38w, https:\/\/www.toulon-triathlon.com\/wp-content\/uploads\/2021\/07\/Swimrun-2021-parcours-S-304x215.png 304w, https:\/\/www.toulon-triathlon.com\/wp-content\/uploads\/2021\/07\/Swimrun-2021-parcours-S-2000x1414.png 2000w\" sizes=\"auto, (max-width: 1024px) 100vw, 1024px\" \/><\/a><\/figure><div class=\"wp-block-media-text__content\">\n<h3 class=\"has-text-align-center wp-block-heading\">Parcours S<\/h3>\n\n\n\n<p>1 Boucle<br>5870m C\u00e0P \/ 1820 m Natation = <strong>7690m Total<\/strong><\/p>\n<\/div><\/div>\n\n\n\n<div class=\"wp-block-media-text alignwide has-media-on-the-right is-stacked-on-mobile\" style=\"grid-template-columns:auto 51%\"><figure class=\"wp-block-media-text__media\"><a href=\"https:\/\/www.toulon-triathlon.com\/wp-content\/uploads\/2021\/07\/Swimrun-2021-parcours-M.png\"><img loading=\"lazy\" decoding=\"async\" width=\"1024\" height=\"724\" src=\"https:\/\/www.toulon-triathlon.com\/wp-content\/uploads\/2021\/07\/Swimrun-2021-parcours-M-1024x724.png\" alt=\"\" class=\"wp-image-4304 size-full\" srcset=\"https:\/\/www.toulon-triathlon.com\/wp-content\/uploads\/2021\/07\/Swimrun-2021-parcours-M-1024x724.png 1024w, https:\/\/www.toulon-triathlon.com\/wp-content\/uploads\/2021\/07\/Swimrun-2021-parcours-M-300x212.png 300w, https:\/\/www.toulon-triathlon.com\/wp-content\/uploads\/2021\/07\/Swimrun-2021-parcours-M-768x543.png 768w, https:\/\/www.toulon-triathlon.com\/wp-content\/uploads\/2021\/07\/Swimrun-2021-parcours-M-1536x1086.png 1536w, https:\/\/www.toulon-triathlon.com\/wp-content\/uploads\/2021\/07\/Swimrun-2021-parcours-M-2048x1448.png 2048w, https:\/\/www.toulon-triathlon.com\/wp-content\/uploads\/2021\/07\/Swimrun-2021-parcours-M-148x105.png 148w, https:\/\/www.toulon-triathlon.com\/wp-content\/uploads\/2021\/07\/Swimrun-2021-parcours-M-31x22.png 31w, https:\/\/www.toulon-triathlon.com\/wp-content\/uploads\/2021\/07\/Swimrun-2021-parcours-M-38x27.png 38w, https:\/\/www.toulon-triathlon.com\/wp-content\/uploads\/2021\/07\/Swimrun-2021-parcours-M-304x215.png 304w, https:\/\/www.toulon-triathlon.com\/wp-content\/uploads\/2021\/07\/Swimrun-2021-parcours-M-2000x1414.png 2000w\" sizes=\"auto, (max-width: 1024px) 100vw, 1024px\" \/><\/a><\/figure><div class=\"wp-block-media-text__content\">\n<h3 class=\"wp-block-heading\">Parcours M<\/h3>\n\n\n\n<p>1 Grande Boucle suivie d&rsquo;1 petite boucle<br>12660m C\u00e0P \/ 4170m Natation = <strong>16830m Total<\/strong><\/p>\n<\/div><\/div>\n\n\n\n<div class=\"wp-block-media-text alignwide is-stacked-on-mobile\"><figure class=\"wp-block-media-text__media\"><a href=\"https:\/\/www.toulon-triathlon.com\/wp-content\/uploads\/2021\/07\/Swimrun-2021-parcours-L.png\"><img loading=\"lazy\" decoding=\"async\" width=\"1024\" height=\"724\" src=\"https:\/\/www.toulon-triathlon.com\/wp-content\/uploads\/2021\/07\/Swimrun-2021-parcours-L-1024x724.png\" alt=\"Longue Distance\" class=\"wp-image-4305 size-full\" srcset=\"https:\/\/www.toulon-triathlon.com\/wp-content\/uploads\/2021\/07\/Swimrun-2021-parcours-L-1024x724.png 1024w, https:\/\/www.toulon-triathlon.com\/wp-content\/uploads\/2021\/07\/Swimrun-2021-parcours-L-300x212.png 300w, https:\/\/www.toulon-triathlon.com\/wp-content\/uploads\/2021\/07\/Swimrun-2021-parcours-L-768x543.png 768w, https:\/\/www.toulon-triathlon.com\/wp-content\/uploads\/2021\/07\/Swimrun-2021-parcours-L-1536x1086.png 1536w, https:\/\/www.toulon-triathlon.com\/wp-content\/uploads\/2021\/07\/Swimrun-2021-parcours-L-2048x1448.png 2048w, https:\/\/www.toulon-triathlon.com\/wp-content\/uploads\/2021\/07\/Swimrun-2021-parcours-L-148x105.png 148w, https:\/\/www.toulon-triathlon.com\/wp-content\/uploads\/2021\/07\/Swimrun-2021-parcours-L-31x22.png 31w, https:\/\/www.toulon-triathlon.com\/wp-content\/uploads\/2021\/07\/Swimrun-2021-parcours-L-38x27.png 38w, https:\/\/www.toulon-triathlon.com\/wp-content\/uploads\/2021\/07\/Swimrun-2021-parcours-L-304x215.png 304w, https:\/\/www.toulon-triathlon.com\/wp-content\/uploads\/2021\/07\/Swimrun-2021-parcours-L-2000x1414.png 2000w\" sizes=\"auto, (max-width: 1024px) 100vw, 1024px\" \/><\/a><\/figure><div class=\"wp-block-media-text__content\">\n<h3 class=\"wp-block-heading\">Parcours L<\/h3>\n\n\n\n<p>2 Boucles identiques en repassant par l&rsquo;Aire de d\u00e9part.<br>18980m C\u00e0P \/ 5960m Natation = <strong>24940m Total<\/strong><\/p>\n<\/div><\/div>\n\n\n\n<h2 class=\"wp-block-heading\"><strong>D\u00e9tails des parcours<\/strong><\/h2>\n\n\n\n<p class=\"has-text-align-center\"><a rel=\"noreferrer noopener\" href=\"https:\/\/drive.google.com\/file\/d\/1qWSIeNOO1GC-r6ORWQEoem_i4kn-304u\/view?usp=sharing\" target=\"_blank\">D\u00e9tail des sections des trois parcours<\/a><\/p>\n\n\n\n<p class=\"has-text-align-center\"><a href=\"https:\/\/drive.google.com\/file\/d\/1p1Mz7tbZFAH_wP8EMZhUQRF6us_Ka9du\/view?usp=sharing\" target=\"_blank\" rel=\"noreferrer noopener\">Carte d\u00e9taill\u00e9e avec photos<\/a><\/p>\n\n\n\n<p><\/p>\n","protected":false},"excerpt":{"rendered":"<p>\u00ab\u00a0Le D\u00e9fi du Levant\u00a0\u00bb 5\u00b0 \u00e9dition du Swimrun de Toulon s&rsquo;est d\u00e9roul\u00e9 le 19 Septembre 2021.D\u00e9part de la Tour Royale<\/p>\n","protected":false},"author":1,"featured_media":0,"parent":0,"menu_order":0,"comment_status":"closed","ping_status":"closed","template":"","meta":{"colormag_page_container_layout":"no_sidebar_full_width","colormag_page_sidebar_layout":"no_sidebar","_monsterinsights_skip_tracking":false,"_monsterinsights_sitenote_active":false,"_monsterinsights_sitenote_note":"","_monsterinsights_sitenote_category":0,"ngg_post_thumbnail":0,"footnotes":""},"class_list":["post-3627","page","type-page","status-publish","hentry"],"_links":{"self":[{"href":"https:\/\/www.toulon-triathlon.com\/index.php\/wp-json\/wp\/v2\/pages\/3627","targetHints":{"allow":["GET"]}}],"collection":[{"href":"https:\/\/www.toulon-triathlon.com\/index.php\/wp-json\/wp\/v2\/pages"}],"about":[{"href":"https:\/\/www.toulon-triathlon.com\/index.php\/wp-json\/wp\/v2\/types\/page"}],"author":[{"embeddable":true,"href":"https:\/\/www.toulon-triathlon.com\/index.php\/wp-json\/wp\/v2\/users\/1"}],"replies":[{"embeddable":true,"href":"https:\/\/www.toulon-triathlon.com\/index.php\/wp-json\/wp\/v2\/comments?post=3627"}],"version-history":[{"count":76,"href":"https:\/\/www.toulon-triathlon.com\/index.php\/wp-json\/wp\/v2\/pages\/3627\/revisions"}],"predecessor-version":[{"id":4442,"href":"https:\/\/www.toulon-triathlon.com\/index.php\/wp-json\/wp\/v2\/pages\/3627\/revisions\/4442"}],"wp:attachment":[{"href":"https:\/\/www.toulon-triathlon.com\/index.php\/wp-json\/wp\/v2\/media?parent=3627"}],"curies":[{"name":"wp","href":"https:\/\/api.w.org\/{rel}","templated":true}]}}