{"id":36,"date":"2016-06-14T19:27:20","date_gmt":"2016-06-14T17:27:20","guid":{"rendered":"http:\/\/www.toulon-triathlon.com\/?page_id=36"},"modified":"2025-10-25T09:17:15","modified_gmt":"2025-10-25T07:17:15","slug":"rejoignez-nous","status":"publish","type":"page","link":"https:\/\/www.toulon-triathlon.com\/index.php\/rejoignez-nous\/","title":{"rendered":"Rejoignez-nous"},"content":{"rendered":"\n<figure class=\"wp-block-image size-full\"><img loading=\"lazy\" decoding=\"async\" width=\"725\" height=\"452\" src=\"https:\/\/www.toulon-triathlon.com\/wp-content\/uploads\/2025\/10\/Inscription-Club_2025.jpg\" alt=\"\" class=\"wp-image-6004\" srcset=\"https:\/\/www.toulon-triathlon.com\/wp-content\/uploads\/2025\/10\/Inscription-Club_2025.jpg 725w, https:\/\/www.toulon-triathlon.com\/wp-content\/uploads\/2025\/10\/Inscription-Club_2025-300x187.jpg 300w\" sizes=\"auto, (max-width: 725px) 100vw, 725px\" \/><\/figure>\n\n\n\n<h4 class=\"wp-block-heading\">ENVIE D&rsquo;ESSAYER ?<\/h4>\n\n\n\n<p>Vous voulez participer \u00e0 quelques entra\u00eenements avant de vous inscrire ? Pas de probl\u00e8me, contactez nous \u00e0 <a href=\"mailto:contact@toulon-triathlon.com\">contact@toulon-triathlon.com<\/a> ou au 06 75 75 38 17), vous pourrez tester l&rsquo;ambiance, voir le niveau, &#8230; Rassurez-vous, on ne fait pas de bizutage ! \ud83d\ude42<\/p>\n\n\n\n<h4 class=\"wp-block-heading\">INSCRIPTION &#8211; SAISON 2025-2026<\/h4>\n\n\n\n<p>P\u00e9riode de renouvellement des licences: du 1er septembre au 31 d\u00e9cembre 2025. Des p\u00e9nalit\u00e9s de retard sont factur\u00e9es par la FFTRI et par la Ligue Paca \u00e0 hauteur de 20\u20ac apr\u00e8s le 31\/12\/25<\/p>\n\n\n\n<p><strong>Nouveaux adh\u00e9rents<\/strong><\/p>\n\n\n\n<p><a href=\"https:\/\/espacetri.fftri.com\/users\/license\/account-registration\">https:\/\/espacetri.fftri.com\/users\/license\/account-registration<\/a><\/p>\n\n\n\n<ul class=\"wp-block-list\">\n<li>Une assurance est propos\u00e9e (plusieurs formules aux choix) . Son co\u00fbt se rajoute \u00e0 la licence&nbsp;:<br>Formule 1 : 2,45\u20ac   Formule 2 : 4,6\u20ac  Formule 3 : 187,82\u20ac        <a rel=\"noreferrer noopener\" href=\"https:\/\/drive.google.com\/file\/d\/1Qulj4MZBl7pDRAjv0r5hgwoQ6gebS0Ph\/view?usp=sharing\" data-type=\"URL\" data-id=\"https:\/\/drive.google.com\/file\/d\/1Qulj4MZBl7pDRAjv0r5hgwoQ6gebS0Ph\/view?usp=sharing\" target=\"_blank\">Assurance MAIF<\/a> (d\u00e9tail des formules )<\/li>\n\n\n\n<li>pour le choix du club : apr\u00e8s avoir s\u00e9lectionn\u00e9 \u201cLigue c\u00f4te d\u2019Azur\u201d, choisir&nbsp; TOULON TRIATHLON<\/li>\n\n\n\n<li>imprimez cette demande de licence et le formulaire vierge du certificat m\u00e9dical destin\u00e9 \u00e0 votre&nbsp;m\u00e9decin.<\/li>\n\n\n\n<li>remettre \u00e0 l\u2019entra\u00eeneur ou autre membre du bureau la demande de licence sign\u00e9e et le certificat rempli accompagn\u00e9s du r\u00e8glement de 160\u20ac pour la \u201cformule light\u201d ou de 260\u20ac pour la \u201cformule compl\u00e8te\u201d. <br>Possibilit\u00e9 de 2 ou 3 ch\u00e8ques avec un minimum de 100\u20ac pour le premier, le reste r\u00e9parti sur le ou les autres ch\u00e8ques ( \u00e0 l\u2019ordre de TOULON TRIATHLON )<\/li>\n<\/ul>\n\n\n\n<p><strong>Renouvellement de licence<\/strong><\/p>\n\n\n\n<p><a href=\"https:\/\/espacetri.fftri.com\/users\/user\/login\">https:\/\/espacetri.fftri.com\/users\/user\/login<\/a><\/p>\n\n\n\n<ul class=\"wp-block-list\">\n<li>rentrer votre identifiant : c\u2019est le d\u00e9but de votre num\u00e9ro de licence&nbsp; A ( B ou C ) suivi de cinq chiffres.<\/li>\n\n\n\n<li>renseigner votre mot de passe, celui-ci vous a \u00e9t\u00e9 fourni par la FFTRI l\u2019an dernier, vous l\u2019avez peut-\u00eatre personnalis\u00e9, en cas d\u2019oubli du mot de passe, cliquez sur \u00ab&nbsp;mot de passe oubli\u00e9&nbsp;\u00bb vous en recevrez un nouveau \u00e0 condition d\u2019avoir gard\u00e9 l\u2019adresse mail fournie \u00e0 la FFTRI<\/li>\n\n\n\n<li>remplir les champs demand\u00e9s<\/li>\n<\/ul>\n","protected":false},"excerpt":{"rendered":"<p>ENVIE D&rsquo;ESSAYER ? Vous voulez participer \u00e0 quelques entra\u00eenements avant de vous inscrire ? Pas de probl\u00e8me, contactez nous \u00e0<\/p>\n","protected":false},"author":1,"featured_media":0,"parent":0,"menu_order":0,"comment_status":"closed","ping_status":"closed","template":"","meta":{"colormag_page_container_layout":"no_sidebar_full_width","colormag_page_sidebar_layout":"no_sidebar","_monsterinsights_skip_tracking":false,"_monsterinsights_sitenote_active":false,"_monsterinsights_sitenote_note":"","_monsterinsights_sitenote_category":0,"ngg_post_thumbnail":0,"footnotes":""},"class_list":["post-36","page","type-page","status-publish","hentry"],"_links":{"self":[{"href":"https:\/\/www.toulon-triathlon.com\/index.php\/wp-json\/wp\/v2\/pages\/36","targetHints":{"allow":["GET"]}}],"collection":[{"href":"https:\/\/www.toulon-triathlon.com\/index.php\/wp-json\/wp\/v2\/pages"}],"about":[{"href":"https:\/\/www.toulon-triathlon.com\/index.php\/wp-json\/wp\/v2\/types\/page"}],"author":[{"embeddable":true,"href":"https:\/\/www.toulon-triathlon.com\/index.php\/wp-json\/wp\/v2\/users\/1"}],"replies":[{"embeddable":true,"href":"https:\/\/www.toulon-triathlon.com\/index.php\/wp-json\/wp\/v2\/comments?post=36"}],"version-history":[{"count":18,"href":"https:\/\/www.toulon-triathlon.com\/index.php\/wp-json\/wp\/v2\/pages\/36\/revisions"}],"predecessor-version":[{"id":6006,"href":"https:\/\/www.toulon-triathlon.com\/index.php\/wp-json\/wp\/v2\/pages\/36\/revisions\/6006"}],"wp:attachment":[{"href":"https:\/\/www.toulon-triathlon.com\/index.php\/wp-json\/wp\/v2\/media?parent=36"}],"curies":[{"name":"wp","href":"https:\/\/api.w.org\/{rel}","templated":true}]}}