{"id":3412,"date":"2019-07-04T08:46:52","date_gmt":"2019-07-04T06:46:52","guid":{"rendered":"http:\/\/www.toulon-triathlon.com\/?page_id=3412"},"modified":"2019-07-05T08:05:20","modified_gmt":"2019-07-05T06:05:20","slug":"entrainements-ete-2019","status":"publish","type":"page","link":"https:\/\/www.toulon-triathlon.com\/index.php\/entrainements-ete-2019\/","title":{"rendered":"Entra\u00eenements \u00c9t\u00e9 2019"},"content":{"rendered":"\n<p style=\"font-size:18px\" class=\"has-text-color has-vivid-cyan-blue-color\"><strong>Natation en piscine :<\/strong> <\/p>\n\n\n\n<p>Seul le bassin du Port-Marchand sera accessible aux horaires habituels : Lundi &#8211; Mardi &#8211; Jeudi &#8211; Vendredi &#8211; Samedi de 12 H. 00 \u00e0 14 H. 00.<br>Pas de cr\u00e9neaux club dans les piscines le soir.<\/p>\n\n\n\n<p style=\"font-size:18px\" class=\"has-text-color has-vivid-cyan-blue-color\"><strong>Natation en mer : <\/strong><\/p>\n\n\n\n<p>Nous mettons en place un rendez-vous club le mardi soir \u00e0 18 H. 15 \u00e0 la Tour Royale (suivi d&rsquo;un pique-nique)<\/p>\n\n\n\n<p style=\"font-size:18px\" class=\"has-text-color has-vivid-red-color\"><strong>Course \u00e0 pied : <\/strong><\/p>\n\n\n\n<p>La s\u00e9ance est remplac\u00e9e par une s\u00e9ance d&rsquo;aquathlon tous les mercredis. Rendez-vous \u00e0 12 H. 00 au stade nautique du Port-Marchand pour un d\u00e9part \u00e0 12 H. 20.<\/p>\n\n\n\n<p style=\"font-size:18px\" class=\"has-text-color has-vivid-green-cyan-color\"><strong>Swimrun :<\/strong> <\/p>\n\n\n\n<p>Les rendez-vous sont maintenus tout l&rsquo;\u00e9t\u00e9 \u00e0 12 H. 15 &#8211; parking du Mourillon &#8211; Anse de la Source*. Fin de s\u00e9ance \u00e0 12 H. 40 &#8211; Douches sur place.<\/p>\n\n\n\n<p style=\"font-size:18px\" class=\"has-text-color has-luminous-vivid-orange-color\"><strong>V\u00e9lo : <\/strong><\/p>\n\n\n\n<p>Les rendez-vous sont maintenus tout l&rsquo;\u00e9t\u00e9 le samedi et le dimanche. <br>Pour toutes les s\u00e9ances vous continuerez \u00e0 recevoir une information par mail.<\/p>\n","protected":false},"excerpt":{"rendered":"<p>Natation en piscine : Seul le bassin du Port-Marchand sera accessible aux horaires habituels : Lundi &#8211; Mardi &#8211; Jeudi<\/p>\n","protected":false},"author":32,"featured_media":0,"parent":0,"menu_order":0,"comment_status":"closed","ping_status":"closed","template":"","meta":{"colormag_page_container_layout":"default_layout","colormag_page_sidebar_layout":"default_layout","_monsterinsights_skip_tracking":false,"_monsterinsights_sitenote_active":false,"_monsterinsights_sitenote_note":"","_monsterinsights_sitenote_category":0,"ngg_post_thumbnail":0,"footnotes":""},"class_list":["post-3412","page","type-page","status-publish","hentry"],"_links":{"self":[{"href":"https:\/\/www.toulon-triathlon.com\/index.php\/wp-json\/wp\/v2\/pages\/3412","targetHints":{"allow":["GET"]}}],"collection":[{"href":"https:\/\/www.toulon-triathlon.com\/index.php\/wp-json\/wp\/v2\/pages"}],"about":[{"href":"https:\/\/www.toulon-triathlon.com\/index.php\/wp-json\/wp\/v2\/types\/page"}],"author":[{"embeddable":true,"href":"https:\/\/www.toulon-triathlon.com\/index.php\/wp-json\/wp\/v2\/users\/32"}],"replies":[{"embeddable":true,"href":"https:\/\/www.toulon-triathlon.com\/index.php\/wp-json\/wp\/v2\/comments?post=3412"}],"version-history":[{"count":3,"href":"https:\/\/www.toulon-triathlon.com\/index.php\/wp-json\/wp\/v2\/pages\/3412\/revisions"}],"predecessor-version":[{"id":3417,"href":"https:\/\/www.toulon-triathlon.com\/index.php\/wp-json\/wp\/v2\/pages\/3412\/revisions\/3417"}],"wp:attachment":[{"href":"https:\/\/www.toulon-triathlon.com\/index.php\/wp-json\/wp\/v2\/media?parent=3412"}],"curies":[{"name":"wp","href":"https:\/\/api.w.org\/{rel}","templated":true}]}}