{"id":3310,"date":"2019-06-10T00:00:00","date_gmt":"2019-06-10T00:00:00","guid":{"rendered":"http:\/\/www.toulon-triathlon.com\/index.php\/awpcp\/affichage-des-annonces\/"},"modified":"2019-09-02T19:10:09","modified_gmt":"2019-09-02T17:10:09","slug":"affichage-des-annonces","status":"publish","type":"page","link":"https:\/\/www.toulon-triathlon.com\/index.php\/awpcp\/affichage-des-annonces\/","title":{"rendered":"Affichage des annonces"},"content":{"rendered":"\n<div class=\"awpcp-message awpcp-error notice notice-error error\"><p>Aucun ID d'annonce n'a \u00e9t\u00e9 sp\u00e9cifi\u00e9. Retournez \u00e0 <a href=\"https:\/\/www.toulon-triathlon.com\/index.php\/awpcp\/toutes-les-annonces\">parcourez toutes les annonces<\/a>.<\/p><\/div>\n","protected":false},"excerpt":{"rendered":"","protected":false},"author":1,"featured_media":0,"parent":629,"menu_order":0,"comment_status":"closed","ping_status":"closed","template":"","meta":{"colormag_page_container_layout":"default_layout","colormag_page_sidebar_layout":"default_layout","_monsterinsights_skip_tracking":false,"_monsterinsights_sitenote_active":false,"_monsterinsights_sitenote_note":"","_monsterinsights_sitenote_category":0,"ngg_post_thumbnail":0,"footnotes":""},"class_list":["post-3310","page","type-page","status-publish","hentry"],"_links":{"self":[{"href":"https:\/\/www.toulon-triathlon.com\/index.php\/wp-json\/wp\/v2\/pages\/3310","targetHints":{"allow":["GET"]}}],"collection":[{"href":"https:\/\/www.toulon-triathlon.com\/index.php\/wp-json\/wp\/v2\/pages"}],"about":[{"href":"https:\/\/www.toulon-triathlon.com\/index.php\/wp-json\/wp\/v2\/types\/page"}],"author":[{"embeddable":true,"href":"https:\/\/www.toulon-triathlon.com\/index.php\/wp-json\/wp\/v2\/users\/1"}],"replies":[{"embeddable":true,"href":"https:\/\/www.toulon-triathlon.com\/index.php\/wp-json\/wp\/v2\/comments?post=3310"}],"version-history":[{"count":2,"href":"https:\/\/www.toulon-triathlon.com\/index.php\/wp-json\/wp\/v2\/pages\/3310\/revisions"}],"predecessor-version":[{"id":3571,"href":"https:\/\/www.toulon-triathlon.com\/index.php\/wp-json\/wp\/v2\/pages\/3310\/revisions\/3571"}],"up":[{"embeddable":true,"href":"https:\/\/www.toulon-triathlon.com\/index.php\/wp-json\/wp\/v2\/pages\/629"}],"wp:attachment":[{"href":"https:\/\/www.toulon-triathlon.com\/index.php\/wp-json\/wp\/v2\/media?parent=3310"}],"curies":[{"name":"wp","href":"https:\/\/api.w.org\/{rel}","templated":true}]}}