{"id":2600,"date":"2018-07-03T08:25:54","date_gmt":"2018-07-03T06:25:54","guid":{"rendered":"http:\/\/www.toulon-triathlon.com\/?page_id=2600"},"modified":"2018-08-18T15:23:12","modified_gmt":"2018-08-18T13:23:12","slug":"aquathlon-du-pradet-2018","status":"publish","type":"page","link":"https:\/\/www.toulon-triathlon.com\/index.php\/aquathlon-du-pradet-2018\/","title":{"rendered":"Aquathlon du Pradet 2018"},"content":{"rendered":"<p><img loading=\"lazy\" decoding=\"async\" class=\"wp-image-2604 aligncenter\" src=\"https:\/\/www.toulon-triathlon.com\/wp-content\/uploads\/2018\/07\/Aquathlon.jpg\" alt=\"\" width=\"561\" height=\"378\" srcset=\"https:\/\/www.toulon-triathlon.com\/wp-content\/uploads\/2018\/07\/Aquathlon.jpg 960w, https:\/\/www.toulon-triathlon.com\/wp-content\/uploads\/2018\/07\/Aquathlon-300x203.jpg 300w, https:\/\/www.toulon-triathlon.com\/wp-content\/uploads\/2018\/07\/Aquathlon-768x518.jpg 768w, https:\/\/www.toulon-triathlon.com\/wp-content\/uploads\/2018\/07\/Aquathlon-148x100.jpg 148w, https:\/\/www.toulon-triathlon.com\/wp-content\/uploads\/2018\/07\/Aquathlon-31x21.jpg 31w, https:\/\/www.toulon-triathlon.com\/wp-content\/uploads\/2018\/07\/Aquathlon-38x26.jpg 38w, https:\/\/www.toulon-triathlon.com\/wp-content\/uploads\/2018\/07\/Aquathlon-319x215.jpg 319w\" sizes=\"auto, (max-width: 561px) 100vw, 561px\" \/><\/p>\n<p>R\u00e9servez votre d\u00e9but de soir\u00e9e du vendredi 17 ao\u00fbt 2018 !<\/p>\n<p>\u00c9preuve de type Aquathlon se d\u00e9roulant sur le site fabuleux des plages du Pradet.<br \/>\nNatation face au poste des Pompiers de la Garonne Course \u00e0 pied vers les oursini\u00e8res puis retour par le sentier des douaniers.<br \/>\nTout \u00e7a avec un coucher de soleil inoubliable&#8230;<\/p>\n<p>17h00 Cat\u00e9gorie 6\/9 ans : 1 encha\u00eenement NAT\/CAP (Total : 50m NAT et 400 m CAP)<br \/>\n7h15 : Cat\u00e9gorie 8\/11 ans : 1 encha\u00eenement NAT\/CAP (Total : 100m NAT et 800 m CAP)<br \/>\n17h40 : Cat\u00e9gorie 10\/13 ans : 1 encha\u00eenement NAT\/CAP (Total 200m Nat et 1000m CAP)<br \/>\n18 h05 : XS :Minimes 14\/15 ans +D\u00e9couverte 1 encha\u00eenement NAT\/CAP ( 200m Nat et 1600m<br \/>\nCAP) ET SPRINT F\u00e9minines et Cadets (16\/17 ans ): 2 encha\u00eenements NAT\/CAP (Total : 400m Nat<br \/>\net 3200m CAP)<br \/>\n18h 45 : SPRINT Hommes \u00e0 partir de Juniors (18\/19 ans) et Relais (n\u00e9(e) en 2002 et apr\u00e8s ) :<br \/>\n3 encha\u00eenements NAT\/CAP (Total : 600m Nat et 4800m CAP)<\/p>\n<h3>\u00a0INSCRIPTION :\u00a0<a href=\"https:\/\/www.timingzone.com\/apps\/competitions-detail.php?id=432\" target=\"_blank\" rel=\"noopener\">TimingZone<\/a><\/h3>\n<p><strong>Bulletin papier<\/strong> :\u00a0<a href=\"https:\/\/drive.google.com\/open?id=19gxxx79AEUWM8zcbgekWeBroQ9bbirz-\">https:\/\/drive.google.com\/open?id=19gxxx79AEUWM8zcbgekWeBroQ9bbirz-<\/a><\/p>\n<h1>RESULTATS 2018 :<\/h1>\n<p><a href=\"https:\/\/drive.google.com\/open?id=1lI5ndn5zbN-HZRDPPfO5jLM_WLLTh44V\" target=\"_blank\" rel=\"noopener\">R\u00e9sultats Course Sprint Relais<\/a><\/p>\n<p><a href=\"https:\/\/drive.google.com\/open?id=1X1PDv9x1XNZcogSNfPyx0z0xrsJ_uQYc\" target=\"_blank\" rel=\"noopener\">R\u00e9sultats Sprint Course Hommes<\/a><\/p>\n<p><a href=\"https:\/\/drive.google.com\/open?id=1ky-RTcGeteHFTQUYQLV-kTggmbXCjbow\" target=\"_blank\" rel=\"noopener\">R\u00e9sultats Course XS Minimes et d\u00e9couverte<\/a><\/p>\n<p><a href=\"https:\/\/drive.google.com\/open?id=1ugQtQfOeQHkPakOAiA4H_7Oo5GwLX9Xt\" target=\"_blank\" rel=\"noopener\">R\u00e9sultats Course Cadets et F\u00e9minines<\/a><\/p>\n<p><a href=\"https:\/\/drive.google.com\/open?id=1ISO3as-6Yjs-KREBmDzMTLN8nhkHgGfe\" target=\"_blank\" rel=\"noopener\">R\u00e9sultats Courses Jeunes<\/a><\/p>\n","protected":false},"excerpt":{"rendered":"<p>R\u00e9servez votre d\u00e9but de soir\u00e9e du vendredi 17 ao\u00fbt 2018 ! \u00c9preuve de type Aquathlon se d\u00e9roulant sur le site<\/p>\n","protected":false},"author":1,"featured_media":0,"parent":0,"menu_order":0,"comment_status":"closed","ping_status":"closed","template":"","meta":{"colormag_page_container_layout":"default_layout","colormag_page_sidebar_layout":"default_layout","_monsterinsights_skip_tracking":false,"_monsterinsights_sitenote_active":false,"_monsterinsights_sitenote_note":"","_monsterinsights_sitenote_category":0,"ngg_post_thumbnail":0,"footnotes":""},"class_list":["post-2600","page","type-page","status-publish","hentry"],"_links":{"self":[{"href":"https:\/\/www.toulon-triathlon.com\/index.php\/wp-json\/wp\/v2\/pages\/2600","targetHints":{"allow":["GET"]}}],"collection":[{"href":"https:\/\/www.toulon-triathlon.com\/index.php\/wp-json\/wp\/v2\/pages"}],"about":[{"href":"https:\/\/www.toulon-triathlon.com\/index.php\/wp-json\/wp\/v2\/types\/page"}],"author":[{"embeddable":true,"href":"https:\/\/www.toulon-triathlon.com\/index.php\/wp-json\/wp\/v2\/users\/1"}],"replies":[{"embeddable":true,"href":"https:\/\/www.toulon-triathlon.com\/index.php\/wp-json\/wp\/v2\/comments?post=2600"}],"version-history":[{"count":6,"href":"https:\/\/www.toulon-triathlon.com\/index.php\/wp-json\/wp\/v2\/pages\/2600\/revisions"}],"predecessor-version":[{"id":2695,"href":"https:\/\/www.toulon-triathlon.com\/index.php\/wp-json\/wp\/v2\/pages\/2600\/revisions\/2695"}],"wp:attachment":[{"href":"https:\/\/www.toulon-triathlon.com\/index.php\/wp-json\/wp\/v2\/media?parent=2600"}],"curies":[{"name":"wp","href":"https:\/\/api.w.org\/{rel}","templated":true}]}}