{"id":2313,"date":"2017-12-11T15:18:12","date_gmt":"2017-12-11T14:18:12","guid":{"rendered":"http:\/\/www.toulon-triathlon.com\/?page_id=2313"},"modified":"2018-05-23T20:02:09","modified_gmt":"2018-05-23T18:02:09","slug":"swimrun-le-defi-du-levant-13-mai-2018","status":"publish","type":"page","link":"https:\/\/www.toulon-triathlon.com\/index.php\/swimrun-le-defi-du-levant-13-mai-2018\/","title":{"rendered":"SwimRun \u00ab\u00a0Le D\u00e9fi du Levant\u00a0\u00bb 13 mai 2018"},"content":{"rendered":"<h1><img loading=\"lazy\" decoding=\"async\" class=\" wp-image-2243 aligncenter\" src=\"https:\/\/www.toulon-triathlon.com\/wp-content\/uploads\/2017\/11\/Logo_Swimrun_Mod_Couleurs_Rouge-1024x1024.jpg\" alt=\"\" width=\"621\" height=\"621\" srcset=\"https:\/\/www.toulon-triathlon.com\/wp-content\/uploads\/2017\/11\/Logo_Swimrun_Mod_Couleurs_Rouge-1024x1024.jpg 1024w, https:\/\/www.toulon-triathlon.com\/wp-content\/uploads\/2017\/11\/Logo_Swimrun_Mod_Couleurs_Rouge-150x150.jpg 150w, https:\/\/www.toulon-triathlon.com\/wp-content\/uploads\/2017\/11\/Logo_Swimrun_Mod_Couleurs_Rouge-300x300.jpg 300w, https:\/\/www.toulon-triathlon.com\/wp-content\/uploads\/2017\/11\/Logo_Swimrun_Mod_Couleurs_Rouge-768x768.jpg 768w, https:\/\/www.toulon-triathlon.com\/wp-content\/uploads\/2017\/11\/Logo_Swimrun_Mod_Couleurs_Rouge-148x148.jpg 148w, https:\/\/www.toulon-triathlon.com\/wp-content\/uploads\/2017\/11\/Logo_Swimrun_Mod_Couleurs_Rouge-31x31.jpg 31w, https:\/\/www.toulon-triathlon.com\/wp-content\/uploads\/2017\/11\/Logo_Swimrun_Mod_Couleurs_Rouge-38x38.jpg 38w, https:\/\/www.toulon-triathlon.com\/wp-content\/uploads\/2017\/11\/Logo_Swimrun_Mod_Couleurs_Rouge-215x215.jpg 215w, https:\/\/www.toulon-triathlon.com\/wp-content\/uploads\/2017\/11\/Logo_Swimrun_Mod_Couleurs_Rouge.jpg 1181w\" sizes=\"auto, (max-width: 621px) 100vw, 621px\" \/><\/h1>\n<hr \/>\n<h1>R\u00e9sultats<\/h1>\n<p>Suite \u00e0 la destruction du mat\u00e9riel informatique du chronom\u00e9treur par les intemp\u00e9ries, les r\u00e9sultats ont pu finalement \u00eatre r\u00e9cup\u00e9r\u00e9s.<\/p>\n<p>Le responsable Timing Zone se joint \u00e0 nous pour vous pr\u00e9senter des excuses concernant ce d\u00e9lai ind\u00e9pendant de notre volont\u00e9.<\/p>\n<p>Classement S en Individuel :<a href=\"https:\/\/drive.google.com\/open?id=1EZ6i-Uyfff-zuGscP51m1IOW3CEw4oUs\"><br \/>\nhttps:\/\/drive.google.com\/open?id=1EZ6i-Uyfff-zuGscP51m1IOW3CEw4oUs<\/a><\/p>\n<p>Classement S en Equipe :<br \/>\n<a href=\"https:\/\/drive.google.com\/open?id=1xwrsR43IGZVqaDMYxGJjPh-oOWw9S5xI\">https:\/\/drive.google.com\/open?id=1xwrsR43IGZVqaDMYxGJjPh-oOWw9S5xI<\/a><\/p>\n<p>Classement M en Individuel :<br \/>\n<a href=\"https:\/\/drive.google.com\/open?id=15PNjZKhCqiq2iemUi3zJE6JpYe2XknqP\">https:\/\/drive.google.com\/open?id=15PNjZKhCqiq2iemUi3zJE6JpYe2XknqP<\/a><\/p>\n<p>Classement M en Equipe :<br \/>\n<a href=\"https:\/\/drive.google.com\/open?id=1H-gYZwcCtgrIwCRbGJtNco1R1ABrwCuf\">https:\/\/drive.google.com\/open?id=1H-gYZwcCtgrIwCRbGJtNco1R1ABrwCuf<\/a><\/p>\n<p>Classement L en Equipe :<br \/>\n<a href=\"https:\/\/drive.google.com\/file\/d\/1UZYM83v8LOmuEMNppuNhu3Gg2q76FMp7\/view?usp=sharing\">https:\/\/drive.google.com\/file\/d\/1UZYM83v8LOmuEMNppuNhu3Gg2q76FMp7\/view?usp=sharing<\/a><\/p>\n<p>N&rsquo;h\u00e9sitez pas \u00e0 nous contacter si vous n&rsquo;apparaissez pas dans les classements, en effet quelques puces n&rsquo;ont pas \u00e9t\u00e9 d\u00e9tect\u00e9es \u00e0 l&rsquo;arriv\u00e9e ( 9 puces )<\/p>\n<p>Un grand MERCI pour votre participation.<br \/>\nL&rsquo;ensemble du comit\u00e9 d&rsquo;Organisation de Toulon Triathlon a oeuvr\u00e9 pendant des mois afin de vous proposer de beaux parcours.<\/p>\n<hr \/>\n<h1>Photos<\/h1>\n<p>Comme promis voici les superbes photos de <a class=\"profileLink\" href=\"https:\/\/www.facebook.com\/thierry.jouanin?fref=mentions\" data-hovercard=\"\/ajax\/hovercard\/user.php?id=1538345499&amp;extragetparams=%7B%22fref%22%3A%22mentions%22%7D\" data-hovercard-prefer-more-content-show=\"1\">Thierry Jouanin<\/a> que <a class=\"profileLink\" href=\"https:\/\/www.facebook.com\/SwimRun-de-Toulon-Le-D\u00e9fi-du-Levant-1835668876718273\/?fref=mentions\" data-hovercard=\"\/ajax\/hovercard\/page.php?id=1835668876718273&amp;extragetparams=%7B%22fref%22%3A%22mentions%22%7D\" data-hovercard-prefer-more-content-show=\"1\">SwimRun de Toulon \u00ab\u00a0Le D\u00e9fi du Levant\u00a0\u00bb<\/a> vous offre cette ann\u00e9e ! N&rsquo;h\u00e9sitez pas \u00e0 taguer vos amis et \u00e0 les encadrer au dessus de la chemin\u00e9e, elles sont \u00e0 vous !<br \/>\nL&rsquo;\u00e9quipe organisatrice ainsi que les b\u00e9n\u00e9voles vous remercient d\u00e9j\u00e0 pour vos retours positifs mais surtout VOUS F\u00c9LICITENT d&rsquo;avoir vaincu le D\u00e9fi du Levant dans des conditions particuli\u00e8rement difficiles cette ann\u00e9e !<br \/>\nSuite aux intemp\u00e9ries <span class=\"text_exposed_show\">ayant entrain\u00e9s plusieurs coupures de courant durant l&rsquo;\u00e9preuve, les classements complets devraient nous parvenir courant de cette semaine, n\u00e9anmoins les podiums ont pu \u00eatre faits et les lots distribu\u00e9s !<br \/>\nBravo \u00e0 tous et rendez-vous l&rsquo;ann\u00e9e prochaine !<\/span><\/p>\n<p><a href=\"https:\/\/photos.google.com\/share\/AF1QipO7EdBRCU6nlmbGtRkzxNbX-O1Xowy3jDo3JIKl8KCGaEY4mHnUYNzmu4w7-1b4VQ?key=a1JYQTEwS0RseWFKYU1KT01feGVzWFZnRWZmYmNB\">Photos 2018 crique<\/a><\/p>\n<p><a href=\"https:\/\/photos.google.com\/share\/AF1QipNM9MJEFeMjTemENQPkb5dqrBcHjxT0GHbNVLu4aLl0glcvcvsGgHTdeHFEaW2LcA?key=Q3ktdXZvdGpualJLei14WEZ1MnZfMERoTzZDOWl3\">Photos 2018 reportage<\/a><\/p>\n<hr \/>\n<h1>R\u00e8glement de l&rsquo;\u00e9preuve<\/h1>\n<h4><a href=\"https:\/\/drive.google.com\/open?id=1SuXDa4ZxDjYVRELL0ObxdHXB79MoMKTD\">https:\/\/drive.google.com\/open?id=1SuXDa4ZxDjYVRELL0ObxdHXB79MoMKTD<\/a><\/h4>\n<p>&#8212;&#8212;&#8212;&#8212;&#8212;&#8212;&#8212;&#8212;&#8212;&#8212;&#8212;&#8212;&#8212;&#8212;&#8212;&#8212;&#8212;&#8212;&#8212;&#8212;&#8212;&#8212;&#8212;&#8212;&#8212;&#8212;&#8212;&#8212;&#8212;&#8212;&#8212;&#8212;&#8212;&#8212;&#8212;&#8212;&#8212;-<\/p>\n<h1>Reconnaissance<\/h1>\n<p>Reconnaissance des 3 parcours\u00a0le samedi 21 avril \u00e0 9h00 sur le site de la Tour Royale.<br \/>\nNotez toutefois que le format L ne sera pas reconnu dans son int\u00e9gralit\u00e9 mais suffisamment pour en \u00e9valuer son d\u00e9nivel\u00e9, ses difficult\u00e9s et sa beaut\u00e9.<br \/>\nNotez \u00e9galement que\u00a0<a class=\"profileLink\" href=\"https:\/\/www.facebook.com\/zerodsports\/?fref=mentions\" data-hovercard=\"\/ajax\/hovercard\/page.php?id=83851295150&amp;extragetparams=%7B%22fref%22%3A%22mentions%22%7D\" data-hovercard-prefer-more-content-show=\"1\">ZEROD<\/a>\u00a0et\u00a0<a class=\"profileLink\" href=\"https:\/\/www.facebook.com\/adidasRunning\/?fref=mentions\" data-hovercard=\"\/ajax\/hovercard\/page.php?id=145629788018&amp;extragetparams=%7B%22fref%22%3A%22mentions%22%7D\" data-hovercard-prefer-more-content-show=\"1\">adidas Running<\/a>\u00a0se tiendront \u00e0 votre disposition po<span class=\"text_exposed_show\">ur tester leurs produits .<br \/>\nEnfin, \u00e0 l&rsquo;issue de cette reconnaissance une petite collation pourra vous \u00eatre propos\u00e9e.<\/span><\/p>\n<hr \/>\n<h1>Parcours+Road book<\/h1>\n<p>Toulon Triathlon et le Comit\u00e9 d&rsquo;organisation du SwimRun sont heureux de vous informer que \u00ab\u00a0le D\u00e9fi du Levant \u00a0\u00bb se d\u00e9roulera le dimanche 13 Mai 2018 selon 3 form<span class=\"text_exposed_show\">ats :<\/span><\/p>\n<div style=\"font-size: 16px; font-family: Helvetica Neue, Helvetica, Arial, Lucida Grande, sans-serif; color: #000; background-color: #fff;\">\n<ul>\n<li id=\"yui_3_16_0_1_1517913519202_9759\"><span id=\"yui_3_16_0_1_1517913519202_11992\">S\u00a0 8260m de course \u00e0 pied sur 8 secteurs\u00a0 \/ 1350m de\u00a0natation\u00a0 sur 7 secteurs.<em>\u00a0Le d\u00e9part est fix\u00e9 \u00e0 9h30 \u00e0 la Tour Royale.<\/em><\/span><\/li>\n<li id=\"yui_3_16_0_1_1517913519202_9759\"><span id=\"yui_3_16_0_1_1517913519202_12123\">M 12730m\u00a0<span id=\"yui_3_16_0_1_1517913519202_11992\">de course \u00e0 pied sur<\/span> 12 secteurs \/ 2650m\u00a0<span id=\"yui_3_16_0_1_1517913519202_11992\">de\u00a0natation\u00a0 sur<\/span> 11 secteurs.\u00a0<em>Le d\u00e9part est fix\u00e9 \u00e0 9h00 \u00e0 la Tour Royale.<\/em><\/span><\/li>\n<li id=\"yui_3_16_0_1_1517913519202_9759\" style=\"text-align: left;\">L 17710m\u00a0<span id=\"yui_3_16_0_1_1517913519202_11992\">de course \u00e0 pied sur<\/span> 14 secteurs \/\u00a0 5180m\u00a0<span id=\"yui_3_16_0_1_1517913519202_11992\">de\u00a0natation\u00a0 sur<\/span> 13 secteurs.\u00a0Pour ce seul format le d\u00e9part sera d\u00e9localis\u00e9 au Pradet, l&rsquo;arriv\u00e9e sur se fera sur le site de la Tour Royale.\u00a0<em><em>D\u00e9part de la course \u00e0 8h00 chemin des Bonnettes au Pradet<\/em><\/em><\/li>\n<\/ul>\n<p style=\"text-align: center;\">Parcours S : d\u00e8s la cat\u00e9gorie CADET \u00a0(16-17 ans)<br \/>\nParcours M et L : d\u00e8s la cat\u00e9gorie JUNIOR \u00a0(18-19 ans)<br \/>\nParcours L : \u00e0 partir de SENIOR ( 20 ans )<\/p>\n<\/div>\n<p><img loading=\"lazy\" decoding=\"async\" class=\"alignnone size-large wp-image-2537\" src=\"https:\/\/www.toulon-triathlon.com\/wp-content\/uploads\/2018\/04\/parcours-S-M-avec-noms-des-plages-1024x856.png\" alt=\"\" width=\"800\" height=\"669\" srcset=\"https:\/\/www.toulon-triathlon.com\/wp-content\/uploads\/2018\/04\/parcours-S-M-avec-noms-des-plages-1024x856.png 1024w, https:\/\/www.toulon-triathlon.com\/wp-content\/uploads\/2018\/04\/parcours-S-M-avec-noms-des-plages-300x251.png 300w, https:\/\/www.toulon-triathlon.com\/wp-content\/uploads\/2018\/04\/parcours-S-M-avec-noms-des-plages-768x642.png 768w, https:\/\/www.toulon-triathlon.com\/wp-content\/uploads\/2018\/04\/parcours-S-M-avec-noms-des-plages-148x124.png 148w, https:\/\/www.toulon-triathlon.com\/wp-content\/uploads\/2018\/04\/parcours-S-M-avec-noms-des-plages-31x26.png 31w, https:\/\/www.toulon-triathlon.com\/wp-content\/uploads\/2018\/04\/parcours-S-M-avec-noms-des-plages-38x32.png 38w, https:\/\/www.toulon-triathlon.com\/wp-content\/uploads\/2018\/04\/parcours-S-M-avec-noms-des-plages-257x215.png 257w\" sizes=\"auto, (max-width: 800px) 100vw, 800px\" \/><\/p>\n<p><a href=\"https:\/\/drive.google.com\/file\/d\/1MqvId-83tQf_ThvarquD4fWZFnbiCMfE\/view?usp=sharing\">T\u00e9l\u00e9charger les parcours S et M<\/a><\/p>\n<p><img loading=\"lazy\" decoding=\"async\" class=\"alignnone size-large wp-image-2536\" src=\"https:\/\/www.toulon-triathlon.com\/wp-content\/uploads\/2018\/04\/parcours-L-avec-noms-des-plages-1024x856.png\" alt=\"\" width=\"800\" height=\"669\" srcset=\"https:\/\/www.toulon-triathlon.com\/wp-content\/uploads\/2018\/04\/parcours-L-avec-noms-des-plages-1024x856.png 1024w, https:\/\/www.toulon-triathlon.com\/wp-content\/uploads\/2018\/04\/parcours-L-avec-noms-des-plages-300x251.png 300w, https:\/\/www.toulon-triathlon.com\/wp-content\/uploads\/2018\/04\/parcours-L-avec-noms-des-plages-768x642.png 768w, https:\/\/www.toulon-triathlon.com\/wp-content\/uploads\/2018\/04\/parcours-L-avec-noms-des-plages-148x124.png 148w, https:\/\/www.toulon-triathlon.com\/wp-content\/uploads\/2018\/04\/parcours-L-avec-noms-des-plages-31x26.png 31w, https:\/\/www.toulon-triathlon.com\/wp-content\/uploads\/2018\/04\/parcours-L-avec-noms-des-plages-38x32.png 38w, https:\/\/www.toulon-triathlon.com\/wp-content\/uploads\/2018\/04\/parcours-L-avec-noms-des-plages-257x215.png 257w\" sizes=\"auto, (max-width: 800px) 100vw, 800px\" \/><\/p>\n<div class=\"text_exposed_show\">\n<p><a href=\"https:\/\/drive.google.com\/file\/d\/1jqYD633L65MbJb_z56zxbusvM0eYT7Lv\/view?usp=sharing\">T\u00e9l\u00e9charger le parcours L<\/a><\/p>\n<\/div>\n<p><a href=\"https:\/\/drive.google.com\/open?id=17U_wpNZTH5k6Xi58lj0WQJiuJ3n9tZPw\">T\u00e9l\u00e9charger le Road Book<\/a><\/p>\n<div class=\"text_exposed_show\">\n<hr \/>\n<h1>Inscriptions<\/h1>\n<p><span class=\"text_exposed_show\">Les tarifs d&rsquo;engagement sont les suivants :<br \/>\n-S 60 \u20ac\/\u00e9quipe ou 35 \u20ac en individuel<br \/>\n-M 90 \u20ac\/\u00e9quipe ou 50 \u20ac en individuel<br \/>\n-L 140\u20ac\/\u00e9quipe<\/span><\/p>\n<\/div>\n<p>Retrait des dossards \u00e0 la Tour Royale, la veille de 16h \u00e0 18h et le matin de la course d\u00e8s 6h30<\/p>\n<div class=\"text_exposed_show\">\n<p>Amis(es) SwimRunners soyez de la f\u00eate et ayez du c\u0153ur, 5 \u20ac par participant seront pr\u00e9lev\u00e9s et vers\u00e9s au profit de la Ligue fran\u00e7aise de la scl\u00e9rose en plaques.<\/p>\n<p>Inscriptions sur : <a href=\"https:\/\/www.timingzone.com\/apps\/competitions-detail.php?id=397\" target=\"_blank\" rel=\"noopener\"><img loading=\"lazy\" decoding=\"async\" class=\"alignnone size-full wp-image-1703\" src=\"https:\/\/www.toulon-triathlon.com\/wp-content\/uploads\/2017\/01\/logo-timing-zone.png\" alt=\"\" width=\"285\" height=\"46\" srcset=\"https:\/\/www.toulon-triathlon.com\/wp-content\/uploads\/2017\/01\/logo-timing-zone.png 285w, https:\/\/www.toulon-triathlon.com\/wp-content\/uploads\/2017\/01\/logo-timing-zone-148x24.png 148w, https:\/\/www.toulon-triathlon.com\/wp-content\/uploads\/2017\/01\/logo-timing-zone-31x5.png 31w, https:\/\/www.toulon-triathlon.com\/wp-content\/uploads\/2017\/01\/logo-timing-zone-38x6.png 38w\" sizes=\"auto, (max-width: 285px) 100vw, 285px\" \/><br \/>\n<\/a><\/p>\n<p>Inscriptions par Bulletin papier :<a href=\"https:\/\/drive.google.com\/open?id=1_wVHkOxPt7eVbKNw9ShYB78fCvoNSSy9\" target=\"_blank\" rel=\"noopener\">https:\/\/drive.google.com\/open?id=1_wVHkOxPt7eVbKNw9ShYB78fCvoNSSy9<\/a><\/p>\n<hr \/>\n<h1>H\u00e9bergements<\/h1>\n<div class=\"\" data-block=\"true\" data-editor=\"foteg\" data-offset-key=\"fqj36-0-0\"><\/div>\n<div class=\"\" data-block=\"true\" data-editor=\"foteg\" data-offset-key=\"3o1fr-0-0\">\n<div class=\"_1mf _1mj\" data-offset-key=\"3o1fr-0-0\"><span data-offset-key=\"3o1fr-0-0\">Le Comit\u00e9 d&rsquo;Organisation vous sugg\u00e8re 2 solutions d&rsquo;h\u00e9bergement proches de la Tour Royale ( 5 &lsquo; en voiture ) :<\/span><\/div>\n<\/div>\n<div class=\"\" data-block=\"true\" data-editor=\"foteg\" data-offset-key=\"466c3-0-0\">\n<div class=\"_1mf _1mj\" data-offset-key=\"466c3-0-0\"><span data-offset-key=\"466c3-0-0\">\u00a0<\/span><\/div>\n<\/div>\n<div class=\"\" data-block=\"true\" data-editor=\"foteg\" data-offset-key=\"dirbq-0-0\">\n<div class=\"_1mf _1mj\" data-offset-key=\"dirbq-0-0\"><span data-offset-key=\"dirbq-0-0\">&#8211; pour une nuit paisible dans un h\u00f4tel enti\u00e8rement r\u00e9nov\u00e9, <\/span><\/div>\n<\/div>\n<div class=\"\" data-block=\"true\" data-editor=\"foteg\" data-offset-key=\"65t04-0-0\">\n<div class=\"_1mf _1mj\" data-offset-key=\"65t04-0-0\"><span data-offset-key=\"65t04-0-0\">Ibis Style Toulon Port :<\/span><\/div>\n<\/div>\n<div class=\"\" data-block=\"true\" data-editor=\"foteg\" data-offset-key=\"8dlnr-0-0\">\n<div class=\"_1mf _1mj\" data-offset-key=\"8dlnr-0-0\"><span data-offset-key=\"8dlnr-0-0\">69 \u20ac chambre 1 personne<\/span><\/div>\n<\/div>\n<div class=\"\" data-block=\"true\" data-editor=\"foteg\" data-offset-key=\"1d7oq-0-0\">\n<div class=\"_1mf _1mj\" data-offset-key=\"1d7oq-0-0\"><span data-offset-key=\"1d7oq-0-0\">petit d\u00e9jeuner inclus<\/span><\/div>\n<\/div>\n<div class=\"\" data-block=\"true\" data-editor=\"foteg\" data-offset-key=\"5gevu-0-0\">\n<div class=\"_1mf _1mj\" data-offset-key=\"5gevu-0-0\"><span data-offset-key=\"5gevu-0-0\">79 \u20ac 2 personnes <\/span><\/div>\n<\/div>\n<div class=\"\" data-block=\"true\" data-editor=\"foteg\" data-offset-key=\"7bvbk-0-0\">\n<div class=\"_1mf _1mj\" data-offset-key=\"7bvbk-0-0\"><span data-offset-key=\"7bvbk-0-0\">Pt d\u00e9jeuner inclus<\/span><\/div>\n<\/div>\n<div class=\"\" data-block=\"true\" data-editor=\"foteg\" data-offset-key=\"bmsmo-0-0\">\n<div class=\"_1mf _1mj\" data-offset-key=\"bmsmo-0-0\"><span data-offset-key=\"bmsmo-0-0\">R\u00e9servation 0498008100<\/span><\/div>\n<\/div>\n<div class=\"\" data-block=\"true\" data-editor=\"foteg\" data-offset-key=\"3jorq-0-0\">\n<div class=\"_1mf _1mj\" data-offset-key=\"3jorq-0-0\"><span data-offset-key=\"3jorq-0-0\">faire le 1 puis le 3 pour r\u00e9ception<\/span><\/div>\n<\/div>\n<div class=\"\" data-block=\"true\" data-editor=\"foteg\" data-offset-key=\"45l7j-0-0\">\n<div class=\"_1mf _1mj\" data-offset-key=\"45l7j-0-0\"><span data-offset-key=\"45l7j-0-0\">\u00a0<\/span><\/div>\n<\/div>\n<div class=\"\" data-block=\"true\" data-editor=\"foteg\" data-offset-key=\"e73uk-0-0\">\n<div class=\"_1mf _1mj\" data-offset-key=\"e73uk-0-0\"><span data-offset-key=\"e73uk-0-0\">&#8211; dans cadre magnifique face \u00e0 la mer et le Fort St Louis<\/span><\/div>\n<\/div>\n<div class=\"\" data-block=\"true\" data-editor=\"foteg\" data-offset-key=\"1vtre-0-0\">\n<div class=\"_1mf _1mj\" data-offset-key=\"1vtre-0-0\"><span data-offset-key=\"1vtre-0-0\">H\u00f4tel La Corniche \u2606\u2606\u2606\u2606<\/span><\/div>\n<\/div>\n<div class=\"\" data-block=\"true\" data-editor=\"foteg\" data-offset-key=\"kut5-0-0\">\n<div class=\"_1mf _1mj\" data-offset-key=\"kut5-0-0\"><span data-offset-key=\"kut5-0-0\">139 \u20ac confort<\/span><\/div>\n<\/div>\n<div class=\"\" data-block=\"true\" data-editor=\"foteg\" data-offset-key=\"6e24b-0-0\">\n<div class=\"_1mf _1mj\" data-offset-key=\"6e24b-0-0\"><span data-offset-key=\"6e24b-0-0\">159 \u20ac sup\u00e9rieure<\/span><\/div>\n<\/div>\n<div class=\"\" data-block=\"true\" data-editor=\"foteg\" data-offset-key=\"9bimc-0-0\">\n<div class=\"_1mf _1mj\" data-offset-key=\"9bimc-0-0\"><span data-offset-key=\"9bimc-0-0\">petit d\u00e9jeuner inclus<\/span><\/div>\n<\/div>\n<div class=\"\" data-block=\"true\" data-editor=\"foteg\" data-offset-key=\"52a74-0-0\">\n<div class=\"_1mf _1mj\" data-offset-key=\"52a74-0-0\"><span data-offset-key=\"52a74-0-0\">R\u00e9servation 0494413512 <\/span><\/div>\n<\/div>\n<div class=\"\" data-block=\"true\" data-editor=\"foteg\" data-offset-key=\"cfv0o-0-0\">\n<div class=\"_1mf _1mj\" data-offset-key=\"cfv0o-0-0\"><span data-offset-key=\"cfv0o-0-0\">Code swimrun<\/span><\/div>\n<\/div>\n<div class=\"\" data-block=\"true\" data-editor=\"foteg\" data-offset-key=\"c6av2-0-0\">\n<div class=\"_1mf _1mj\" data-offset-key=\"c6av2-0-0\"><span data-offset-key=\"c6av2-0-0\">\u00a0<\/span><\/div>\n<\/div>\n<div class=\"\" data-block=\"true\" data-editor=\"foteg\" data-offset-key=\"c65v9-0-0\">\n<div class=\"_1mf _1mj\" data-offset-key=\"c65v9-0-0\"><span data-offset-key=\"c65v9-0-0\">Cordiales et sportives salutations \u00e0 toutes et \u00e0 tous<\/span><\/div>\n<\/div>\n<\/div>\n","protected":false},"excerpt":{"rendered":"<p>R\u00e9sultats Suite \u00e0 la destruction du mat\u00e9riel informatique du chronom\u00e9treur par les intemp\u00e9ries, les r\u00e9sultats ont pu finalement \u00eatre r\u00e9cup\u00e9r\u00e9s.<\/p>\n","protected":false},"author":1,"featured_media":0,"parent":0,"menu_order":0,"comment_status":"closed","ping_status":"closed","template":"","meta":{"colormag_page_container_layout":"no_sidebar_full_width","colormag_page_sidebar_layout":"no_sidebar","_monsterinsights_skip_tracking":false,"_monsterinsights_sitenote_active":false,"_monsterinsights_sitenote_note":"","_monsterinsights_sitenote_category":0,"ngg_post_thumbnail":0,"footnotes":""},"class_list":["post-2313","page","type-page","status-publish","hentry"],"_links":{"self":[{"href":"https:\/\/www.toulon-triathlon.com\/index.php\/wp-json\/wp\/v2\/pages\/2313","targetHints":{"allow":["GET"]}}],"collection":[{"href":"https:\/\/www.toulon-triathlon.com\/index.php\/wp-json\/wp\/v2\/pages"}],"about":[{"href":"https:\/\/www.toulon-triathlon.com\/index.php\/wp-json\/wp\/v2\/types\/page"}],"author":[{"embeddable":true,"href":"https:\/\/www.toulon-triathlon.com\/index.php\/wp-json\/wp\/v2\/users\/1"}],"replies":[{"embeddable":true,"href":"https:\/\/www.toulon-triathlon.com\/index.php\/wp-json\/wp\/v2\/comments?post=2313"}],"version-history":[{"count":26,"href":"https:\/\/www.toulon-triathlon.com\/index.php\/wp-json\/wp\/v2\/pages\/2313\/revisions"}],"predecessor-version":[{"id":2567,"href":"https:\/\/www.toulon-triathlon.com\/index.php\/wp-json\/wp\/v2\/pages\/2313\/revisions\/2567"}],"wp:attachment":[{"href":"https:\/\/www.toulon-triathlon.com\/index.php\/wp-json\/wp\/v2\/media?parent=2313"}],"curies":[{"name":"wp","href":"https:\/\/api.w.org\/{rel}","templated":true}]}}