{"id":2290,"date":"2017-12-07T19:47:15","date_gmt":"2017-12-07T18:47:15","guid":{"rendered":"http:\/\/www.toulon-triathlon.com\/?page_id=2290"},"modified":"2018-02-26T17:56:22","modified_gmt":"2018-02-26T16:56:22","slug":"trail-des-amoureux-du-coudon-2018","status":"publish","type":"page","link":"https:\/\/www.toulon-triathlon.com\/index.php\/trail-des-amoureux-du-coudon-2018\/","title":{"rendered":"Trail des Amoureux du Coudon 2018"},"content":{"rendered":"<p><img loading=\"lazy\" decoding=\"async\" class=\"size-full wp-image-2335 aligncenter\" src=\"https:\/\/www.toulon-triathlon.com\/wp-content\/uploads\/2017\/12\/Affiche3.jpg\" alt=\"\" width=\"497\" height=\"703\" srcset=\"https:\/\/www.toulon-triathlon.com\/wp-content\/uploads\/2017\/12\/Affiche3.jpg 679w, https:\/\/www.toulon-triathlon.com\/wp-content\/uploads\/2017\/12\/Affiche3-212x300.jpg 212w, https:\/\/www.toulon-triathlon.com\/wp-content\/uploads\/2017\/12\/Affiche3-105x148.jpg 105w, https:\/\/www.toulon-triathlon.com\/wp-content\/uploads\/2017\/12\/Affiche3-22x31.jpg 22w, https:\/\/www.toulon-triathlon.com\/wp-content\/uploads\/2017\/12\/Affiche3-27x38.jpg 27w, https:\/\/www.toulon-triathlon.com\/wp-content\/uploads\/2017\/12\/Affiche3-152x215.jpg 152w\" sizes=\"auto, (max-width: 497px) 100vw, 497px\" \/><\/p>\n<h2>Photos<\/h2>\n<p><a href=\"https:\/\/photos.app.goo.gl\/XQIJ4k5TD6ggV2Uy1\">290 photos<\/a>, merci \u00e0 Stephane Chanel !<\/p>\n<h2>R\u00e9sultats<\/h2>\n<p>Tout est l\u00e0 : <a href=\"https:\/\/www.timingzone.com\/resultats-trail-des-amoureux-du-coudon-2018\/\">R\u00e9sultats 2018<\/a><\/p>\n<h2>Reconnaissance<\/h2>\n<p>On vous donne rendez-vous samedi 20 janvier pour un test chaussures avec <a class=\"profileLink\" href=\"https:\/\/www.facebook.com\/AltraFrance\/?fref=mentions\" data-hovercard=\"\/ajax\/hovercard\/page.php?id=628938490497802&amp;extragetparams=%7B%22fref%22%3A%22mentions%22%7D\" data-hovercard-prefer-more-content-show=\"1\">Altra Running<\/a> et la reconnaissance du parcours 15km, ainsi que d&rsquo;une partie du 30km!<\/p>\n<p>D\u00e9part \u00e0 9h de Tourris (lieu de d\u00e9part des courses) !<\/p>\n<p>A samedi <span class=\"_47e3 _5mfr\" title=\"\u00e9motic\u00f4ne smile\"><img loading=\"lazy\" decoding=\"async\" class=\"img\" role=\"presentation\" src=\"https:\/\/static.xx.fbcdn.net\/images\/emoji.php\/v9\/f4c\/1\/16\/1f642.png\" alt=\"\" width=\"16\" height=\"16\" \/><\/span><\/p>\n<h2>Parcours<\/h2>\n<ul>\n<li>\u00ab Trail LONG\u00bb en individuel ou par \u00e9quipe de 2 parcours 30 km 1500 m D+ &#8211; Limit\u00e9 \u00e0 250 participants<br \/>\nD\u00e9part 9 h00 (A partir de 18 ans et plus) <a href=\"https:\/\/drive.google.com\/open?id=1G1Y5ZfuU4aeA_W53NBbT-raW8WTCFwcv\">Parcours format google Earth<\/a><\/li>\n<\/ul>\n<p><img loading=\"lazy\" decoding=\"async\" class=\"size-full wp-image-2372 aligncenter\" src=\"https:\/\/www.toulon-triathlon.com\/wp-content\/uploads\/2018\/01\/Parcours_30km.jpg\" alt=\"\" width=\"928\" height=\"390\" srcset=\"https:\/\/www.toulon-triathlon.com\/wp-content\/uploads\/2018\/01\/Parcours_30km.jpg 928w, https:\/\/www.toulon-triathlon.com\/wp-content\/uploads\/2018\/01\/Parcours_30km-300x126.jpg 300w, https:\/\/www.toulon-triathlon.com\/wp-content\/uploads\/2018\/01\/Parcours_30km-768x323.jpg 768w, https:\/\/www.toulon-triathlon.com\/wp-content\/uploads\/2018\/01\/Parcours_30km-148x62.jpg 148w, https:\/\/www.toulon-triathlon.com\/wp-content\/uploads\/2018\/01\/Parcours_30km-31x13.jpg 31w, https:\/\/www.toulon-triathlon.com\/wp-content\/uploads\/2018\/01\/Parcours_30km-38x16.jpg 38w, https:\/\/www.toulon-triathlon.com\/wp-content\/uploads\/2018\/01\/Parcours_30km-425x179.jpg 425w\" sizes=\"auto, (max-width: 928px) 100vw, 928px\" \/><\/p>\n<ul>\n<li>\u00ab Trail COURT \u00bb en individuel ou \u00e9quipe de 2 Parcours 15 km 600 m D+ -Limit\u00e9 \u00e0 250 participants<br \/>\nD\u00e9part 10h00 (A partir de 16 ans et plus). <a href=\"https:\/\/drive.google.com\/open?id=12g9LRHbiaITZ02uO9qJsurWftxwOr7cv\" target=\"_blank\" rel=\"noopener\">Parcours format google Earth<\/a><\/li>\n<\/ul>\n<p><img loading=\"lazy\" decoding=\"async\" class=\"size-full wp-image-2373 aligncenter\" src=\"https:\/\/www.toulon-triathlon.com\/wp-content\/uploads\/2018\/01\/Parcours_15km.jpg\" alt=\"\" width=\"829\" height=\"312\" srcset=\"https:\/\/www.toulon-triathlon.com\/wp-content\/uploads\/2018\/01\/Parcours_15km.jpg 829w, https:\/\/www.toulon-triathlon.com\/wp-content\/uploads\/2018\/01\/Parcours_15km-300x113.jpg 300w, https:\/\/www.toulon-triathlon.com\/wp-content\/uploads\/2018\/01\/Parcours_15km-768x289.jpg 768w, https:\/\/www.toulon-triathlon.com\/wp-content\/uploads\/2018\/01\/Parcours_15km-148x56.jpg 148w, https:\/\/www.toulon-triathlon.com\/wp-content\/uploads\/2018\/01\/Parcours_15km-31x12.jpg 31w, https:\/\/www.toulon-triathlon.com\/wp-content\/uploads\/2018\/01\/Parcours_15km-38x14.jpg 38w, https:\/\/www.toulon-triathlon.com\/wp-content\/uploads\/2018\/01\/Parcours_15km-425x160.jpg 425w\" sizes=\"auto, (max-width: 829px) 100vw, 829px\" \/><\/p>\n<p>Lot pour tous les concurrents, repas chaud \u00e0 l&rsquo;arriv\u00e9e !<\/p>\n<h2>Inscriptions<\/h2>\n<p>Inscriptions sur :\u00a0<a href=\"http:\/\/www.timingzone.com\/apps\/competitions-detail.php?id=365\" target=\"_blank\" rel=\"noopener\"><img loading=\"lazy\" decoding=\"async\" class=\"alignnone wp-image-192\" src=\"https:\/\/www.toulon-triathlon.com\/wp-content\/uploads\/2016\/06\/logo-timing-zone.jpg\" alt=\"logo-timing-zone\" width=\"206\" height=\"37\" srcset=\"https:\/\/www.toulon-triathlon.com\/wp-content\/uploads\/2016\/06\/logo-timing-zone.jpg 189w, https:\/\/www.toulon-triathlon.com\/wp-content\/uploads\/2016\/06\/logo-timing-zone-148x27.jpg 148w, https:\/\/www.toulon-triathlon.com\/wp-content\/uploads\/2016\/06\/logo-timing-zone-31x6.jpg 31w, https:\/\/www.toulon-triathlon.com\/wp-content\/uploads\/2016\/06\/logo-timing-zone-38x7.jpg 38w\" sizes=\"auto, (max-width: 206px) 100vw, 206px\" \/><\/a>\u00a0\u00a0 , directement chez\u00a0 <img loading=\"lazy\" decoding=\"async\" class=\"alignnone wp-image-2401\" src=\"https:\/\/www.toulon-triathlon.com\/wp-content\/uploads\/2018\/02\/phpThumb_generated_thumbnailjpg-1.jpg\" alt=\"\" width=\"195\" height=\"59\" srcset=\"https:\/\/www.toulon-triathlon.com\/wp-content\/uploads\/2018\/02\/phpThumb_generated_thumbnailjpg-1.jpg 463w, https:\/\/www.toulon-triathlon.com\/wp-content\/uploads\/2018\/02\/phpThumb_generated_thumbnailjpg-1-300x91.jpg 300w, https:\/\/www.toulon-triathlon.com\/wp-content\/uploads\/2018\/02\/phpThumb_generated_thumbnailjpg-1-148x45.jpg 148w, https:\/\/www.toulon-triathlon.com\/wp-content\/uploads\/2018\/02\/phpThumb_generated_thumbnailjpg-1-31x9.jpg 31w, https:\/\/www.toulon-triathlon.com\/wp-content\/uploads\/2018\/02\/phpThumb_generated_thumbnailjpg-1-38x11.jpg 38w, https:\/\/www.toulon-triathlon.com\/wp-content\/uploads\/2018\/02\/phpThumb_generated_thumbnailjpg-1-425x129.jpg 425w\" sizes=\"auto, (max-width: 195px) 100vw, 195px\" \/> ou par courrier : <a href=\"https:\/\/www.toulon-triathlon.com\/wp-content\/uploads\/2017\/12\/bulletin-Trail-COUDON-2018_2.pdf\" target=\"_blank\" rel=\"noopener\">Bulletin \u00e0 t\u00e9l\u00e9charger<\/a><\/p>\n<p>&nbsp;<\/p>\n<h3 style=\"text-align: center;\"><\/h3>\n","protected":false},"excerpt":{"rendered":"<p>Photos 290 photos, merci \u00e0 Stephane Chanel ! R\u00e9sultats Tout est l\u00e0 : R\u00e9sultats 2018 Reconnaissance On vous donne rendez-vous<\/p>\n","protected":false},"author":1,"featured_media":2301,"parent":0,"menu_order":0,"comment_status":"closed","ping_status":"closed","template":"","meta":{"colormag_page_container_layout":"no_sidebar_content_centered","colormag_page_sidebar_layout":"no_sidebar","_monsterinsights_skip_tracking":false,"_monsterinsights_sitenote_active":false,"_monsterinsights_sitenote_note":"","_monsterinsights_sitenote_category":0,"ngg_post_thumbnail":0,"footnotes":""},"class_list":["post-2290","page","type-page","status-publish","has-post-thumbnail","hentry"],"_links":{"self":[{"href":"https:\/\/www.toulon-triathlon.com\/index.php\/wp-json\/wp\/v2\/pages\/2290","targetHints":{"allow":["GET"]}}],"collection":[{"href":"https:\/\/www.toulon-triathlon.com\/index.php\/wp-json\/wp\/v2\/pages"}],"about":[{"href":"https:\/\/www.toulon-triathlon.com\/index.php\/wp-json\/wp\/v2\/types\/page"}],"author":[{"embeddable":true,"href":"https:\/\/www.toulon-triathlon.com\/index.php\/wp-json\/wp\/v2\/users\/1"}],"replies":[{"embeddable":true,"href":"https:\/\/www.toulon-triathlon.com\/index.php\/wp-json\/wp\/v2\/comments?post=2290"}],"version-history":[{"count":18,"href":"https:\/\/www.toulon-triathlon.com\/index.php\/wp-json\/wp\/v2\/pages\/2290\/revisions"}],"predecessor-version":[{"id":2429,"href":"https:\/\/www.toulon-triathlon.com\/index.php\/wp-json\/wp\/v2\/pages\/2290\/revisions\/2429"}],"wp:featuredmedia":[{"embeddable":true,"href":"https:\/\/www.toulon-triathlon.com\/index.php\/wp-json\/wp\/v2\/media\/2301"}],"wp:attachment":[{"href":"https:\/\/www.toulon-triathlon.com\/index.php\/wp-json\/wp\/v2\/media?parent=2290"}],"curies":[{"name":"wp","href":"https:\/\/api.w.org\/{rel}","templated":true}]}}