{"id":1638,"date":"2016-12-15T14:00:15","date_gmt":"2016-12-15T13:00:15","guid":{"rendered":"http:\/\/www.toulon-triathlon.com\/?page_id=1638"},"modified":"2017-03-18T12:23:48","modified_gmt":"2017-03-18T11:23:48","slug":"trail-des-amoureux-du-coudon-2017-2","status":"publish","type":"page","link":"https:\/\/www.toulon-triathlon.com\/index.php\/trail-des-amoureux-du-coudon-2017-2\/","title":{"rendered":"Trail des Amoureux du Coudon 2017"},"content":{"rendered":"<h2 style=\"text-align: left;\">Photos:<\/h2>\n<p><a href=\"https:\/\/goo.gl\/photos\/QVqfQ3pDPHcAxbhP6\" target=\"_blank\">Album Ravito<\/a><\/p>\n<p><a href=\"https:\/\/goo.gl\/photos\/x4iuerWVs776shaw5\" target=\"_blank\">Album Arriv\u00e9e<\/a><\/p>\n<p><a href=\"https:\/\/goo.gl\/photos\/tgMkaJufBR5JCh6h9\" target=\"_blank\">Album 30km<\/a><\/p>\n<p><a href=\"https:\/\/goo.gl\/photos\/2FmfrYHRvGDG3dEdA\" target=\"_blank\">Album 15km<\/a><\/p>\n<p><a href=\"https:\/\/goo.gl\/photos\/MwsyWciGtW1WrbyN9\" target=\"_blank\">Album du 30km de Christian M.<\/a><\/p>\n<p><a href=\"https:\/\/goo.gl\/photos\/bqBUBUYQ7g5rbt76A\">Album du 30km de St\u00e9phane Chanel<\/a><\/p>\n<p><a href=\"https:\/\/goo.gl\/photos\/3z3sfDu8MJSWch7s8\" target=\"_blank\">Album de Thierry Jouanin des 2 parcours<\/a><\/p>\n<p>&nbsp;<\/p>\n<h2>R\u00e9sultats:<\/h2>\n<p>Vous pouvez les consulter en ligne :<\/p>\n<p><a href=\"http:\/\/www.timingzone.com\/resultats-trail-du-coudon-2017\/\">http:\/\/www.timingzone.com\/resultats-trail-du-coudon-2017\/<\/a><\/p>\n<h1 style=\"text-align: center;\"><span style=\"color: #00ccff;\">Dimanche 26 F\u00e9vrier 2017<\/span><\/h1>\n<h3><img loading=\"lazy\" decoding=\"async\" class=\"wp-image-1652 aligncenter\" src=\"https:\/\/www.toulon-triathlon.com\/wp-content\/uploads\/2016\/12\/Affiche-trail-d\u00e9finitive.gif\" alt=\"affiche-trail-definitive\" width=\"442\" height=\"641\" \/><\/h3>\n<h2>Les parcours :<\/h2>\n<p><a href=\"https:\/\/drive.google.com\/file\/d\/0B6Hc3j6kB3YWSlczNXJadUlpQkU\/view?usp=sharing\">Trace GPS<\/a>\u00a0(cliquer puis t\u00e9l\u00e9charger avec l&rsquo;icone en haut \u00e0 droite)<\/p>\n<p><strong>Parcours court 17km et 800m D+ :<\/strong><\/p>\n<p>Profil relativement grimpant jusqu&rsquo;au point culminant le Mont Coudon au km14 \u00e0 650m d&rsquo;altitude avant la descente finale !<\/p>\n<p><img loading=\"lazy\" decoding=\"async\" class=\"alignnone size-full wp-image-1643\" src=\"https:\/\/www.toulon-triathlon.com\/wp-content\/uploads\/2016\/12\/Parcours_court.jpg\" alt=\"parcours_court\" width=\"1280\" height=\"720\" srcset=\"https:\/\/www.toulon-triathlon.com\/wp-content\/uploads\/2016\/12\/Parcours_court.jpg 1280w, https:\/\/www.toulon-triathlon.com\/wp-content\/uploads\/2016\/12\/Parcours_court-300x169.jpg 300w, https:\/\/www.toulon-triathlon.com\/wp-content\/uploads\/2016\/12\/Parcours_court-768x432.jpg 768w, https:\/\/www.toulon-triathlon.com\/wp-content\/uploads\/2016\/12\/Parcours_court-1024x576.jpg 1024w, https:\/\/www.toulon-triathlon.com\/wp-content\/uploads\/2016\/12\/Parcours_court-148x83.jpg 148w, https:\/\/www.toulon-triathlon.com\/wp-content\/uploads\/2016\/12\/Parcours_court-31x17.jpg 31w, https:\/\/www.toulon-triathlon.com\/wp-content\/uploads\/2016\/12\/Parcours_court-38x21.jpg 38w, https:\/\/www.toulon-triathlon.com\/wp-content\/uploads\/2016\/12\/Parcours_court-382x215.jpg 382w\" sizes=\"auto, (max-width: 1280px) 100vw, 1280px\" \/><br \/>\n<strong>Parcours long 30km et 1500m D+ :<\/strong><\/p>\n<p><a href=\"https:\/\/drive.google.com\/file\/d\/0B6Hc3j6kB3YWNHB1WkYwcVRfa3c\/view?usp=sharing\">Trace GPS<\/a>\u00a0(cliquer puis t\u00e9l\u00e9charger avec l&rsquo;icone en haut \u00e0 droite)<\/p>\n<p>Profil exigeant techniquement pour les mont\u00e9es et les descentes. Longue mont\u00e9e du km 6 au km\u00a011 jusqu&rsquo;\u00e0 la pyramide de Cassigny \u00e0 775m d&rsquo;altitude puis un peu de r\u00e9pis \u00ab\u00a0relatif\u00a0\u00bb avant d&rsquo;attaquer le Mont Coudon puis\u00a0la descente finale !<img loading=\"lazy\" decoding=\"async\" class=\"alignnone size-full wp-image-1644\" src=\"https:\/\/www.toulon-triathlon.com\/wp-content\/uploads\/2016\/12\/Parcours_long.jpg\" alt=\"parcours_long\" width=\"1280\" height=\"720\" srcset=\"https:\/\/www.toulon-triathlon.com\/wp-content\/uploads\/2016\/12\/Parcours_long.jpg 1280w, https:\/\/www.toulon-triathlon.com\/wp-content\/uploads\/2016\/12\/Parcours_long-300x169.jpg 300w, https:\/\/www.toulon-triathlon.com\/wp-content\/uploads\/2016\/12\/Parcours_long-768x432.jpg 768w, https:\/\/www.toulon-triathlon.com\/wp-content\/uploads\/2016\/12\/Parcours_long-1024x576.jpg 1024w, https:\/\/www.toulon-triathlon.com\/wp-content\/uploads\/2016\/12\/Parcours_long-148x83.jpg 148w, https:\/\/www.toulon-triathlon.com\/wp-content\/uploads\/2016\/12\/Parcours_long-31x17.jpg 31w, https:\/\/www.toulon-triathlon.com\/wp-content\/uploads\/2016\/12\/Parcours_long-38x21.jpg 38w, https:\/\/www.toulon-triathlon.com\/wp-content\/uploads\/2016\/12\/Parcours_long-382x215.jpg 382w\" sizes=\"auto, (max-width: 1280px) 100vw, 1280px\" \/><\/p>\n<h2>Horaire des d\u00e9parts:<\/h2>\n<ul>\n<li>9h00 Trail Long de 27km et 1500 D+ (44\u20ac l&rsquo;\u00e9quipe ou 28\u20ac en individuel, +5\u20ac le jour de la course)<\/li>\n<li>10H00 Trail Court de 17km et 800 D+ (22\u20ac l&rsquo;\u00e9quipe ou 14\u20ac en individuel,\u00a0+5\u20ac le jour de la course)<\/li>\n<\/ul>\n<p>Lot pour tous les concurrents, repas chaud \u00e0 l&rsquo;arriv\u00e9e !<\/p>\n<p>Inscriptions sur :\u00a0<a href=\"http:\/\/www.timingzone.com\/apps\/competitions-detail.php?id=292\"><img loading=\"lazy\" decoding=\"async\" class=\"alignnone wp-image-192\" src=\"https:\/\/www.toulon-triathlon.com\/wp-content\/uploads\/2016\/06\/logo-timing-zone.jpg\" alt=\"logo-timing-zone\" width=\"206\" height=\"37\" srcset=\"https:\/\/www.toulon-triathlon.com\/wp-content\/uploads\/2016\/06\/logo-timing-zone.jpg 189w, https:\/\/www.toulon-triathlon.com\/wp-content\/uploads\/2016\/06\/logo-timing-zone-148x27.jpg 148w, https:\/\/www.toulon-triathlon.com\/wp-content\/uploads\/2016\/06\/logo-timing-zone-31x6.jpg 31w, https:\/\/www.toulon-triathlon.com\/wp-content\/uploads\/2016\/06\/logo-timing-zone-38x7.jpg 38w\" sizes=\"auto, (max-width: 206px) 100vw, 206px\" \/><\/a><\/p>\n<p>&nbsp;<\/p>\n","protected":false},"excerpt":{"rendered":"<p>Photos: Album Ravito Album Arriv\u00e9e Album 30km Album 15km Album du 30km de Christian M. Album du 30km de St\u00e9phane<\/p>\n","protected":false},"author":1,"featured_media":0,"parent":0,"menu_order":0,"comment_status":"closed","ping_status":"closed","template":"","meta":{"colormag_page_container_layout":"no_sidebar_full_width","colormag_page_sidebar_layout":"no_sidebar","_monsterinsights_skip_tracking":false,"_monsterinsights_sitenote_active":false,"_monsterinsights_sitenote_note":"","_monsterinsights_sitenote_category":0,"ngg_post_thumbnail":0,"footnotes":""},"class_list":["post-1638","page","type-page","status-publish","hentry"],"_links":{"self":[{"href":"https:\/\/www.toulon-triathlon.com\/index.php\/wp-json\/wp\/v2\/pages\/1638","targetHints":{"allow":["GET"]}}],"collection":[{"href":"https:\/\/www.toulon-triathlon.com\/index.php\/wp-json\/wp\/v2\/pages"}],"about":[{"href":"https:\/\/www.toulon-triathlon.com\/index.php\/wp-json\/wp\/v2\/types\/page"}],"author":[{"embeddable":true,"href":"https:\/\/www.toulon-triathlon.com\/index.php\/wp-json\/wp\/v2\/users\/1"}],"replies":[{"embeddable":true,"href":"https:\/\/www.toulon-triathlon.com\/index.php\/wp-json\/wp\/v2\/comments?post=1638"}],"version-history":[{"count":19,"href":"https:\/\/www.toulon-triathlon.com\/index.php\/wp-json\/wp\/v2\/pages\/1638\/revisions"}],"predecessor-version":[{"id":1847,"href":"https:\/\/www.toulon-triathlon.com\/index.php\/wp-json\/wp\/v2\/pages\/1638\/revisions\/1847"}],"wp:attachment":[{"href":"https:\/\/www.toulon-triathlon.com\/index.php\/wp-json\/wp\/v2\/media?parent=1638"}],"curies":[{"name":"wp","href":"https:\/\/api.w.org\/{rel}","templated":true}]}}