{"id":1510,"date":"2016-10-28T11:51:50","date_gmt":"2016-10-28T09:51:50","guid":{"rendered":"http:\/\/www.toulon-triathlon.com\/?page_id=1510"},"modified":"2018-10-01T21:03:19","modified_gmt":"2018-10-01T19:03:19","slug":"partie-privee","status":"publish","type":"page","link":"https:\/\/www.toulon-triathlon.com\/index.php\/partie-privee\/","title":{"rendered":"Partie priv\u00e9e"},"content":{"rendered":"<p>Cette section est r\u00e9serv\u00e9e aux adh\u00e9rents du club, elle int\u00e8gre:<\/p>\n<ul>\n<li>petites annonces,<\/li>\n<li>des plans d\u2019entra\u00eenements,<\/li>\n<li>le trombinoscope,<\/li>\n<li>les documents entraineurs,<\/li>\n<li>les compte-rendus des r\u00e9unions<\/li>\n<li>le kikourou,<\/li>\n<li>pleins d&rsquo;autres documents sur notre sport !<\/li>\n<\/ul>\n<p>Le mot de passe est fourni par le club en d\u00e9but de saison.<\/p>\n","protected":false},"excerpt":{"rendered":"<p>Cette section est r\u00e9serv\u00e9e aux adh\u00e9rents du club, elle int\u00e8gre: petites annonces, des plans d\u2019entra\u00eenements, le trombinoscope, les documents entraineurs,<\/p>\n","protected":false},"author":1,"featured_media":0,"parent":0,"menu_order":0,"comment_status":"closed","ping_status":"closed","template":"","meta":{"colormag_page_container_layout":"default_layout","colormag_page_sidebar_layout":"default_layout","_monsterinsights_skip_tracking":false,"_monsterinsights_sitenote_active":false,"_monsterinsights_sitenote_note":"","_monsterinsights_sitenote_category":0,"ngg_post_thumbnail":0,"footnotes":""},"class_list":["post-1510","page","type-page","status-publish","hentry"],"_links":{"self":[{"href":"https:\/\/www.toulon-triathlon.com\/index.php\/wp-json\/wp\/v2\/pages\/1510","targetHints":{"allow":["GET"]}}],"collection":[{"href":"https:\/\/www.toulon-triathlon.com\/index.php\/wp-json\/wp\/v2\/pages"}],"about":[{"href":"https:\/\/www.toulon-triathlon.com\/index.php\/wp-json\/wp\/v2\/types\/page"}],"author":[{"embeddable":true,"href":"https:\/\/www.toulon-triathlon.com\/index.php\/wp-json\/wp\/v2\/users\/1"}],"replies":[{"embeddable":true,"href":"https:\/\/www.toulon-triathlon.com\/index.php\/wp-json\/wp\/v2\/comments?post=1510"}],"version-history":[{"count":5,"href":"https:\/\/www.toulon-triathlon.com\/index.php\/wp-json\/wp\/v2\/pages\/1510\/revisions"}],"predecessor-version":[{"id":2834,"href":"https:\/\/www.toulon-triathlon.com\/index.php\/wp-json\/wp\/v2\/pages\/1510\/revisions\/2834"}],"wp:attachment":[{"href":"https:\/\/www.toulon-triathlon.com\/index.php\/wp-json\/wp\/v2\/media?parent=1510"}],"curies":[{"name":"wp","href":"https:\/\/api.w.org\/{rel}","templated":true}]}}